{"id":27377,"date":"2017-08-30T11:12:11","date_gmt":"2017-08-30T10:12:11","guid":{"rendered":"https:\/\/kendov-dvorec.com\/restaurant\/"},"modified":"2026-03-25T20:37:35","modified_gmt":"2026-03-25T20:37:35","slug":"restaurant","status":"publish","type":"page","link":"https:\/\/kendov-dvorec.com\/fr\/restaurant\/","title":{"rendered":"Restaurant"},"content":{"rendered":"\t\t<div data-elementor-type=\"wp-page\" data-elementor-id=\"27377\" class=\"elementor elementor-27377\" data-elementor-post-type=\"page\">\n\t\t\t\t<div class=\"elementor-element elementor-element-6cd6a9b e-flex e-con-boxed e-con e-parent\" data-id=\"6cd6a9b\" data-element_type=\"container\" data-e-type=\"container\" data-settings=\"{&quot;background_background&quot;:&quot;classic&quot;}\">\n\t\t\t\t\t<div class=\"e-con-inner\">\n\t\t\t\t\t<\/div>\n\t\t\t\t<\/div>\n\t\t<div class=\"elementor-element elementor-element-b847f1e e-flex e-con-boxed e-con e-parent\" data-id=\"b847f1e\" data-element_type=\"container\" data-e-type=\"container\">\n\t\t\t\t\t<div class=\"e-con-inner\">\n\t\t<div class=\"elementor-element elementor-element-ba83774 e-con-full e-flex e-con e-child\" data-id=\"ba83774\" data-element_type=\"container\" data-e-type=\"container\">\n\t\t\t\t<div class=\"elementor-element elementor-element-dcaa105 elementor-widget elementor-widget-heading\" data-id=\"dcaa105\" data-element_type=\"widget\" data-e-type=\"widget\" data-widget_type=\"heading.default\">\n\t\t\t\t<div class=\"elementor-widget-container\">\n\t\t\t\t\t<h3 class=\"elementor-heading-title elementor-size-default\">KULINARIKA<\/h3>\t\t\t\t<\/div>\n\t\t\t\t<\/div>\n\t\t\t\t<div class=\"elementor-element elementor-element-fc414e5 elementor-widget elementor-widget-heading\" data-id=\"fc414e5\" data-element_type=\"widget\" data-e-type=\"widget\" data-widget_type=\"heading.default\">\n\t\t\t\t<div class=\"elementor-widget-container\">\n\t\t\t\t\t<h1 class=\"elementor-heading-title elementor-size-default\">LA CUISINE DE KENDA<\/h1>\t\t\t\t<\/div>\n\t\t\t\t<\/div>\n\t\t\t\t<div class=\"elementor-element elementor-element-75692e2 elementor-widget elementor-widget-heading\" data-id=\"75692e2\" data-element_type=\"widget\" data-e-type=\"widget\" data-widget_type=\"heading.default\">\n\t\t\t\t<div class=\"elementor-widget-container\">\n\t\t\t\t\t<h3 class=\"elementor-heading-title elementor-size-default\">La cuisine de Kenda est de la po\u00e9sie \u2013 originale et sophistiqu\u00e9e.<\/h3>\t\t\t\t<\/div>\n\t\t\t\t<\/div>\n\t\t\t\t<div class=\"elementor-element elementor-element-882e842 elementor-widget elementor-widget-text-editor\" data-id=\"882e842\" data-element_type=\"widget\" data-e-type=\"widget\" data-widget_type=\"text-editor.default\">\n\t\t\t\t<div class=\"elementor-widget-container\">\n\t\t\t\t\t\t\t\t\t<p>Dans la cuisine de Kendov Dvorec, nous cuisinons des plats pr\u00e9par\u00e9s selon des recettes anciennes, \u00e0 partir d\u2019ingr\u00e9dients d\u2019origine locale. Les menus de la maison changent donc en fonction de la saison. \u201c\u017dlikrofi, bakalca, bati, ajmoht, \u0161truklji\u201d\u2013 des sp\u00e9cialit\u00e9s red\u00e9couvertes de la cuisine d\u2019Idrija qui refl\u00e8tent des si\u00e8cles de tradition.  <\/p>\t\t\t\t\t\t\t\t<\/div>\n\t\t\t\t<\/div>\n\t\t\t\t<div class=\"elementor-element elementor-element-8c00a87 elementor-align-left elementor-widget elementor-widget-button\" data-id=\"8c00a87\" data-element_type=\"widget\" data-e-type=\"widget\" data-widget_type=\"button.default\">\n\t\t\t\t<div class=\"elementor-widget-container\">\n\t\t\t\t\t\t\t\t\t<div class=\"elementor-button-wrapper\">\n\t\t\t\t\t<a class=\"elementor-button elementor-button-link elementor-size-sm\" href=\"mailto:info@kendov-dvorec.com\">\n\t\t\t\t\t\t<span class=\"elementor-button-content-wrapper\">\n\t\t\t\t\t\t\t\t\t<span class=\"elementor-button-text\">R\u00c9SERVEZ LE LE D\u00ceNER<\/span>\n\t\t\t\t\t<\/span>\n\t\t\t\t\t<\/a>\n\t\t\t\t<\/div>\n\t\t\t\t\t\t\t\t<\/div>\n\t\t\t\t<\/div>\n\t\t\t\t<div class=\"elementor-element elementor-element-2b3aeeb elementor-widget elementor-widget-heading\" data-id=\"2b3aeeb\" data-element_type=\"widget\" data-e-type=\"widget\" data-widget_type=\"heading.default\">\n\t\t\t\t<div class=\"elementor-widget-container\">\n\t\t\t\t\t<h3 class=\"elementor-heading-title elementor-size-default\">SAVEURS ORIGINALES<\/h3>\t\t\t\t<\/div>\n\t\t\t\t<\/div>\n\t\t\t\t<div class=\"elementor-element elementor-element-af1dc55 elementor-widget-divider--view-line elementor-widget elementor-widget-divider\" data-id=\"af1dc55\" data-element_type=\"widget\" data-e-type=\"widget\" data-widget_type=\"divider.default\">\n\t\t\t\t<div class=\"elementor-widget-container\">\n\t\t\t\t\t\t\t<div class=\"elementor-divider\">\n\t\t\t<span class=\"elementor-divider-separator\">\n\t\t\t\t\t\t<\/span>\n\t\t<\/div>\n\t\t\t\t\t\t<\/div>\n\t\t\t\t<\/div>\n\t\t\t\t<\/div>\n\t\t<div class=\"elementor-element elementor-element-a1a612e e-con-full e-flex e-con e-child\" data-id=\"a1a612e\" data-element_type=\"container\" data-e-type=\"container\">\n\t\t\t\t<div class=\"elementor-element elementor-element-16ec982 elementor-widget elementor-widget-heading\" data-id=\"16ec982\" data-element_type=\"widget\" data-e-type=\"widget\" data-widget_type=\"heading.default\">\n\t\t\t\t<div class=\"elementor-widget-container\">\n\t\t\t\t\t<h3 class=\"elementor-heading-title elementor-size-default\">HEURES D\u2019OUVERTURE DU RESTAURANT<\/h3>\t\t\t\t<\/div>\n\t\t\t\t<\/div>\n\t\t\t\t<div class=\"elementor-element elementor-element-87909f3 elementor-widget elementor-widget-text-editor\" data-id=\"87909f3\" data-element_type=\"widget\" data-e-type=\"widget\" data-widget_type=\"text-editor.default\">\n\t\t\t\t<div class=\"elementor-widget-container\">\n\t\t\t\t\t\t\t\t\t<p>DINER<br>Tous les soirs : 19.00 &#8211; 21.00<br>(derni\u00e8re commande \u00e0 20.30)<\/p>\t\t\t\t\t\t\t\t<\/div>\n\t\t\t\t<\/div>\n\t\t\t\t<div class=\"elementor-element elementor-element-a6a77da elementor-widget elementor-widget-text-editor\" data-id=\"a6a77da\" data-element_type=\"widget\" data-e-type=\"widget\" data-widget_type=\"text-editor.default\">\n\t\t\t\t<div class=\"elementor-widget-container\">\n\t\t\t\t\t\t\t\t\t<p>Chaque soir, vous avez le choix entre deux menus \u00e0 cinq plats et un accueil de la cuisine \u2013 le menu de poisson de <strong>Katarina et le menu<\/strong> <strong>de viande de Jakob<\/strong> \u2013 ou des assiettes individuelles de notre menu \u00e0 la carte. Nous changeons les menus quotidiennement. <\/p><p>Menu :<strong> 76 \u20ac<\/strong><br>Menu des vins : <strong>118 \u20ac<\/strong><br>Assiettes individuelles : <strong>8-28 \u20ac<\/strong><\/p><p>Les clients de l&rsquo;h\u00f4tel et <strong>tous les amateurs de bonne cuisine<\/strong> sont les bienvenus au restaurant Kendova dvorka.<\/p><p>Les d\u00e9jeuners et les d\u00eeners doivent \u00eatre r\u00e9serv\u00e9s \u00e0 l&rsquo;avance au <strong>T : 05 37 25 100<\/strong> ou<br><a href=\"mailto:info@kendov-dvorec.com\"><strong>E : info@kendov-dvorec.com.<\/strong><\/a><\/p><p>Veuillez nous informer \u00e0 l\u2019avance de toute restriction ou allergie alimentaire.<\/p>\t\t\t\t\t\t\t\t<\/div>\n\t\t\t\t<\/div>\n\t\t\t\t<\/div>\n\t\t\t\t\t<\/div>\n\t\t\t\t<\/div>\n\t\t<div class=\"elementor-element elementor-element-3f6d9df e-flex e-con-boxed e-con e-parent\" data-id=\"3f6d9df\" data-element_type=\"container\" data-e-type=\"container\">\n\t\t\t\t\t<div class=\"e-con-inner\">\n\t\t<div class=\"elementor-element elementor-element-814a57a e-con-full e-flex e-con e-child\" data-id=\"814a57a\" data-element_type=\"container\" data-e-type=\"container\">\n\t\t<div class=\"elementor-element elementor-element-3dfd922 e-con-full e-flex e-con e-child\" data-id=\"3dfd922\" data-element_type=\"container\" data-e-type=\"container\">\n\t\t<div class=\"elementor-element elementor-element-6303632 e-con-full e-flex e-con e-child\" data-id=\"6303632\" data-element_type=\"container\" data-e-type=\"container\">\n\t\t\t\t<div class=\"elementor-element elementor-element-2ddbaf7 elementor-widget elementor-widget-heading\" data-id=\"2ddbaf7\" data-element_type=\"widget\" data-e-type=\"widget\" data-widget_type=\"heading.default\">\n\t\t\t\t<div class=\"elementor-widget-container\">\n\t\t\t\t\t<h1 class=\"elementor-heading-title elementor-size-default\">CHEFS<\/h1>\t\t\t\t<\/div>\n\t\t\t\t<\/div>\n\t\t\t\t<div class=\"elementor-element elementor-element-e328ff9 elementor-widget elementor-widget-heading\" data-id=\"e328ff9\" data-element_type=\"widget\" data-e-type=\"widget\" data-widget_type=\"heading.default\">\n\t\t\t\t<div class=\"elementor-widget-container\">\n\t\t\t\t\t<h3 class=\"elementor-heading-title elementor-size-default\">La cuisine d\u2019Idrija red\u00e9couverte.<\/h3>\t\t\t\t<\/div>\n\t\t\t\t<\/div>\n\t\t\t\t<div class=\"elementor-element elementor-element-238d0ee elementor-widget elementor-widget-text-editor\" data-id=\"238d0ee\" data-element_type=\"widget\" data-e-type=\"widget\" data-widget_type=\"text-editor.default\">\n\t\t\t\t<div class=\"elementor-widget-container\">\n\t\t\t\t\t\t\t\t\t<p>Les cuisiniers de Kendov Dvorec pr\u00e9parent des plats anciens issus de la riche tradition culinaire d\u2019Idrija. Ils ajoutent une touche d\u2019inspiration moderne aux recettes traditionnelles, qui n\u00e9cessitent beaucoup de savoir-faire et d\u2019exp\u00e9rience. Le r\u00e9sultat final ressemble et a le go\u00fbt d\u2019un chef-d\u2019\u0153uvre. <\/p>\t\t\t\t\t\t\t\t<\/div>\n\t\t\t\t<\/div>\n\t\t\t\t<\/div>\n\t\t<div class=\"elementor-element elementor-element-c15ffcc e-con-full e-flex e-con e-child\" data-id=\"c15ffcc\" data-element_type=\"container\" data-e-type=\"container\">\n\t\t\t\t<div class=\"elementor-element elementor-element-270f2eb elementor-widget elementor-widget-image\" data-id=\"270f2eb\" data-element_type=\"widget\" data-e-type=\"widget\" data-widget_type=\"image.default\">\n\t\t\t\t<div class=\"elementor-widget-container\">\n\t\t\t\t\t\t\t\t\t\t\t\t\t\t\t<img fetchpriority=\"high\" decoding=\"async\" width=\"600\" height=\"800\" src=\"https:\/\/kendov-dvorec.com\/wp-content\/uploads\/images\/Klavdij2.jpg\" class=\"attachment-large size-large wp-image-3355\" alt=\"\" \/>\t\t\t\t\t\t\t\t\t\t\t\t\t\t\t<\/div>\n\t\t\t\t<\/div>\n\t\t\t\t<div class=\"elementor-element elementor-element-e634c05 elementor-widget elementor-widget-text-editor\" data-id=\"e634c05\" data-element_type=\"widget\" data-e-type=\"widget\" data-widget_type=\"text-editor.default\">\n\t\t\t\t<div class=\"elementor-widget-container\">\n\t\t\t\t\t\t\t\t\t<p>Klavdij Pirih<\/p>\t\t\t\t\t\t\t\t<\/div>\n\t\t\t\t<\/div>\n\t\t\t\t<\/div>\n\t\t<div class=\"elementor-element elementor-element-56f4235 e-con-full e-flex e-con e-child\" data-id=\"56f4235\" data-element_type=\"container\" data-e-type=\"container\">\n\t\t\t\t<div class=\"elementor-element elementor-element-cbe1cd5 elementor-widget elementor-widget-image\" data-id=\"cbe1cd5\" data-element_type=\"widget\" data-e-type=\"widget\" data-widget_type=\"image.default\">\n\t\t\t\t<div class=\"elementor-widget-container\">\n\t\t\t\t\t\t\t\t\t\t\t\t\t\t\t<img decoding=\"async\" width=\"600\" height=\"800\" src=\"https:\/\/kendov-dvorec.com\/wp-content\/uploads\/images\/Frane2.jpg\" class=\"attachment-large size-large wp-image-1185\" alt=\"\" \/>\t\t\t\t\t\t\t\t\t\t\t\t\t\t\t<\/div>\n\t\t\t\t<\/div>\n\t\t\t\t<div class=\"elementor-element elementor-element-7123ee0 elementor-widget elementor-widget-text-editor\" data-id=\"7123ee0\" data-element_type=\"widget\" data-e-type=\"widget\" data-widget_type=\"text-editor.default\">\n\t\t\t\t<div class=\"elementor-widget-container\">\n\t\t\t\t\t\t\t\t\t<p>Franci Pivk<\/p>\t\t\t\t\t\t\t\t<\/div>\n\t\t\t\t<\/div>\n\t\t\t\t<\/div>\n\t\t\t\t<\/div>\n\t\t\t\t<\/div>\n\t\t\t\t\t<\/div>\n\t\t\t\t<\/div>\n\t\t<div class=\"elementor-element elementor-element-47213b7 e-flex e-con-boxed e-con e-parent\" data-id=\"47213b7\" data-element_type=\"container\" data-e-type=\"container\">\n\t\t\t\t\t<div class=\"e-con-inner\">\n\t\t\t\t<div class=\"elementor-element elementor-element-cc6c907 elementor-widget elementor-widget-heading\" data-id=\"cc6c907\" data-element_type=\"widget\" data-e-type=\"widget\" data-widget_type=\"heading.default\">\n\t\t\t\t<div class=\"elementor-widget-container\">\n\t\t\t\t\t<h2 class=\"elementor-heading-title elementor-size-default\">CHEFS<\/h2>\t\t\t\t<\/div>\n\t\t\t\t<\/div>\n\t\t\t\t<div class=\"elementor-element elementor-element-5b1190b elementor-widget elementor-widget-image\" data-id=\"5b1190b\" data-element_type=\"widget\" data-e-type=\"widget\" data-widget_type=\"image.default\">\n\t\t\t\t<div class=\"elementor-widget-container\">\n\t\t\t\t\t\t\t\t\t\t\t\t\t\t\t<img decoding=\"async\" width=\"800\" height=\"683\" src=\"https:\/\/kendov-dvorec.com\/wp-content\/uploads\/images\/kuharji.jpg\" class=\"attachment-large size-large wp-image-5085\" alt=\"\" \/>\t\t\t\t\t\t\t\t\t\t\t\t\t\t\t<\/div>\n\t\t\t\t<\/div>\n\t\t\t\t<div class=\"elementor-element elementor-element-9a27166 e-transform elementor-widget-divider--view-line elementor-widget elementor-widget-divider\" data-id=\"9a27166\" data-element_type=\"widget\" data-e-type=\"widget\" data-settings=\"{&quot;_transform_rotateZ_effect&quot;:{&quot;unit&quot;:&quot;px&quot;,&quot;size&quot;:&quot;&quot;,&quot;sizes&quot;:[]},&quot;_transform_rotateZ_effect_tablet&quot;:{&quot;unit&quot;:&quot;deg&quot;,&quot;size&quot;:&quot;&quot;,&quot;sizes&quot;:[]},&quot;_transform_rotateZ_effect_mobile&quot;:{&quot;unit&quot;:&quot;deg&quot;,&quot;size&quot;:&quot;&quot;,&quot;sizes&quot;:[]}}\" data-widget_type=\"divider.default\">\n\t\t\t\t<div class=\"elementor-widget-container\">\n\t\t\t\t\t\t\t<div class=\"elementor-divider\">\n\t\t\t<span class=\"elementor-divider-separator\">\n\t\t\t\t\t\t<\/span>\n\t\t<\/div>\n\t\t\t\t\t\t<\/div>\n\t\t\t\t<\/div>\n\t\t\t\t\t<\/div>\n\t\t\t\t<\/div>\n\t\t<div class=\"elementor-element elementor-element-94dee27 e-flex e-con-boxed e-con e-parent\" data-id=\"94dee27\" data-element_type=\"container\" data-e-type=\"container\">\n\t\t\t\t\t<div class=\"e-con-inner\">\n\t\t<div class=\"elementor-element elementor-element-4267a67 e-con-full e-flex e-con e-child\" data-id=\"4267a67\" data-element_type=\"container\" data-e-type=\"container\">\n\t\t\t\t<div class=\"elementor-element elementor-element-315b2dc elementor-widget elementor-widget-image\" data-id=\"315b2dc\" data-element_type=\"widget\" data-e-type=\"widget\" data-widget_type=\"image.default\">\n\t\t\t\t<div class=\"elementor-widget-container\">\n\t\t\t\t\t\t\t\t\t\t\t\t\t\t\t<img loading=\"lazy\" decoding=\"async\" width=\"800\" height=\"534\" src=\"https:\/\/kendov-dvorec.com\/wp-content\/uploads\/images\/kendov_dvorec_dobavitelji.jpg\" class=\"attachment-large size-large wp-image-4995\" alt=\"\" \/>\t\t\t\t\t\t\t\t\t\t\t\t\t\t\t<\/div>\n\t\t\t\t<\/div>\n\t\t\t\t<\/div>\n\t\t<div class=\"elementor-element elementor-element-cd958e3 e-con-full e-flex e-con e-child\" data-id=\"cd958e3\" data-element_type=\"container\" data-e-type=\"container\">\n\t\t\t\t<div class=\"elementor-element elementor-element-de4dcb4 elementor-widget elementor-widget-heading\" data-id=\"de4dcb4\" data-element_type=\"widget\" data-e-type=\"widget\" data-widget_type=\"heading.default\">\n\t\t\t\t<div class=\"elementor-widget-container\">\n\t\t\t\t\t<h1 class=\"elementor-heading-title elementor-size-default\">De la nature<\/h1>\t\t\t\t<\/div>\n\t\t\t\t<\/div>\n\t\t\t\t<div class=\"elementor-element elementor-element-9d59c07 elementor-widget elementor-widget-heading\" data-id=\"9d59c07\" data-element_type=\"widget\" data-e-type=\"widget\" data-widget_type=\"heading.default\">\n\t\t\t\t<div class=\"elementor-widget-container\">\n\t\t\t\t\t<h3 class=\"elementor-heading-title elementor-size-default\">Frais et d\u2019origine locale.<\/h3>\t\t\t\t<\/div>\n\t\t\t\t<\/div>\n\t\t\t\t<div class=\"elementor-element elementor-element-55ff47e elementor-widget elementor-widget-text-editor\" data-id=\"55ff47e\" data-element_type=\"widget\" data-e-type=\"widget\" data-widget_type=\"text-editor.default\">\n\t\t\t\t<div class=\"elementor-widget-container\">\n\t\t\t\t\t\t\t\t\t<p style=\"text-align: left;\">La plupart des ingr\u00e9dients de notre cuisine proviennent de la r\u00e9gion environnante. Les pommes de terre, les betteraves rouges, le chou, les choux de Bruxelles et les carottes poussent dans les jardins du village montagneux voisin de Ledine. Le caill\u00e9 frais provient de la vall\u00e9e de Poljane, les viandes pour les mets contenant de la venaison, de l\u2019agneau et du b\u0153uf sont d\u2019Idrija et de Cerkljansko, tandis que la truite provient de la rivi\u00e8re Trebu\u0161\u010dica. Les pommes pour la tarte aux pommes faite maison sont cueillies devant le Kendov Dvorec. Nous offrons \u00e0 nos clients le meilleur de ce que la nature locale nous offre.    <\/p>\t\t\t\t\t\t\t\t<\/div>\n\t\t\t\t<\/div>\n\t\t\t\t<\/div>\n\t\t\t\t\t<\/div>\n\t\t\t\t<\/div>\n\t\t<div class=\"elementor-element elementor-element-ace8cc4 e-flex e-con-boxed e-con e-parent\" data-id=\"ace8cc4\" data-element_type=\"container\" data-e-type=\"container\">\n\t\t\t\t\t<div class=\"e-con-inner\">\n\t\t\t\t<div class=\"elementor-element elementor-element-9d6f5b2 e-transform elementor-widget-divider--view-line elementor-widget elementor-widget-divider\" data-id=\"9d6f5b2\" data-element_type=\"widget\" data-e-type=\"widget\" data-settings=\"{&quot;_transform_rotateZ_effect&quot;:{&quot;unit&quot;:&quot;px&quot;,&quot;size&quot;:&quot;&quot;,&quot;sizes&quot;:[]},&quot;_transform_rotateZ_effect_tablet&quot;:{&quot;unit&quot;:&quot;deg&quot;,&quot;size&quot;:&quot;&quot;,&quot;sizes&quot;:[]},&quot;_transform_rotateZ_effect_mobile&quot;:{&quot;unit&quot;:&quot;deg&quot;,&quot;size&quot;:&quot;&quot;,&quot;sizes&quot;:[]}}\" data-widget_type=\"divider.default\">\n\t\t\t\t<div class=\"elementor-widget-container\">\n\t\t\t\t\t\t\t<div class=\"elementor-divider\">\n\t\t\t<span class=\"elementor-divider-separator\">\n\t\t\t\t\t\t<\/span>\n\t\t<\/div>\n\t\t\t\t\t\t<\/div>\n\t\t\t\t<\/div>\n\t\t\t\t\t<\/div>\n\t\t\t\t<\/div>\n\t\t<div class=\"elementor-element elementor-element-350b50a e-flex e-con-boxed e-con e-parent\" data-id=\"350b50a\" data-element_type=\"container\" data-e-type=\"container\">\n\t\t\t\t\t<div class=\"e-con-inner\">\n\t\t<div class=\"elementor-element elementor-element-101aff1 e-con-full e-flex e-con e-child\" data-id=\"101aff1\" data-element_type=\"container\" data-e-type=\"container\">\n\t\t\t\t<div class=\"elementor-element elementor-element-69273b4 elementor-widget elementor-widget-heading\" data-id=\"69273b4\" data-element_type=\"widget\" data-e-type=\"widget\" data-widget_type=\"heading.default\">\n\t\t\t\t<div class=\"elementor-widget-container\">\n\t\t\t\t\t<h1 class=\"elementor-heading-title elementor-size-default\">VINS S\u00c9LECTIONN\u00c9S<\/h1>\t\t\t\t<\/div>\n\t\t\t\t<\/div>\n\t\t\t\t<div class=\"elementor-element elementor-element-847561f elementor-widget elementor-widget-heading\" data-id=\"847561f\" data-element_type=\"widget\" data-e-type=\"widget\" data-widget_type=\"heading.default\">\n\t\t\t\t<div class=\"elementor-widget-container\">\n\t\t\t\t\t<h3 class=\"elementor-heading-title elementor-size-default\">Naturel avec naturel,\nexcellent avec excellent.<\/h3>\t\t\t\t<\/div>\n\t\t\t\t<\/div>\n\t\t\t\t<div class=\"elementor-element elementor-element-ccc132d elementor-widget elementor-widget-text-editor\" data-id=\"ccc132d\" data-element_type=\"widget\" data-e-type=\"widget\" data-widget_type=\"text-editor.default\">\n\t\t\t\t<div class=\"elementor-widget-container\">\n\t\t\t\t\t\t\t\t\t<p style=\"text-align: left;\">Au Manoir Kendo, on veille \u00e0 ce que les sp\u00e9cialit\u00e9s de la maison soient savoureuses et parfaitement accompagn\u00e9es des vins fins des vignerons de Primorska.<\/p><p>En savoir plus&gt;&gt;<\/p>\t\t\t\t\t\t\t\t<\/div>\n\t\t\t\t<\/div>\n\t\t\t\t<\/div>\n\t\t<div class=\"elementor-element elementor-element-114b226 e-con-full e-flex e-con e-child\" data-id=\"114b226\" data-element_type=\"container\" data-e-type=\"container\">\n\t\t\t\t<div class=\"elementor-element elementor-element-782adc5 elementor-widget elementor-widget-image\" data-id=\"782adc5\" data-element_type=\"widget\" data-e-type=\"widget\" data-widget_type=\"image.default\">\n\t\t\t\t<div class=\"elementor-widget-container\">\n\t\t\t\t\t\t\t\t\t\t\t\t\t\t\t<img loading=\"lazy\" decoding=\"async\" width=\"800\" height=\"453\" src=\"https:\/\/kendov-dvorec.com\/wp-content\/uploads\/images\/Kendov-dvorec-wine-tasting2.jpg\" class=\"attachment-large size-large wp-image-1790\" alt=\"\" \/>\t\t\t\t\t\t\t\t\t\t\t\t\t\t\t<\/div>\n\t\t\t\t<\/div>\n\t\t\t\t<\/div>\n\t\t\t\t\t<\/div>\n\t\t\t\t<\/div>\n\t\t\t\t<\/div>\n\t\t","protected":false},"excerpt":{"rendered":"<p>KULINARIKA LA CUISINE DE KENDA La cuisine de Kenda est de la po\u00e9sie \u2013 originale et sophistiqu\u00e9e. Dans la cuisine de Kendov Dvorec, nous cuisinons des plats pr\u00e9par\u00e9s selon des recettes anciennes, \u00e0 partir d\u2019ingr\u00e9dients d\u2019origine locale. Les menus de la maison changent donc en fonction de la saison. \u201c\u017dlikrofi, bakalca, bati, ajmoht, \u0161truklji\u201d\u2013 des [&hellip;]<\/p>\n","protected":false},"author":1,"featured_media":2325,"parent":0,"menu_order":4,"comment_status":"closed","ping_status":"closed","template":"","meta":{"footnotes":""},"class_list":["post-27377","page","type-page","status-publish","has-post-thumbnail","hentry"],"_links":{"self":[{"href":"https:\/\/kendov-dvorec.com\/fr\/wp-json\/wp\/v2\/pages\/27377","targetHints":{"allow":["GET"]}}],"collection":[{"href":"https:\/\/kendov-dvorec.com\/fr\/wp-json\/wp\/v2\/pages"}],"about":[{"href":"https:\/\/kendov-dvorec.com\/fr\/wp-json\/wp\/v2\/types\/page"}],"author":[{"embeddable":true,"href":"https:\/\/kendov-dvorec.com\/fr\/wp-json\/wp\/v2\/users\/1"}],"replies":[{"embeddable":true,"href":"https:\/\/kendov-dvorec.com\/fr\/wp-json\/wp\/v2\/comments?post=27377"}],"version-history":[{"count":3,"href":"https:\/\/kendov-dvorec.com\/fr\/wp-json\/wp\/v2\/pages\/27377\/revisions"}],"predecessor-version":[{"id":27390,"href":"https:\/\/kendov-dvorec.com\/fr\/wp-json\/wp\/v2\/pages\/27377\/revisions\/27390"}],"wp:featuredmedia":[{"embeddable":true,"href":"https:\/\/kendov-dvorec.com\/fr\/wp-json\/wp\/v2\/media\/2325"}],"wp:attachment":[{"href":"https:\/\/kendov-dvorec.com\/fr\/wp-json\/wp\/v2\/media?parent=27377"}],"curies":[{"name":"wp","href":"https:\/\/api.w.org\/{rel}","templated":true}]}}