{"id":27378,"date":"2017-08-30T11:02:55","date_gmt":"2017-08-30T10:02:55","guid":{"rendered":"https:\/\/kendov-dvorec.com\/offres-et-forfaits\/saint-valentin\/"},"modified":"2026-03-25T20:37:31","modified_gmt":"2026-03-25T20:37:31","slug":"saint-valentin","status":"publish","type":"page","link":"https:\/\/kendov-dvorec.com\/fr\/offres-et-forfaits\/saint-valentin\/","title":{"rendered":"Saint-Valentin"},"content":{"rendered":"\t\t<div data-elementor-type=\"wp-page\" data-elementor-id=\"27378\" class=\"elementor elementor-27378 elementor-5823\" data-elementor-post-type=\"page\">\n\t\t\t\t<div class=\"elementor-element elementor-element-71bd9e7 e-flex e-con-boxed e-con e-parent\" data-id=\"71bd9e7\" data-element_type=\"container\" data-e-type=\"container\" data-settings=\"{&quot;background_background&quot;:&quot;classic&quot;}\">\n\t\t\t\t\t<div class=\"e-con-inner\">\n\t\t\t\t\t<\/div>\n\t\t\t\t<\/div>\n\t\t<div class=\"elementor-element elementor-element-0f838d8 e-flex e-con-boxed e-con e-parent\" data-id=\"0f838d8\" data-element_type=\"container\" data-e-type=\"container\">\n\t\t\t\t\t<div class=\"e-con-inner\">\n\t\t<div class=\"elementor-element elementor-element-947ffd5 e-con-full e-flex e-con e-child\" data-id=\"947ffd5\" data-element_type=\"container\" data-e-type=\"container\">\n\t\t\t\t<div class=\"elementor-element elementor-element-e853bee elementor-widget elementor-widget-heading\" data-id=\"e853bee\" data-element_type=\"widget\" data-e-type=\"widget\" data-widget_type=\"heading.default\">\n\t\t\t\t<div class=\"elementor-widget-container\">\n\t\t\t\t\t<h1 class=\"elementor-heading-title elementor-size-default\">OFFRES<\/h1>\t\t\t\t<\/div>\n\t\t\t\t<\/div>\n\t\t\t\t<div class=\"elementor-element elementor-element-4e0f4c6 elementor-widget elementor-widget-heading\" data-id=\"4e0f4c6\" data-element_type=\"widget\" data-e-type=\"widget\" data-widget_type=\"heading.default\">\n\t\t\t\t<div class=\"elementor-widget-container\">\n\t\t\t\t\t<h1 class=\"elementor-heading-title elementor-size-default\">VALENTINOVO<\/h1>\t\t\t\t<\/div>\n\t\t\t\t<\/div>\n\t\t\t\t<div class=\"elementor-element elementor-element-6c4f959 elementor-widget elementor-widget-heading\" data-id=\"6c4f959\" data-element_type=\"widget\" data-e-type=\"widget\" data-widget_type=\"heading.default\">\n\t\t\t\t<div class=\"elementor-widget-container\">\n\t\t\t\t\t<h2 class=\"elementor-heading-title elementor-size-default\">Ils passent des vacances en amoureux dans un manoir romantique.<\/h2>\t\t\t\t<\/div>\n\t\t\t\t<\/div>\n\t\t\t\t<div class=\"elementor-element elementor-element-f85b501 elementor-widget elementor-widget-text-editor\" data-id=\"f85b501\" data-element_type=\"widget\" data-e-type=\"widget\" data-widget_type=\"text-editor.default\">\n\t\t\t\t<div class=\"elementor-widget-container\">\n\t\t\t\t\t\t\t\t\t<p>Surprenez votre bien-aim\u00e9(e) avec une escapade inoubliable \u00e0 deux dans la vall\u00e9e. Choisissez notre forfait sp\u00e9cial <a href=\"https:\/\/kendov-dvorec.com\/ponudbe\/romanticni-oddih\/\">pause romantique<\/a>, qui comprend la nuit\u00e9e, le petit-d\u00e9jeuner avec des produits locaux, une bouteille de vin mousseux et des fruits frais dans votre chambre \u00e0 l&rsquo;arriv\u00e9e, ainsi qu&rsquo;un d\u00eener romantique de cinq plats avec accompagnement de vin. <\/p><p>Visitez-nous<strong>  Samedi 12 f\u00e9vrier, dimanche 13 f\u00e9vrier ou lundi 14 f\u00e9vrier   <\/strong>Le jour de la Saint-Valentin, nous c\u00e9l\u00e9brerons la Saint-Valentin avec un d\u00eener pour les amoureux. Nous vous ferons vivre une exp\u00e9rience culinaire inoubliable avec des plats de la cuisine du manoir Kendov et des vins s\u00e9lectionn\u00e9s par nos vignerons. <\/p>\t\t\t\t\t\t\t\t<\/div>\n\t\t\t\t<\/div>\n\t\t<div class=\"elementor-element elementor-element-a118183 e-con-full e-flex e-con e-child\" data-id=\"a118183\" data-element_type=\"container\" data-e-type=\"container\">\n\t\t\t\t<div class=\"elementor-element elementor-element-3747b72 elementor-align-center elementor-tablet-align-justify elementor-widget elementor-widget-button\" data-id=\"3747b72\" data-element_type=\"widget\" data-e-type=\"widget\" data-widget_type=\"button.default\">\n\t\t\t\t<div class=\"elementor-widget-container\">\n\t\t\t\t\t\t\t\t\t<div class=\"elementor-button-wrapper\">\n\t\t\t\t\t<a class=\"elementor-button elementor-button-link elementor-size-sm\" href=\"mailto:info@kendov-dvorec.com\">\n\t\t\t\t\t\t<span class=\"elementor-button-content-wrapper\">\n\t\t\t\t\t\t\t\t\t<span class=\"elementor-button-text\">R\u00c9SERVER<\/span>\n\t\t\t\t\t<\/span>\n\t\t\t\t\t<\/a>\n\t\t\t\t<\/div>\n\t\t\t\t\t\t\t\t<\/div>\n\t\t\t\t<\/div>\n\t\t\t\t<div class=\"elementor-element elementor-element-9e5c241 elementor-align-center elementor-tablet-align-justify elementor-widget elementor-widget-button\" data-id=\"9e5c241\" data-element_type=\"widget\" data-e-type=\"widget\" data-widget_type=\"button.default\">\n\t\t\t\t<div class=\"elementor-widget-container\">\n\t\t\t\t\t\t\t\t\t<div class=\"elementor-button-wrapper\">\n\t\t\t\t\t<a class=\"elementor-button elementor-button-link elementor-size-sm\" href=\"https:\/\/kendov-dvorec.com\/fr\/offres-et-forfaits\/\">\n\t\t\t\t\t\t<span class=\"elementor-button-content-wrapper\">\n\t\t\t\t\t\t\t\t\t<span class=\"elementor-button-text\">RETOUR AUX OFFRES<\/span>\n\t\t\t\t\t<\/span>\n\t\t\t\t\t<\/a>\n\t\t\t\t<\/div>\n\t\t\t\t\t\t\t\t<\/div>\n\t\t\t\t<\/div>\n\t\t\t\t<\/div>\n\t\t\t\t<\/div>\n\t\t<div class=\"elementor-element elementor-element-12c62f7 e-con-full e-flex e-con e-child\" data-id=\"12c62f7\" data-element_type=\"container\" data-e-type=\"container\">\n\t\t\t\t<div class=\"elementor-element elementor-element-4f71eb8 elementor-widget elementor-widget-image\" data-id=\"4f71eb8\" data-element_type=\"widget\" data-e-type=\"widget\" data-widget_type=\"image.default\">\n\t\t\t\t<div class=\"elementor-widget-container\">\n\t\t\t\t\t\t\t\t\t\t\t\t\t\t\t<img fetchpriority=\"high\" decoding=\"async\" width=\"800\" height=\"300\" src=\"https:\/\/kendov-dvorec.com\/wp-content\/uploads\/2025\/09\/FC_99_241-2-scaled-2-1024x384.jpg\" class=\"attachment-large size-large wp-image-25872\" alt=\"\" srcset=\"https:\/\/kendov-dvorec.com\/wp-content\/uploads\/2025\/09\/FC_99_241-2-scaled-2-1024x384.jpg 1024w, https:\/\/kendov-dvorec.com\/wp-content\/uploads\/2025\/09\/FC_99_241-2-scaled-2-300x113.jpg 300w, https:\/\/kendov-dvorec.com\/wp-content\/uploads\/2025\/09\/FC_99_241-2-scaled-2-768x288.jpg 768w, https:\/\/kendov-dvorec.com\/wp-content\/uploads\/2025\/09\/FC_99_241-2-scaled-2-1536x576.jpg 1536w, https:\/\/kendov-dvorec.com\/wp-content\/uploads\/2025\/09\/FC_99_241-2-scaled-2-2048x768.jpg 2048w\" sizes=\"(max-width: 800px) 100vw, 800px\" \/>\t\t\t\t\t\t\t\t\t\t\t\t\t\t\t<\/div>\n\t\t\t\t<\/div>\n\t\t\t\t<div class=\"elementor-element elementor-element-d36ad71 elementor-widget elementor-widget-heading\" data-id=\"d36ad71\" data-element_type=\"widget\" data-e-type=\"widget\" data-widget_type=\"heading.default\">\n\t\t\t\t<div class=\"elementor-widget-container\">\n\t\t\t\t\t<h2 class=\"elementor-heading-title elementor-size-default\">R\u00c9SERVEZ VOTRE TABLE<\/h2>\t\t\t\t<\/div>\n\t\t\t\t<\/div>\n\t\t\t\t<div class=\"elementor-element elementor-element-1b9c1b0 elementor-widget elementor-widget-text-editor\" data-id=\"1b9c1b0\" data-element_type=\"widget\" data-e-type=\"widget\" data-widget_type=\"text-editor.default\">\n\t\t\t\t<div class=\"elementor-widget-container\">\n\t\t\t\t\t\t\t\t\t<h6 class=\"fusion-responsive-typography-calculated\" data-fontsize=\"19\" data-lineheight=\"28.5px\">Samedi, 12 f\u00e9vrier 2022<br>Dimanche, 13 f\u00e9vrier 2022<br>Lundi, 14 f\u00e9vrier 2022   <\/h6><p><em>Carpaccio de truite au fenouil,<br>courgettes et pamplemousse<\/em><em><br><\/em>&#8211;<br><em>Soupe de potiron avec champignons r\u00f4tis et crumble de<\/em><em>graines de potiron<\/em><em><br><\/em><em>et pommes de terre sal\u00e9es fra\u00eechement cuites au four<br><\/em>&#8211;<br><em>Raviolis \u00e0 la truite fum\u00e9e et \u00e0 la sauce ciboulette<br><\/em>&#8211;<br><em>Lapin r\u00f4ti, strudel de sarrasin, carotte<br><\/em>\u00e0 l&rsquo;<em>estragon et rouleau de chou fris\u00e9<br><\/em>&#8211;<br><em>G\u00e2teau au fromage Kendo avec pommes au four<\/em><\/p><p><span style=\"color: #666666;\">R\u00e9servation : T : 05 37 25 100 ou<\/span><br><span style=\"color: #666666;\">E : info@kendov-dvorec.com<\/span><br><span style=\"color: #666666;\">Prix du menu : 64<\/span><\/p>\t\t\t\t\t\t\t\t<\/div>\n\t\t\t\t<\/div>\n\t\t\t\t<\/div>\n\t\t\t\t\t<\/div>\n\t\t\t\t<\/div>\n\t\t<div class=\"elementor-element elementor-element-b678cf7 e-flex e-con-boxed e-con e-parent\" data-id=\"b678cf7\" data-element_type=\"container\" data-e-type=\"container\" data-settings=\"{&quot;background_background&quot;:&quot;classic&quot;}\">\n\t\t\t\t\t<div class=\"e-con-inner\">\n\t\t\t\t<div class=\"elementor-element elementor-element-bc29e7d elementor-widget elementor-widget-heading\" data-id=\"bc29e7d\" data-element_type=\"widget\" data-e-type=\"widget\" data-widget_type=\"heading.default\">\n\t\t\t\t<div class=\"elementor-widget-container\">\n\t\t\t\t\t<h2 class=\"elementor-heading-title elementor-size-default\">Faites-vous plaisir<\/h2>\t\t\t\t<\/div>\n\t\t\t\t<\/div>\n\t\t<div class=\"elementor-element elementor-element-de9013a e-con-full e-flex e-con e-child\" data-id=\"de9013a\" data-element_type=\"container\" data-e-type=\"container\">\n\t\t<div class=\"elementor-element elementor-element-77c8322 e-con-full e-flex e-con e-child\" data-id=\"77c8322\" data-element_type=\"container\" data-e-type=\"container\">\n\t\t\t\t<div class=\"elementor-element elementor-element-dd4df6e elementor-widget elementor-widget-image\" data-id=\"dd4df6e\" data-element_type=\"widget\" data-e-type=\"widget\" data-widget_type=\"image.default\">\n\t\t\t\t<div class=\"elementor-widget-container\">\n\t\t\t\t\t\t\t\t\t\t\t\t\t\t\t<img decoding=\"async\" width=\"800\" height=\"453\" src=\"https:\/\/kendov-dvorec.com\/wp-content\/uploads\/2025\/09\/gary.jpg\" class=\"attachment-large size-large wp-image-25899\" alt=\"\" srcset=\"https:\/\/kendov-dvorec.com\/wp-content\/uploads\/2025\/09\/gary.jpg 900w, https:\/\/kendov-dvorec.com\/wp-content\/uploads\/2025\/09\/gary-300x170.jpg 300w, https:\/\/kendov-dvorec.com\/wp-content\/uploads\/2025\/09\/gary-768x435.jpg 768w\" sizes=\"(max-width: 800px) 100vw, 800px\" \/>\t\t\t\t\t\t\t\t\t\t\t\t\t\t\t<\/div>\n\t\t\t\t<\/div>\n\t\t\t\t<div class=\"elementor-element elementor-element-87ebb65 elementor-widget elementor-widget-text-editor\" data-id=\"87ebb65\" data-element_type=\"widget\" data-e-type=\"widget\" data-widget_type=\"text-editor.default\">\n\t\t\t\t<div class=\"elementor-widget-container\">\n\t\t\t\t\t\t\t\t\t<p><strong>OFFREZ L&rsquo;EXP\u00c9RIENCE<\/strong><br>Une exp\u00e9rience est le meilleur des cadeaux. Surprenez un \u00eatre cher en lui offrant un ch\u00e8que-cadeau pour des vacances ou une exp\u00e9rience culinaire \u00e0 Kendov Manor.   <\/p>\t\t\t\t\t\t\t\t<\/div>\n\t\t\t\t<\/div>\n\t\t\t\t<\/div>\n\t\t<div class=\"elementor-element elementor-element-c3f80f3 e-con-full e-flex e-con e-child\" data-id=\"c3f80f3\" data-element_type=\"container\" data-e-type=\"container\">\n\t\t\t\t<div class=\"elementor-element elementor-element-ba718bf elementor-widget elementor-widget-image\" data-id=\"ba718bf\" data-element_type=\"widget\" data-e-type=\"widget\" data-widget_type=\"image.default\">\n\t\t\t\t<div class=\"elementor-widget-container\">\n\t\t\t\t\t\t\t\t\t\t\t\t\t\t\t<img decoding=\"async\" width=\"800\" height=\"453\" src=\"https:\/\/kendov-dvorec.com\/wp-content\/uploads\/2025\/09\/Kendov_dvorec_bouquet-scaled-1-1-1024x580.jpg\" class=\"attachment-large size-large wp-image-25894\" alt=\"\" srcset=\"https:\/\/kendov-dvorec.com\/wp-content\/uploads\/2025\/09\/Kendov_dvorec_bouquet-scaled-1-1-1024x580.jpg 1024w, https:\/\/kendov-dvorec.com\/wp-content\/uploads\/2025\/09\/Kendov_dvorec_bouquet-scaled-1-1-300x170.jpg 300w, https:\/\/kendov-dvorec.com\/wp-content\/uploads\/2025\/09\/Kendov_dvorec_bouquet-scaled-1-1-768x435.jpg 768w, https:\/\/kendov-dvorec.com\/wp-content\/uploads\/2025\/09\/Kendov_dvorec_bouquet-scaled-1-1-1536x870.jpg 1536w, https:\/\/kendov-dvorec.com\/wp-content\/uploads\/2025\/09\/Kendov_dvorec_bouquet-scaled-1-1-2048x1160.jpg 2048w\" sizes=\"(max-width: 800px) 100vw, 800px\" \/>\t\t\t\t\t\t\t\t\t\t\t\t\t\t\t<\/div>\n\t\t\t\t<\/div>\n\t\t\t\t<div class=\"elementor-element elementor-element-7cc3720 elementor-widget elementor-widget-text-editor\" data-id=\"7cc3720\" data-element_type=\"widget\" data-e-type=\"widget\" data-widget_type=\"text-editor.default\">\n\t\t\t\t<div class=\"elementor-widget-container\">\n\t\t\t\t\t\t\t\t\t<p>BOUQUET DE FLEURS FRA\u00ceCHES<br>Surprenez votre bien-aim\u00e9e avec un bouquet de fleurs fra\u00eeches qui vous attendra dans la chambre \u00e0 votre arriv\u00e9e. <\/p>\t\t\t\t\t\t\t\t<\/div>\n\t\t\t\t<\/div>\n\t\t\t\t<\/div>\n\t\t<div class=\"elementor-element elementor-element-fa16c27 e-con-full e-flex e-con e-child\" data-id=\"fa16c27\" data-element_type=\"container\" data-e-type=\"container\">\n\t\t\t\t<div class=\"elementor-element elementor-element-b555f06 elementor-widget elementor-widget-image\" data-id=\"b555f06\" data-element_type=\"widget\" data-e-type=\"widget\" data-widget_type=\"image.default\">\n\t\t\t\t<div class=\"elementor-widget-container\">\n\t\t\t\t\t\t\t\t\t\t\t\t\t\t\t<img loading=\"lazy\" decoding=\"async\" width=\"800\" height=\"453\" src=\"https:\/\/kendov-dvorec.com\/wp-content\/uploads\/2025\/09\/sparkling-wine.jpg\" class=\"attachment-large size-large wp-image-25889\" alt=\"\" srcset=\"https:\/\/kendov-dvorec.com\/wp-content\/uploads\/2025\/09\/sparkling-wine.jpg 900w, https:\/\/kendov-dvorec.com\/wp-content\/uploads\/2025\/09\/sparkling-wine-300x170.jpg 300w, https:\/\/kendov-dvorec.com\/wp-content\/uploads\/2025\/09\/sparkling-wine-768x435.jpg 768w\" sizes=\"(max-width: 800px) 100vw, 800px\" \/>\t\t\t\t\t\t\t\t\t\t\t\t\t\t\t<\/div>\n\t\t\t\t<\/div>\n\t\t\t\t<div class=\"elementor-element elementor-element-389c02c elementor-widget elementor-widget-text-editor\" data-id=\"389c02c\" data-element_type=\"widget\" data-e-type=\"widget\" data-widget_type=\"text-editor.default\">\n\t\t\t\t<div class=\"elementor-widget-container\">\n\t\t\t\t\t\t\t\t\t<p><strong>VIN S\u00c9LECTIONN\u00c9<br><\/strong>Commandez \u00e0 l&rsquo;avance une bouteille de vin de notre cave, qui sera r\u00e9frig\u00e9r\u00e9e et pr\u00e9par\u00e9e pour vous \u00e0 votre arriv\u00e9e.  <\/p>\t\t\t\t\t\t\t\t<\/div>\n\t\t\t\t<\/div>\n\t\t\t\t<\/div>\n\t\t\t\t<\/div>\n\t\t\t\t\t<\/div>\n\t\t\t\t<\/div>\n\t\t\t\t<\/div>\n\t\t","protected":false},"excerpt":{"rendered":"<p>OFFRES VALENTINOVO Ils passent des vacances en amoureux dans un manoir romantique. Surprenez votre bien-aim\u00e9(e) avec une escapade inoubliable \u00e0 deux dans la vall\u00e9e. Choisissez notre forfait sp\u00e9cial pause romantique, qui comprend la nuit\u00e9e, le petit-d\u00e9jeuner avec des produits locaux, une bouteille de vin mousseux et des fruits frais dans votre chambre \u00e0 l&rsquo;arriv\u00e9e, ainsi [&hellip;]<\/p>\n","protected":false},"author":1,"featured_media":1920,"parent":27039,"menu_order":10,"comment_status":"closed","ping_status":"closed","template":"elementor_header_footer","meta":{"footnotes":""},"class_list":["post-27378","page","type-page","status-publish","has-post-thumbnail","hentry"],"_links":{"self":[{"href":"https:\/\/kendov-dvorec.com\/fr\/wp-json\/wp\/v2\/pages\/27378","targetHints":{"allow":["GET"]}}],"collection":[{"href":"https:\/\/kendov-dvorec.com\/fr\/wp-json\/wp\/v2\/pages"}],"about":[{"href":"https:\/\/kendov-dvorec.com\/fr\/wp-json\/wp\/v2\/types\/page"}],"author":[{"embeddable":true,"href":"https:\/\/kendov-dvorec.com\/fr\/wp-json\/wp\/v2\/users\/1"}],"replies":[{"embeddable":true,"href":"https:\/\/kendov-dvorec.com\/fr\/wp-json\/wp\/v2\/comments?post=27378"}],"version-history":[{"count":3,"href":"https:\/\/kendov-dvorec.com\/fr\/wp-json\/wp\/v2\/pages\/27378\/revisions"}],"predecessor-version":[{"id":27388,"href":"https:\/\/kendov-dvorec.com\/fr\/wp-json\/wp\/v2\/pages\/27378\/revisions\/27388"}],"up":[{"embeddable":true,"href":"https:\/\/kendov-dvorec.com\/fr\/wp-json\/wp\/v2\/pages\/27039"}],"wp:featuredmedia":[{"embeddable":true,"href":"https:\/\/kendov-dvorec.com\/fr\/wp-json\/wp\/v2\/media\/1920"}],"wp:attachment":[{"href":"https:\/\/kendov-dvorec.com\/fr\/wp-json\/wp\/v2\/media?parent=27378"}],"curies":[{"name":"wp","href":"https:\/\/api.w.org\/{rel}","templated":true}]}}