{"id":26762,"date":"2017-10-05T15:08:45","date_gmt":"2017-10-05T14:08:45","guid":{"rendered":"https:\/\/kendov-dvorec.com\/esperienze\/il-miniera-di-idrija\/"},"modified":"2026-04-07T08:21:16","modified_gmt":"2026-04-07T07:21:16","slug":"il-miniera-di-idrija","status":"publish","type":"page","link":"https:\/\/kendov-dvorec.com\/it\/esperienze\/il-miniera-di-idrija\/","title":{"rendered":"IL MINIERA DI IDRIJA"},"content":{"rendered":"\t\t<div data-elementor-type=\"wp-page\" data-elementor-id=\"26762\" class=\"elementor elementor-26762 elementor-5845\" data-elementor-post-type=\"page\">\n\t\t\t\t<div class=\"elementor-element elementor-element-6717738 e-flex e-con-boxed e-con e-parent\" data-id=\"6717738\" data-element_type=\"container\" data-e-type=\"container\" data-settings=\"{&quot;background_background&quot;:&quot;classic&quot;}\">\n\t\t\t\t\t<div class=\"e-con-inner\">\n\t\t\t\t\t<\/div>\n\t\t\t\t<\/div>\n\t\t<div class=\"elementor-element elementor-element-816ef15 e-flex e-con-boxed e-con e-parent\" data-id=\"816ef15\" data-element_type=\"container\" data-e-type=\"container\">\n\t\t\t\t\t<div class=\"e-con-inner\">\n\t\t<div class=\"elementor-element elementor-element-242ce7d e-con-full e-flex e-con e-child\" data-id=\"242ce7d\" data-element_type=\"container\" data-e-type=\"container\">\n\t\t\t\t<div class=\"elementor-element elementor-element-ad02341 elementor-widget elementor-widget-heading\" data-id=\"ad02341\" data-element_type=\"widget\" data-e-type=\"widget\" data-widget_type=\"heading.default\">\n\t\t\t\t<div class=\"elementor-widget-container\">\n\t\t\t\t\t<h1 class=\"elementor-heading-title elementor-size-default\">ESPERIENZE<\/h1>\t\t\t\t<\/div>\n\t\t\t\t<\/div>\n\t\t\t\t<div class=\"elementor-element elementor-element-4de2f18 elementor-widget elementor-widget-heading\" data-id=\"4de2f18\" data-element_type=\"widget\" data-e-type=\"widget\" data-widget_type=\"heading.default\">\n\t\t\t\t<div class=\"elementor-widget-container\">\n\t\t\t\t\t<h1 class=\"elementor-heading-title elementor-size-default\">IL PATRIMONIO DELLA MINIERA<\/h1>\t\t\t\t<\/div>\n\t\t\t\t<\/div>\n\t\t\t\t<div class=\"elementor-element elementor-element-22d0c38 elementor-widget elementor-widget-heading\" data-id=\"22d0c38\" data-element_type=\"widget\" data-e-type=\"widget\" data-widget_type=\"heading.default\">\n\t\t\t\t<div class=\"elementor-widget-container\">\n\t\t\t\t\t<h2 class=\"elementor-heading-title elementor-size-default\">Entrate nel mondo sotterraneo dei minatori di Idrija.<\/h2>\t\t\t\t<\/div>\n\t\t\t\t<\/div>\n\t\t\t\t<div class=\"elementor-element elementor-element-5033aa7 elementor-widget elementor-widget-text-editor\" data-id=\"5033aa7\" data-element_type=\"widget\" data-e-type=\"widget\" data-widget_type=\"text-editor.default\">\n\t\t\t\t<div class=\"elementor-widget-container\">\n\t\t\t\t\t\t\t\t\t<p>Idrija, la pi\u00f9 antica localit\u00e0 mineraria slovena, \u00e8 famosa per la sua miniera di mercurio, la seconda del mondo. La miniera di cinquecento anni, insieme alla spagnola Almaden, \u00e8 oggi nell\u2019elenco del patrimonio mondiale dell\u2019UNESCO. Con la scoperta del ricco patrimonio minerario scoprirete la storia della citt\u00e0 e la vita delle famiglie dei minatori di allora.   <\/p>\t\t\t\t\t\t\t\t<\/div>\n\t\t\t\t<\/div>\n\t\t\t\t<div class=\"elementor-element elementor-element-bfa72a5 elementor-widget elementor-widget-text-editor\" data-id=\"bfa72a5\" data-element_type=\"widget\" data-e-type=\"widget\" data-widget_type=\"text-editor.default\">\n\t\t\t\t<div class=\"elementor-widget-container\">\n\t\t\t\t\t\t\t\t\t<p>La leggenda narra che il mercurio locale, a Idrija, fu trovato da un lattoniere sotto lo zampillo di una sorgente. Sul sito della scoperta del mercurio oggi sorge la chiesa della Santissima Trinit\u00e0.<br>  <\/p>\t\t\t\t\t\t\t\t<\/div>\n\t\t\t\t<\/div>\n\t\t\t\t<\/div>\n\t\t<div class=\"elementor-element elementor-element-ac099bb e-con-full e-flex e-con e-child\" data-id=\"ac099bb\" data-element_type=\"container\" data-e-type=\"container\">\n\t\t\t\t<div class=\"elementor-element elementor-element-635ba53 elementor-widget elementor-widget-image\" data-id=\"635ba53\" data-element_type=\"widget\" data-e-type=\"widget\" data-widget_type=\"image.default\">\n\t\t\t\t<div class=\"elementor-widget-container\">\n\t\t\t\t\t\t\t\t\t\t\t\t\t\t\t<img fetchpriority=\"high\" decoding=\"async\" width=\"800\" height=\"532\" src=\"https:\/\/kendov-dvorec.com\/wp-content\/uploads\/2025\/09\/Kendov_dvorec_kamst.jpg\" class=\"attachment-large size-large wp-image-24305\" alt=\"\" srcset=\"https:\/\/kendov-dvorec.com\/wp-content\/uploads\/2025\/09\/Kendov_dvorec_kamst.jpg 900w, https:\/\/kendov-dvorec.com\/wp-content\/uploads\/2025\/09\/Kendov_dvorec_kamst-300x200.jpg 300w, https:\/\/kendov-dvorec.com\/wp-content\/uploads\/2025\/09\/Kendov_dvorec_kamst-768x511.jpg 768w\" sizes=\"(max-width: 800px) 100vw, 800px\" \/>\t\t\t\t\t\t\t\t\t\t\t\t\t\t\t<\/div>\n\t\t\t\t<\/div>\n\t\t\t\t<div class=\"elementor-element elementor-element-acdf00c elementor-widget elementor-widget-heading\" data-id=\"acdf00c\" data-element_type=\"widget\" data-e-type=\"widget\" data-widget_type=\"heading.default\">\n\t\t\t\t<div class=\"elementor-widget-container\">\n\t\t\t\t\t<h3 class=\"elementor-heading-title elementor-size-default\">\u201cKam\u0161t\u201d di Idrija, un dispositivo per pompare l\u2019acqua dalla miniera con la pi\u00f9 grande ruota di legno in Europa.<\/h3>\t\t\t\t<\/div>\n\t\t\t\t<\/div>\n\t\t\t\t<\/div>\n\t\t\t\t\t<\/div>\n\t\t\t\t<\/div>\n\t\t<div class=\"elementor-element elementor-element-8fb0eac e-flex e-con-boxed e-con e-parent\" data-id=\"8fb0eac\" data-element_type=\"container\" data-e-type=\"container\" data-settings=\"{&quot;background_background&quot;:&quot;classic&quot;}\">\n\t\t\t\t\t<div class=\"e-con-inner\">\n\t\t\t\t<div class=\"elementor-element elementor-element-4f60b70 elementor-widget elementor-widget-heading\" data-id=\"4f60b70\" data-element_type=\"widget\" data-e-type=\"widget\" data-widget_type=\"heading.default\">\n\t\t\t\t<div class=\"elementor-widget-container\">\n\t\t\t\t\t<h2 class=\"elementor-heading-title elementor-size-default\">Dai un\u2019occhiata al patrimonio della miniera di Idrija<\/h2>\t\t\t\t<\/div>\n\t\t\t\t<\/div>\n\t\t<div class=\"elementor-element elementor-element-ddd0e23 e-con-full e-flex e-con e-child\" data-id=\"ddd0e23\" data-element_type=\"container\" data-e-type=\"container\">\n\t\t<div class=\"elementor-element elementor-element-52b4658 e-con-full e-flex e-con e-child\" data-id=\"52b4658\" data-element_type=\"container\" data-e-type=\"container\">\n\t\t\t\t<div class=\"elementor-element elementor-element-6d9cedc elementor-widget elementor-widget-image\" data-id=\"6d9cedc\" data-element_type=\"widget\" data-e-type=\"widget\" data-widget_type=\"image.default\">\n\t\t\t\t<div class=\"elementor-widget-container\">\n\t\t\t\t\t\t\t\t\t\t\t\t\t\t\t<img decoding=\"async\" width=\"800\" height=\"453\" src=\"https:\/\/kendov-dvorec.com\/wp-content\/uploads\/2025\/09\/Kendov_dvorec-UNESCO.jpg\" class=\"attachment-large size-large wp-image-24329\" alt=\"\" srcset=\"https:\/\/kendov-dvorec.com\/wp-content\/uploads\/2025\/09\/Kendov_dvorec-UNESCO.jpg 900w, https:\/\/kendov-dvorec.com\/wp-content\/uploads\/2025\/09\/Kendov_dvorec-UNESCO-300x170.jpg 300w, https:\/\/kendov-dvorec.com\/wp-content\/uploads\/2025\/09\/Kendov_dvorec-UNESCO-768x435.jpg 768w\" sizes=\"(max-width: 800px) 100vw, 800px\" \/>\t\t\t\t\t\t\t\t\t\t\t\t\t\t\t<\/div>\n\t\t\t\t<\/div>\n\t\t\t\t<div class=\"elementor-element elementor-element-5f44acc elementor-widget elementor-widget-text-editor\" data-id=\"5f44acc\" data-element_type=\"widget\" data-e-type=\"widget\" data-widget_type=\"text-editor.default\">\n\t\t\t\t<div class=\"elementor-widget-container\">\n\t\t\t\t\t\t\t\t\t<p><strong>ANTONIJEV ROV<br>(Galleria di Antonio)<\/strong><br>Attraverso il pi\u00f9 antico ingresso conservato della miniera del 1500 andate nei tunnel sotterranei e sentite il peso della vita quotidiana di tanti uomini che hanno procurato il pane per le loro famiglie sotto terra per secoli. <\/p>\t\t\t\t\t\t\t\t<\/div>\n\t\t\t\t<\/div>\n\t\t\t\t<\/div>\n\t\t<div class=\"elementor-element elementor-element-7284448 e-con-full e-flex e-con e-child\" data-id=\"7284448\" data-element_type=\"container\" data-e-type=\"container\">\n\t\t\t\t<div class=\"elementor-element elementor-element-5664fef elementor-widget elementor-widget-image\" data-id=\"5664fef\" data-element_type=\"widget\" data-e-type=\"widget\" data-widget_type=\"image.default\">\n\t\t\t\t<div class=\"elementor-widget-container\">\n\t\t\t\t\t\t\t\t\t\t\t\t\t\t\t<img decoding=\"async\" width=\"565\" height=\"320\" src=\"https:\/\/kendov-dvorec.com\/wp-content\/uploads\/2025\/09\/Kendov_dvorec_Gewerkenegg_castle_Idrija.jpg\" class=\"attachment-large size-large wp-image-24324\" alt=\"\" srcset=\"https:\/\/kendov-dvorec.com\/wp-content\/uploads\/2025\/09\/Kendov_dvorec_Gewerkenegg_castle_Idrija.jpg 565w, https:\/\/kendov-dvorec.com\/wp-content\/uploads\/2025\/09\/Kendov_dvorec_Gewerkenegg_castle_Idrija-300x170.jpg 300w\" sizes=\"(max-width: 565px) 100vw, 565px\" \/>\t\t\t\t\t\t\t\t\t\t\t\t\t\t\t<\/div>\n\t\t\t\t<\/div>\n\t\t\t\t<div class=\"elementor-element elementor-element-dfe6eff elementor-widget elementor-widget-text-editor\" data-id=\"dfe6eff\" data-element_type=\"widget\" data-e-type=\"widget\" data-widget_type=\"text-editor.default\">\n\t\t\t\t<div class=\"elementor-widget-container\">\n\t\t\t\t\t\t\t\t\t<p><strong>IL MUSEO CIVICO DI IDRIJA<\/strong><br>Oggi il Museo Civico di Idrija si trova nel Castello minerario di Idrija del XVI secolo e si cura di esplorare, preservare e presentare il patrimonio tecnico e culturale della miniera di mercurio e della citt\u00e0 di Idrija. <\/p>\t\t\t\t\t\t\t\t<\/div>\n\t\t\t\t<\/div>\n\t\t\t\t<\/div>\n\t\t<div class=\"elementor-element elementor-element-a833724 e-con-full e-flex e-con e-child\" data-id=\"a833724\" data-element_type=\"container\" data-e-type=\"container\">\n\t\t\t\t<div class=\"elementor-element elementor-element-f77df50 elementor-widget elementor-widget-image\" data-id=\"f77df50\" data-element_type=\"widget\" data-e-type=\"widget\" data-widget_type=\"image.default\">\n\t\t\t\t<div class=\"elementor-widget-container\">\n\t\t\t\t\t\t\t\t\t\t\t\t\t\t\t<img loading=\"lazy\" decoding=\"async\" width=\"800\" height=\"453\" src=\"https:\/\/kendov-dvorec.com\/wp-content\/uploads\/2025\/09\/Kendov_dvorec_Topilnica_Hg.jpg\" class=\"attachment-large size-large wp-image-24316\" alt=\"\" srcset=\"https:\/\/kendov-dvorec.com\/wp-content\/uploads\/2025\/09\/Kendov_dvorec_Topilnica_Hg.jpg 900w, https:\/\/kendov-dvorec.com\/wp-content\/uploads\/2025\/09\/Kendov_dvorec_Topilnica_Hg-300x170.jpg 300w, https:\/\/kendov-dvorec.com\/wp-content\/uploads\/2025\/09\/Kendov_dvorec_Topilnica_Hg-768x435.jpg 768w\" sizes=\"(max-width: 800px) 100vw, 800px\" \/>\t\t\t\t\t\t\t\t\t\t\t\t\t\t\t<\/div>\n\t\t\t\t<\/div>\n\t\t\t\t<div class=\"elementor-element elementor-element-1432549 elementor-widget elementor-widget-text-editor\" data-id=\"1432549\" data-element_type=\"widget\" data-e-type=\"widget\" data-widget_type=\"text-editor.default\">\n\t\t\t\t<div class=\"elementor-widget-container\">\n\t\t\t\t\t\t\t\t\t<p><strong>LA FONDERIA DI MERCURIO<\/strong><br>Visitate il pi\u00f9 recente museo di Idrija, che ha aperto le porte nel 2017. Alla mostra \u201cDal minerale alle gocce di mercurio\u201d potrete conoscere l\u2019esclusivo metallo liquido e il processo di ottenimento del mercurio. <\/p>\t\t\t\t\t\t\t\t<\/div>\n\t\t\t\t<\/div>\n\t\t\t\t<\/div>\n\t\t\t\t<\/div>\n\t\t\t\t\t<\/div>\n\t\t\t\t<\/div>\n\t\t\t\t<\/div>\n\t\t","protected":false},"excerpt":{"rendered":"<p>ESPERIENZE IL PATRIMONIO DELLA MINIERA Entrate nel mondo sotterraneo dei minatori di Idrija. Idrija, la pi\u00f9 antica localit\u00e0 mineraria slovena, \u00e8 famosa per la sua miniera di mercurio, la seconda del mondo. La miniera di cinquecento anni, insieme alla spagnola Almaden, \u00e8 oggi nell\u2019elenco del patrimonio mondiale dell\u2019UNESCO. Con la scoperta del ricco patrimonio minerario [&hellip;]<\/p>\n","protected":false},"author":1,"featured_media":1967,"parent":26716,"menu_order":8,"comment_status":"closed","ping_status":"closed","template":"elementor_header_footer","meta":{"footnotes":""},"class_list":["post-26762","page","type-page","status-publish","has-post-thumbnail","hentry"],"_links":{"self":[{"href":"https:\/\/kendov-dvorec.com\/it\/wp-json\/wp\/v2\/pages\/26762","targetHints":{"allow":["GET"]}}],"collection":[{"href":"https:\/\/kendov-dvorec.com\/it\/wp-json\/wp\/v2\/pages"}],"about":[{"href":"https:\/\/kendov-dvorec.com\/it\/wp-json\/wp\/v2\/types\/page"}],"author":[{"embeddable":true,"href":"https:\/\/kendov-dvorec.com\/it\/wp-json\/wp\/v2\/users\/1"}],"replies":[{"embeddable":true,"href":"https:\/\/kendov-dvorec.com\/it\/wp-json\/wp\/v2\/comments?post=26762"}],"version-history":[{"count":3,"href":"https:\/\/kendov-dvorec.com\/it\/wp-json\/wp\/v2\/pages\/26762\/revisions"}],"predecessor-version":[{"id":27781,"href":"https:\/\/kendov-dvorec.com\/it\/wp-json\/wp\/v2\/pages\/26762\/revisions\/27781"}],"up":[{"embeddable":true,"href":"https:\/\/kendov-dvorec.com\/it\/wp-json\/wp\/v2\/pages\/26716"}],"wp:featuredmedia":[{"embeddable":true,"href":"https:\/\/kendov-dvorec.com\/it\/wp-json\/wp\/v2\/media\/1967"}],"wp:attachment":[{"href":"https:\/\/kendov-dvorec.com\/it\/wp-json\/wp\/v2\/media?parent=26762"}],"curies":[{"name":"wp","href":"https:\/\/api.w.org\/{rel}","templated":true}]}}