{"id":26779,"date":"2017-09-14T17:19:46","date_gmt":"2017-09-14T16:19:46","guid":{"rendered":"https:\/\/kendov-dvorec.com\/esperienze\/una-gita-in-bicicletta\/"},"modified":"2026-01-06T12:09:17","modified_gmt":"2026-01-06T12:09:17","slug":"una-gita-in-bicicletta","status":"publish","type":"page","link":"https:\/\/kendov-dvorec.com\/it\/esperienze\/una-gita-in-bicicletta\/","title":{"rendered":"UNA GITA IN BICICLETTA"},"content":{"rendered":"\t\t<div data-elementor-type=\"wp-page\" data-elementor-id=\"26779\" class=\"elementor elementor-26779 elementor-5830\" data-elementor-post-type=\"page\">\n\t\t\t\t<div class=\"elementor-element elementor-element-6a949ee e-flex e-con-boxed e-con e-parent\" data-id=\"6a949ee\" data-element_type=\"container\" data-e-type=\"container\" data-settings=\"{&quot;background_background&quot;:&quot;classic&quot;}\">\n\t\t\t\t\t<div class=\"e-con-inner\">\n\t\t\t\t\t<\/div>\n\t\t\t\t<\/div>\n\t\t<div class=\"elementor-element elementor-element-c32ceea e-flex e-con-boxed e-con e-parent\" data-id=\"c32ceea\" data-element_type=\"container\" data-e-type=\"container\">\n\t\t\t\t\t<div class=\"e-con-inner\">\n\t\t<div class=\"elementor-element elementor-element-84a0a06 e-con-full e-flex e-con e-child\" data-id=\"84a0a06\" data-element_type=\"container\" data-e-type=\"container\">\n\t\t\t\t<div class=\"elementor-element elementor-element-3ebbe6f elementor-widget elementor-widget-heading\" data-id=\"3ebbe6f\" data-element_type=\"widget\" data-e-type=\"widget\" data-widget_type=\"heading.default\">\n\t\t\t\t<div class=\"elementor-widget-container\">\n\t\t\t\t\t<h1 class=\"elementor-heading-title elementor-size-default\">ESPERIENZE<\/h1>\t\t\t\t<\/div>\n\t\t\t\t<\/div>\n\t\t\t\t<div class=\"elementor-element elementor-element-1a9e8f4 elementor-widget elementor-widget-heading\" data-id=\"1a9e8f4\" data-element_type=\"widget\" data-e-type=\"widget\" data-widget_type=\"heading.default\">\n\t\t\t\t<div class=\"elementor-widget-container\">\n\t\t\t\t\t<h1 class=\"elementor-heading-title elementor-size-default\">UNA GITA IN BICICLETTA<\/h1>\t\t\t\t<\/div>\n\t\t\t\t<\/div>\n\t\t\t\t<div class=\"elementor-element elementor-element-6a961c9 elementor-widget elementor-widget-heading\" data-id=\"6a961c9\" data-element_type=\"widget\" data-e-type=\"widget\" data-widget_type=\"heading.default\">\n\t\t\t\t<div class=\"elementor-widget-container\">\n\t\t\t\t\t<h2 class=\"elementor-heading-title elementor-size-default\">Partite per nuove avventure!<\/h2>\t\t\t\t<\/div>\n\t\t\t\t<\/div>\n\t\t\t\t<div class=\"elementor-element elementor-element-ff91eb1 elementor-widget elementor-widget-text-editor\" data-id=\"ff91eb1\" data-element_type=\"widget\" data-e-type=\"widget\" data-widget_type=\"text-editor.default\">\n\t\t\t\t<div class=\"elementor-widget-container\">\n\t\t\t\t\t\t\t\t\t<p>Trascorrete la giornata all\u2019aria aperta, alla scoperta del bellissimo paesaggio, dei siti storici e culturali. Il Kendov Dvorec vi offre la possibilit\u00e0 di noleggiare una bicicletta elettrica con cui potrete affrontare facilmente anche i sentieri pi\u00f9 ripidi intorno alle colline circostanti.<\/p><p>Disponiamo di biciclette SCOTT da montagna e da citt\u00e0. Il prezzo del noleggio di una bici elettrica \u00e8 di <strong>45 \u20ac a persona al giorno<\/strong> e include il noleggio della bicicletta e l\u2019attrezzatura di sicurezza. La prenotazione della bicicletta sar\u00e0 confermata prima del vostro arrivo. <\/p>\t\t\t\t\t\t\t\t<\/div>\n\t\t\t\t<\/div>\n\t\t\t\t<\/div>\n\t\t<div class=\"elementor-element elementor-element-5517574 e-con-full e-flex e-con e-child\" data-id=\"5517574\" data-element_type=\"container\" data-e-type=\"container\">\n\t\t\t\t<div class=\"elementor-element elementor-element-ec2b6cb elementor-widget elementor-widget-image\" data-id=\"ec2b6cb\" data-element_type=\"widget\" data-e-type=\"widget\" data-widget_type=\"image.default\">\n\t\t\t\t<div class=\"elementor-widget-container\">\n\t\t\t\t\t\t\t\t\t\t\t\t\t\t\t<img fetchpriority=\"high\" decoding=\"async\" width=\"800\" height=\"534\" src=\"https:\/\/kendov-dvorec.com\/wp-content\/uploads\/2025\/09\/kolo-scott2.jpeg\" class=\"attachment-large size-large wp-image-24354\" alt=\"\" srcset=\"https:\/\/kendov-dvorec.com\/wp-content\/uploads\/2025\/09\/kolo-scott2.jpeg 1024w, https:\/\/kendov-dvorec.com\/wp-content\/uploads\/2025\/09\/kolo-scott2-300x200.jpeg 300w, https:\/\/kendov-dvorec.com\/wp-content\/uploads\/2025\/09\/kolo-scott2-768x512.jpeg 768w\" sizes=\"(max-width: 800px) 100vw, 800px\" \/>\t\t\t\t\t\t\t\t\t\t\t\t\t\t\t<\/div>\n\t\t\t\t<\/div>\n\t\t\t\t<\/div>\n\t\t\t\t\t<\/div>\n\t\t\t\t<\/div>\n\t\t<div class=\"elementor-element elementor-element-f734a30 e-flex e-con-boxed e-con e-parent\" data-id=\"f734a30\" data-element_type=\"container\" data-e-type=\"container\" data-settings=\"{&quot;background_background&quot;:&quot;classic&quot;}\">\n\t\t\t\t\t<div class=\"e-con-inner\">\n\t\t\t\t<div class=\"elementor-element elementor-element-8d948ea elementor-widget elementor-widget-heading\" data-id=\"8d948ea\" data-element_type=\"widget\" data-e-type=\"widget\" data-widget_type=\"heading.default\">\n\t\t\t\t<div class=\"elementor-widget-container\">\n\t\t\t\t\t<h2 class=\"elementor-heading-title elementor-size-default\">I migliori posti da visitare<\/h2>\t\t\t\t<\/div>\n\t\t\t\t<\/div>\n\t\t<div class=\"elementor-element elementor-element-132560d e-con-full e-flex e-con e-child\" data-id=\"132560d\" data-element_type=\"container\" data-e-type=\"container\">\n\t\t<div class=\"elementor-element elementor-element-3af7c54 e-con-full e-flex e-con e-child\" data-id=\"3af7c54\" data-element_type=\"container\" data-e-type=\"container\">\n\t\t\t\t<div class=\"elementor-element elementor-element-7aae82a elementor-widget elementor-widget-image\" data-id=\"7aae82a\" data-element_type=\"widget\" data-e-type=\"widget\" data-widget_type=\"image.default\">\n\t\t\t\t<div class=\"elementor-widget-container\">\n\t\t\t\t\t\t\t\t\t\t\t\t\t\t\t<img decoding=\"async\" width=\"800\" height=\"453\" src=\"https:\/\/kendov-dvorec.com\/wp-content\/uploads\/2025\/09\/Kendov-dvorec-wild-lake.jpg\" class=\"attachment-large size-large wp-image-24375\" alt=\"\" srcset=\"https:\/\/kendov-dvorec.com\/wp-content\/uploads\/2025\/09\/Kendov-dvorec-wild-lake.jpg 900w, https:\/\/kendov-dvorec.com\/wp-content\/uploads\/2025\/09\/Kendov-dvorec-wild-lake-300x170.jpg 300w, https:\/\/kendov-dvorec.com\/wp-content\/uploads\/2025\/09\/Kendov-dvorec-wild-lake-768x435.jpg 768w\" sizes=\"(max-width: 800px) 100vw, 800px\" \/>\t\t\t\t\t\t\t\t\t\t\t\t\t\t\t<\/div>\n\t\t\t\t<\/div>\n\t\t\t\t<div class=\"elementor-element elementor-element-d44f572 elementor-widget elementor-widget-text-editor\" data-id=\"d44f572\" data-element_type=\"widget\" data-e-type=\"widget\" data-widget_type=\"text-editor.default\">\n\t\t\t\t<div class=\"elementor-widget-container\">\n\t\t\t\t\t\t\t\t\t<p><strong>AVETE BISOGNO DI RINFRESCARVI?<\/strong><br>Visitate la famosa zona balneare naturale di Idrijska Bela. Data la temperatura abbastanza bassa dell\u2019acqua avrete bisogno di un po\u2019 di coraggio per nuotare ma la natura che circonda la confluenza dei fiumi Idrijca in Belca vi travolger\u00e0 sicuramente con la sua bellezza. Lungo il percorso non fatevi sfuggire il famoso lago Divje jezero (in fotografia).<\/p><p><em>Kendov Dvorec \u2013 lago Divje jezero \u2013 zona balneare di Idrijska Bela \u2013 Kendov Dvorec<br><\/em><\/p><p><em>Lunghezza: <strong>26 km<\/strong><\/em><br><em>Dislivello: <strong>106 m<\/strong><\/em> <\/p>\t\t\t\t\t\t\t\t<\/div>\n\t\t\t\t<\/div>\n\t\t\t\t<\/div>\n\t\t<div class=\"elementor-element elementor-element-4e5b19c e-con-full e-flex e-con e-child\" data-id=\"4e5b19c\" data-element_type=\"container\" data-e-type=\"container\">\n\t\t\t\t<div class=\"elementor-element elementor-element-18b0f70 elementor-widget elementor-widget-image\" data-id=\"18b0f70\" data-element_type=\"widget\" data-e-type=\"widget\" data-widget_type=\"image.default\">\n\t\t\t\t<div class=\"elementor-widget-container\">\n\t\t\t\t\t\t\t\t\t\t\t\t\t\t\t<img decoding=\"async\" width=\"800\" height=\"453\" src=\"https:\/\/kendov-dvorec.com\/wp-content\/uploads\/2025\/09\/Kendov-Dvorec_sturmajce.jpg\" class=\"attachment-large size-large wp-image-24370\" alt=\"\" srcset=\"https:\/\/kendov-dvorec.com\/wp-content\/uploads\/2025\/09\/Kendov-Dvorec_sturmajce.jpg 900w, https:\/\/kendov-dvorec.com\/wp-content\/uploads\/2025\/09\/Kendov-Dvorec_sturmajce-300x170.jpg 300w, https:\/\/kendov-dvorec.com\/wp-content\/uploads\/2025\/09\/Kendov-Dvorec_sturmajce-768x435.jpg 768w\" sizes=\"(max-width: 800px) 100vw, 800px\" \/>\t\t\t\t\t\t\t\t\t\t\t\t\t\t\t<\/div>\n\t\t\t\t<\/div>\n\t\t\t\t<div class=\"elementor-element elementor-element-fcfb595 elementor-widget elementor-widget-text-editor\" data-id=\"fcfb595\" data-element_type=\"widget\" data-e-type=\"widget\" data-widget_type=\"text-editor.default\">\n\t\t\t\t<div class=\"elementor-widget-container\">\n\t\t\t\t\t\t\t\t\t<p><strong>UN BEL PANORAMA SULL\u2019OBLAKOV VRH<\/strong><br>Avviatevi sul sentiero per le \u201cKanomeljske klav\u017ee\u201d, possenti chiuse che furono costruite durante il periodo delle Province Illiriche di Napoleone, come dimostra l\u2019iscrizione scolpita nella lastra di pietra. Ritornate alla valle Kanomlja e proseguite il percorso verso Oblakov vrh che nelle belle giornate vi delizier\u00e0 con uno splendido panorama.<\/p><p><em>Kendov Dvorec \u2013 chiuse Kanomeljske klav\u017ee \u2013 Oblakov vrh \u2013 Kendov Dvorec<\/em><\/p><p><em>Lunghezza:<strong> 35 km<\/strong><br>Dislivello: <strong>371 m <\/strong> <\/em><\/p>\t\t\t\t\t\t\t\t<\/div>\n\t\t\t\t<\/div>\n\t\t\t\t<\/div>\n\t\t<div class=\"elementor-element elementor-element-28fbcd9 e-con-full e-flex e-con e-child\" data-id=\"28fbcd9\" data-element_type=\"container\" data-e-type=\"container\">\n\t\t\t\t<div class=\"elementor-element elementor-element-16827b8 elementor-widget elementor-widget-image\" data-id=\"16827b8\" data-element_type=\"widget\" data-e-type=\"widget\" data-widget_type=\"image.default\">\n\t\t\t\t<div class=\"elementor-widget-container\">\n\t\t\t\t\t\t\t\t\t\t\t\t\t\t\t<img loading=\"lazy\" decoding=\"async\" width=\"800\" height=\"450\" src=\"https:\/\/kendov-dvorec.com\/wp-content\/uploads\/2025\/09\/Kendov-dvorec-idrijca.jpg\" class=\"attachment-large size-large wp-image-24365\" alt=\"\" srcset=\"https:\/\/kendov-dvorec.com\/wp-content\/uploads\/2025\/09\/Kendov-dvorec-idrijca.jpg 900w, https:\/\/kendov-dvorec.com\/wp-content\/uploads\/2025\/09\/Kendov-dvorec-idrijca-300x169.jpg 300w, https:\/\/kendov-dvorec.com\/wp-content\/uploads\/2025\/09\/Kendov-dvorec-idrijca-768x432.jpg 768w\" sizes=\"(max-width: 800px) 100vw, 800px\" \/>\t\t\t\t\t\t\t\t\t\t\t\t\t\t\t<\/div>\n\t\t\t\t<\/div>\n\t\t\t\t<div class=\"elementor-element elementor-element-feeb3b8 elementor-widget elementor-widget-text-editor\" data-id=\"feeb3b8\" data-element_type=\"widget\" data-e-type=\"widget\" data-widget_type=\"text-editor.default\">\n\t\t\t\t<div class=\"elementor-widget-container\">\n\t\t\t\t\t\t\t\t\t<p><strong>NEL CUORE DEL PARCO PAESAGGISTICO<\/strong><br>Pedalate su uno degli itinerari pi\u00f9 belli della regione di Idrija. Seguite il corso superiore del fiume Idrijca, salite fino a Krekov\u0161e, passando per il rifugio dei cacciatori, e scendete poi nella valle Belca dove sarete ripagati dalla vista sulle chiuse di Putrih e Brus (Putrihove in Brusove klav\u017ee), possenti barriere d\u2019acqua utilizzate un tempo per il trasporto del legno.<\/p><p><em>Kendov Dvorec \u2013 lago Divje jezero \u2013 Idrijska Bela \u2013 Krekov\u0161e \u2013 chiuse di Putrih (Putrihove klav\u017ee) \u2013 chiuse di Brus (Brusove klav\u017ee) \u2013 Kendov Dvorec<\/em><\/p><p><em>Lunghezza: <strong>41 km<\/strong><br>Dislivello: <strong>376 m<\/strong> <\/em><\/p>\t\t\t\t\t\t\t\t<\/div>\n\t\t\t\t<\/div>\n\t\t\t\t<\/div>\n\t\t\t\t<\/div>\n\t\t\t\t\t<\/div>\n\t\t\t\t<\/div>\n\t\t<div class=\"elementor-element elementor-element-916605a e-flex e-con-boxed e-con e-parent\" data-id=\"916605a\" data-element_type=\"container\" data-e-type=\"container\">\n\t\t\t\t\t<div class=\"e-con-inner\">\n\t\t<div class=\"elementor-element elementor-element-34e4026 e-con-full e-flex e-con e-child\" data-id=\"34e4026\" data-element_type=\"container\" data-e-type=\"container\">\n\t\t\t\t<div class=\"elementor-element elementor-element-6ad4819 elementor-widget elementor-widget-heading\" data-id=\"6ad4819\" data-element_type=\"widget\" data-e-type=\"widget\" data-widget_type=\"heading.default\">\n\t\t\t\t<div class=\"elementor-widget-container\">\n\t\t\t\t\t<h1 class=\"elementor-heading-title elementor-size-default\">UN GIORNO DELLA NATURA<\/h1>\t\t\t\t<\/div>\n\t\t\t\t<\/div>\n\t\t\t\t<div class=\"elementor-element elementor-element-36bd14d elementor-widget elementor-widget-heading\" data-id=\"36bd14d\" data-element_type=\"widget\" data-e-type=\"widget\" data-widget_type=\"heading.default\">\n\t\t\t\t<div class=\"elementor-widget-container\">\n\t\t\t\t\t<h1 class=\"elementor-heading-title elementor-size-default\">IL PARCO REGIONALE DELLA ZGORNJA IDRIJCA<\/h1>\t\t\t\t<\/div>\n\t\t\t\t<\/div>\n\t\t\t\t<div class=\"elementor-element elementor-element-2b82e8e elementor-widget elementor-widget-heading\" data-id=\"2b82e8e\" data-element_type=\"widget\" data-e-type=\"widget\" data-widget_type=\"heading.default\">\n\t\t\t\t<div class=\"elementor-widget-container\">\n\t\t\t\t\t<h2 class=\"elementor-heading-title elementor-size-default\">Sul pittoresco sentiero verso le fonti sarete conquistati dalla bellezza della natura.<\/h2>\t\t\t\t<\/div>\n\t\t\t\t<\/div>\n\t\t\t\t<div class=\"elementor-element elementor-element-664e6ef elementor-widget elementor-widget-text-editor\" data-id=\"664e6ef\" data-element_type=\"widget\" data-e-type=\"widget\" data-widget_type=\"text-editor.default\">\n\t\t\t\t<div class=\"elementor-widget-container\">\n\t\t\t\t\t\t\t\t\t<p>Visitate l\u2019eccezionale <strong>Divje jezero<\/strong> (Lago selvaggio) nascosto tra pareti scoscese. Il lago color smeraldo \u00e8 solitamente calmo, ma in occasione di forti piogge dalla sorgente carsica sotterranea riemerge una grande quantit\u00e0 d\u2019acqua, il che ha dato al lago il nome di \u201cselvaggio\u201d.<\/p><p>Nel lago si trovano <strong>trote<\/strong>, e nella grotta anche il famoso <strong>proteo <\/strong>(Proteus anguinus). I dintorni del lago sono noti per l\u2019eccezionale variet\u00e0 di specie vegetali. Tra questi vi sono alcuni endemiti, con la famosissima <strong>primula carnica<\/strong> (Primula carniolica). Dal Lago selvaggio esce la <strong>Jezernica<\/strong>, il fiume sloveno pi\u00f9 corto, lungo appena 50 metri.<\/p><p>La strada oltre il Lago selvaggio vi porta nel cuore del parco paesaggistico, dove potrete ammirare la bellezza delle piscine dei fiumi <strong>Idrijca <\/strong>e <strong>Belca<\/strong>. In estate sono un popolare luogo di ristoro.<\/p><p>Alla confluenza dei fiumi si pu\u00f2 continuare a sinistra, lungo la Belca, o a destra, lungo l\u2019Idrijca, fino alle famose chiuse, le \u201c<strong>klav\u017ee<\/strong>\u201d.<\/p><p>Molti ricchi giacimenti di <strong>fossili <\/strong>testimoniano la diversit\u00e0 geologica del Parco regionale dell\u2019Alta Idrijca. <\/p>\t\t\t\t\t\t\t\t<\/div>\n\t\t\t\t<\/div>\n\t\t\t\t<\/div>\n\t\t<div class=\"elementor-element elementor-element-be85397 e-con-full e-flex e-con e-child\" data-id=\"be85397\" data-element_type=\"container\" data-e-type=\"container\">\n\t\t\t\t<div class=\"elementor-element elementor-element-e14dcd6 elementor-widget elementor-widget-image\" data-id=\"e14dcd6\" data-element_type=\"widget\" data-e-type=\"widget\" data-widget_type=\"image.default\">\n\t\t\t\t<div class=\"elementor-widget-container\">\n\t\t\t\t\t\t\t\t\t\t\t\t\t\t\t<img loading=\"lazy\" decoding=\"async\" width=\"686\" height=\"1024\" src=\"https:\/\/kendov-dvorec.com\/wp-content\/uploads\/2025\/09\/kendov-dvorec-klavze-686x1024.jpg\" class=\"attachment-large size-large wp-image-24386\" alt=\"\" srcset=\"https:\/\/kendov-dvorec.com\/wp-content\/uploads\/2025\/09\/kendov-dvorec-klavze-686x1024.jpg 686w, https:\/\/kendov-dvorec.com\/wp-content\/uploads\/2025\/09\/kendov-dvorec-klavze-201x300.jpg 201w, https:\/\/kendov-dvorec.com\/wp-content\/uploads\/2025\/09\/kendov-dvorec-klavze-768x1147.jpg 768w, https:\/\/kendov-dvorec.com\/wp-content\/uploads\/2025\/09\/kendov-dvorec-klavze.jpg 900w\" sizes=\"(max-width: 686px) 100vw, 686px\" \/>\t\t\t\t\t\t\t\t\t\t\t\t\t\t\t<\/div>\n\t\t\t\t<\/div>\n\t\t\t\t<\/div>\n\t\t\t\t\t<\/div>\n\t\t\t\t<\/div>\n\t\t<div class=\"elementor-element elementor-element-388e647 e-flex e-con-boxed e-con e-parent\" data-id=\"388e647\" data-element_type=\"container\" data-e-type=\"container\" data-settings=\"{&quot;background_background&quot;:&quot;classic&quot;}\">\n\t\t\t\t\t<div class=\"e-con-inner\">\n\t\t<div class=\"elementor-element elementor-element-2047a05 e-con-full e-flex e-con e-child\" data-id=\"2047a05\" data-element_type=\"container\" data-e-type=\"container\">\n\t\t\t\t<div class=\"elementor-element elementor-element-215d22a elementor-widget elementor-widget-image\" data-id=\"215d22a\" data-element_type=\"widget\" data-e-type=\"widget\" data-widget_type=\"image.default\">\n\t\t\t\t<div class=\"elementor-widget-container\">\n\t\t\t\t\t\t\t\t\t\t\t\t\t\t\t<img loading=\"lazy\" decoding=\"async\" width=\"800\" height=\"800\" src=\"https:\/\/kendov-dvorec.com\/wp-content\/uploads\/2025\/09\/panorama.jpg\" class=\"attachment-large size-large wp-image-24419\" alt=\"\" srcset=\"https:\/\/kendov-dvorec.com\/wp-content\/uploads\/2025\/09\/panorama.jpg 960w, https:\/\/kendov-dvorec.com\/wp-content\/uploads\/2025\/09\/panorama-300x300.jpg 300w, https:\/\/kendov-dvorec.com\/wp-content\/uploads\/2025\/09\/panorama-150x150.jpg 150w, https:\/\/kendov-dvorec.com\/wp-content\/uploads\/2025\/09\/panorama-768x768.jpg 768w\" sizes=\"(max-width: 800px) 100vw, 800px\" \/>\t\t\t\t\t\t\t\t\t\t\t\t\t\t\t<\/div>\n\t\t\t\t<\/div>\n\t\t\t\t<\/div>\n\t\t<div class=\"elementor-element elementor-element-a485021 e-con-full e-flex e-con e-child\" data-id=\"a485021\" data-element_type=\"container\" data-e-type=\"container\">\n\t\t\t\t<div class=\"elementor-element elementor-element-a742389 elementor-widget elementor-widget-heading\" data-id=\"a742389\" data-element_type=\"widget\" data-e-type=\"widget\" data-widget_type=\"heading.default\">\n\t\t\t\t<div class=\"elementor-widget-container\">\n\t\t\t\t\t<h1 class=\"elementor-heading-title elementor-size-default\">ESCURSIONE SULL\u2019ALTOPIANO DI<\/h1>\t\t\t\t<\/div>\n\t\t\t\t<\/div>\n\t\t\t\t<div class=\"elementor-element elementor-element-6b5b11a elementor-widget elementor-widget-heading\" data-id=\"6b5b11a\" data-element_type=\"widget\" data-e-type=\"widget\" data-widget_type=\"heading.default\">\n\t\t\t\t<div class=\"elementor-widget-container\">\n\t\t\t\t\t<h1 class=\"elementor-heading-title elementor-size-default\">IDRIJSKE KRNICE<\/h1>\t\t\t\t<\/div>\n\t\t\t\t<\/div>\n\t\t\t\t<div class=\"elementor-element elementor-element-5cc7a12 elementor-widget elementor-widget-heading\" data-id=\"5cc7a12\" data-element_type=\"widget\" data-e-type=\"widget\" data-widget_type=\"heading.default\">\n\t\t\t\t<div class=\"elementor-widget-container\">\n\t\t\t\t\t<h2 class=\"elementor-heading-title elementor-size-default\">Dirigetevi verso il paese collinare sull\u2019altopiano sopra la valle del fiume Kanomljica.<\/h2>\t\t\t\t<\/div>\n\t\t\t\t<\/div>\n\t\t\t\t<div class=\"elementor-element elementor-element-56b99ac elementor-widget elementor-widget-text-editor\" data-id=\"56b99ac\" data-element_type=\"widget\" data-e-type=\"widget\" data-widget_type=\"text-editor.default\">\n\t\t\t\t<div class=\"elementor-widget-container\">\n\t\t\t\t\t\t\t\t\t<p>I chilometri iniziali dalla valle di Kanomlja fino a Idrijske Krnice saranno veramente ripidi in quanto bisogner\u00e0 superare un dislivello di pi\u00f9 di settecento metri ma la bellezza dell\u2019altopiano, la morbidezza del paesaggio collinare, la vista verso la cima del monte <strong>Jelenk <\/strong>alto 1107 m e gli splendidi tramonti vi ripagheranno della fatica.<\/p><p>Le fattorie del pittoresco borgo producono <strong>ottimi formaggi<\/strong> e latticini di latte vaccino, nonch\u00e9 erbe aromatiche coltivate biologicamente per <strong>tisane alle erbe<\/strong> che potrete anche provare, previo accordo. Il villaggio con circa 140 abitanti \u00e8 noto anche per la sua lunga tradizione di <strong>estrazione del carbone.<\/strong><\/p><p><em>Kendov Dvorec \u2013 Casa di erbe (Hi\u0161a zeli\u0161\u010d) \u2013 Idrijske Krnice \u2013 Kendov Dvorec<\/em><\/p><p><em>Lunghezza: <strong>24 km<\/strong><br>Dislivello: <strong>715 m<\/strong> <\/em><\/p>\t\t\t\t\t\t\t\t<\/div>\n\t\t\t\t<\/div>\n\t\t\t\t<\/div>\n\t\t\t\t\t<\/div>\n\t\t\t\t<\/div>\n\t\t\t\t<\/div>\n\t\t","protected":false},"excerpt":{"rendered":"<p>ESPERIENZE UNA GITA IN BICICLETTA Partite per nuove avventure! Trascorrete la giornata all\u2019aria aperta, alla scoperta del bellissimo paesaggio, dei siti storici e culturali. Il Kendov Dvorec vi offre la possibilit\u00e0 di noleggiare una bicicletta elettrica con cui potrete affrontare facilmente anche i sentieri pi\u00f9 ripidi intorno alle colline circostanti. Disponiamo di biciclette SCOTT da [&hellip;]<\/p>\n","protected":false},"author":1,"featured_media":972,"parent":26716,"menu_order":9,"comment_status":"closed","ping_status":"closed","template":"elementor_header_footer","meta":{"footnotes":""},"class_list":["post-26779","page","type-page","status-publish","has-post-thumbnail","hentry"],"_links":{"self":[{"href":"https:\/\/kendov-dvorec.com\/it\/wp-json\/wp\/v2\/pages\/26779","targetHints":{"allow":["GET"]}}],"collection":[{"href":"https:\/\/kendov-dvorec.com\/it\/wp-json\/wp\/v2\/pages"}],"about":[{"href":"https:\/\/kendov-dvorec.com\/it\/wp-json\/wp\/v2\/types\/page"}],"author":[{"embeddable":true,"href":"https:\/\/kendov-dvorec.com\/it\/wp-json\/wp\/v2\/users\/1"}],"replies":[{"embeddable":true,"href":"https:\/\/kendov-dvorec.com\/it\/wp-json\/wp\/v2\/comments?post=26779"}],"version-history":[{"count":2,"href":"https:\/\/kendov-dvorec.com\/it\/wp-json\/wp\/v2\/pages\/26779\/revisions"}],"predecessor-version":[{"id":26781,"href":"https:\/\/kendov-dvorec.com\/it\/wp-json\/wp\/v2\/pages\/26779\/revisions\/26781"}],"up":[{"embeddable":true,"href":"https:\/\/kendov-dvorec.com\/it\/wp-json\/wp\/v2\/pages\/26716"}],"wp:featuredmedia":[{"embeddable":true,"href":"https:\/\/kendov-dvorec.com\/it\/wp-json\/wp\/v2\/media\/972"}],"wp:attachment":[{"href":"https:\/\/kendov-dvorec.com\/it\/wp-json\/wp\/v2\/media?parent=26779"}],"curies":[{"name":"wp","href":"https:\/\/api.w.org\/{rel}","templated":true}]}}