{"id":26796,"date":"2017-10-05T07:36:18","date_gmt":"2017-10-05T06:36:18","guid":{"rendered":"https:\/\/kendov-dvorec.com\/autori\/"},"modified":"2026-04-07T08:20:45","modified_gmt":"2026-04-07T07:20:45","slug":"autori","status":"publish","type":"page","link":"https:\/\/kendov-dvorec.com\/it\/autori\/","title":{"rendered":"AUTORI"},"content":{"rendered":"\t\t<div data-elementor-type=\"wp-page\" data-elementor-id=\"26796\" class=\"elementor elementor-26796 elementor-5834\" data-elementor-post-type=\"page\">\n\t\t\t\t<div class=\"elementor-element elementor-element-ed152e4 e-flex e-con-boxed e-con e-parent\" data-id=\"ed152e4\" data-element_type=\"container\" data-e-type=\"container\">\n\t\t\t\t\t<div class=\"e-con-inner\">\n\t\t\t\t<div class=\"elementor-element elementor-element-92c068e elementor-widget elementor-widget-heading\" data-id=\"92c068e\" data-element_type=\"widget\" data-e-type=\"widget\" data-widget_type=\"heading.default\">\n\t\t\t\t<div class=\"elementor-widget-container\">\n\t\t\t\t\t<h3 class=\"elementor-heading-title elementor-size-default\">AUTORI<\/h3>\t\t\t\t<\/div>\n\t\t\t\t<\/div>\n\t\t\t\t<div class=\"elementor-element elementor-element-820e985 elementor-widget elementor-widget-text-editor\" data-id=\"820e985\" data-element_type=\"widget\" data-e-type=\"widget\" data-widget_type=\"text-editor.default\">\n\t\t\t\t<div class=\"elementor-widget-container\">\n\t\t\t\t\t\t\t\t\t<h6 class=\"fusion-responsive-typography-calculated\" data-fontsize=\"19\" data-lineheight=\"28.5px\">Creazione del sito web:<\/h6><p>Vesna Lamov\u0161ek, Mojaspletka, www.mojaspletka.si<\/p><h6 class=\"fusion-responsive-typography-calculated\" data-fontsize=\"19\" data-lineheight=\"28.5px\"><span style=\"color: #b4975a;\">Progettazione:<\/span><\/h6><p>Kristina Smodila, Designlicious, www.designlicious.si<\/p><h6 class=\"fusion-responsive-typography-calculated\" data-fontsize=\"19\" data-lineheight=\"28.5px\">Contenuti:<\/h6><p>Kendov dvorec<\/p><h6 class=\"fusion-responsive-typography-calculated\" data-fontsize=\"19\" data-lineheight=\"28.5px\">Fotografie:<\/h6><p>Zoran Abram<br>Dragan Arrigler<br>Fiorenzo Calosso &amp; Riccardo Lavezzo<br>Gabriele Cutini<br>Branko \u010ceak<br>Dean Dubukovi\u010d<br>Ale\u0161 Fev\u017eer<br>Jo\u0161t Gantar, <a href=\"http:\/\/www.slovenia.info\/\">slovenia.info<\/a><br>Fulvio Grisoni <br>Nejc Hafner<br>Anne-Claire H\u00e9raud<br>Vid Jakop<br>Tomo Jeseni\u010dnik, <a href=\"http:\/\/www.slovenia.info\/\">slovenia.info<\/a><br>Miran Kambi\u010d, <a href=\"http:\/\/www.slovenia.info\/\">slovenia.info<\/a><br>Tilen Klinc &amp; Alja\u017e Seljak  <br>Miha Kokalj<br>Luka Kotnik, Mediaspeed, <a href=\"http:\/\/www.slovenia.info\/\">slovenia.info<\/a><br>Breda Krajnc <br>Matic Kuder<br>\u017diga Lov\u0161in<br>Uro\u0161 Mencinger<br>Marijan Mo\u010divnik<br>Jani Peternelj, archive R\u017dS, <a href=\"http:\/\/www.slovenia.info\/\">slovenia.info<\/a><br>Tadeja Pav\u0161i\u010d <br>Helena Pregelj<br>Janez Puk\u0161i\u010d<br>Grega \u0160ajn<br>Marko \u0160inkovec, slovenia.info<br>Bojan Tav\u010dar<br>Samo Trebi\u017ean<br>Bo\u017eo Ur\u0161i\u010d, archive Idrija Tourist Board, <a href=\"http:\/\/www.slovenia.info\/\">slovenia.info<\/a><br>Vivi &amp; Ian,  <a href=\"http:\/\/www.wnfdiary.com\/\">wnfdiary.com <\/a><\/p><p>Stephanie Tetu<\/p><p>Tine Venko<br>Robert Zabukovec<\/p><p>\u2026<\/p><p>Passaggio di Antonio (Antonijev rov)<\/p><p>Merletto d\u2019autore di Idrija Tina Koder<\/p><p>Centro del Patrimonio di Idrija (Center za idrijsko dedi\u0161\u010dino)<\/p><p>Centro per la gestione del Patrimonio del mercurio (Center za upravljanje z dedi\u0161\u010dino \u017eivega srebra)<\/p><p>Scuola di merletto di Idrija: merletto di Idrija;<br>realizzato da Anja Miku\u017e, alunna della Scuola di merletto di Idrija;<br>autore del modello: non disponibile, archivio della Scuola di merletto di Idrija;<br>foto: Marijan Mo\u010divnik<\/p><p>Museo civico (Mestni muzej) Idrija<\/p><p>Associazione pescatori di Idrija (Ribi\u0161ka dru\u017eina Idrija)<\/p><p>Fonderia Hg<\/p><p>Visit Cerkno \/ www.visitcerkno.si<\/p><p>Visit Idrija \/ www.visit-idrija.si<\/p><p>Parrocchia Spodnja Idrija<br> <br><\/p><div id=\"gtx-trans\" style=\"position: absolute; left: -3px; top: 361.312px;\"><div class=\"gtx-trans-icon\"> <\/div><\/div>\t\t\t\t\t\t\t\t<\/div>\n\t\t\t\t<\/div>\n\t\t\t\t\t<\/div>\n\t\t\t\t<\/div>\n\t\t\t\t<\/div>\n\t\t","protected":false},"excerpt":{"rendered":"<p>AUTORI Creazione del sito web: Vesna Lamov\u0161ek, Mojaspletka, www.mojaspletka.si Progettazione: Kristina Smodila, Designlicious, www.designlicious.si Contenuti: Kendov dvorec Fotografie: Zoran AbramDragan ArriglerFiorenzo Calosso &amp; Riccardo LavezzoGabriele CutiniBranko \u010ceakDean Dubukovi\u010dAle\u0161 Fev\u017eerJo\u0161t Gantar, slovenia.infoFulvio Grisoni Nejc HafnerAnne-Claire H\u00e9raudVid JakopTomo Jeseni\u010dnik, slovenia.infoMiran Kambi\u010d, slovenia.infoTilen Klinc &amp; Alja\u017e Seljak Miha KokaljLuka Kotnik, Mediaspeed, slovenia.infoBreda Krajnc Matic Kuder\u017diga Lov\u0161inUro\u0161 MencingerMarijan Mo\u010divnikJani [&hellip;]<\/p>\n","protected":false},"author":1,"featured_media":2282,"parent":0,"menu_order":9,"comment_status":"closed","ping_status":"closed","template":"elementor_header_footer","meta":{"footnotes":""},"class_list":["post-26796","page","type-page","status-publish","has-post-thumbnail","hentry"],"_links":{"self":[{"href":"https:\/\/kendov-dvorec.com\/it\/wp-json\/wp\/v2\/pages\/26796","targetHints":{"allow":["GET"]}}],"collection":[{"href":"https:\/\/kendov-dvorec.com\/it\/wp-json\/wp\/v2\/pages"}],"about":[{"href":"https:\/\/kendov-dvorec.com\/it\/wp-json\/wp\/v2\/types\/page"}],"author":[{"embeddable":true,"href":"https:\/\/kendov-dvorec.com\/it\/wp-json\/wp\/v2\/users\/1"}],"replies":[{"embeddable":true,"href":"https:\/\/kendov-dvorec.com\/it\/wp-json\/wp\/v2\/comments?post=26796"}],"version-history":[{"count":1,"href":"https:\/\/kendov-dvorec.com\/it\/wp-json\/wp\/v2\/pages\/26796\/revisions"}],"predecessor-version":[{"id":26797,"href":"https:\/\/kendov-dvorec.com\/it\/wp-json\/wp\/v2\/pages\/26796\/revisions\/26797"}],"wp:featuredmedia":[{"embeddable":true,"href":"https:\/\/kendov-dvorec.com\/it\/wp-json\/wp\/v2\/media\/2282"}],"wp:attachment":[{"href":"https:\/\/kendov-dvorec.com\/it\/wp-json\/wp\/v2\/media?parent=26796"}],"curies":[{"name":"wp","href":"https:\/\/api.w.org\/{rel}","templated":true}]}}