{"id":26829,"date":"2017-10-17T16:48:07","date_gmt":"2017-10-17T15:48:07","guid":{"rendered":"https:\/\/kendov-dvorec.com\/avviso-sui-cookie\/"},"modified":"2026-04-07T08:21:07","modified_gmt":"2026-04-07T07:21:07","slug":"avviso-sui-cookie","status":"publish","type":"page","link":"https:\/\/kendov-dvorec.com\/it\/avviso-sui-cookie\/","title":{"rendered":"Avviso sui Cookie"},"content":{"rendered":"\t\t<div data-elementor-type=\"wp-page\" data-elementor-id=\"26829\" class=\"elementor elementor-26829 elementor-5847\" data-elementor-post-type=\"page\">\n\t\t\t\t<div class=\"elementor-element elementor-element-6bb2fa2 e-flex e-con-boxed e-con e-parent\" data-id=\"6bb2fa2\" data-element_type=\"container\" data-e-type=\"container\">\n\t\t\t\t\t<div class=\"e-con-inner\">\n\t\t\t\t<div class=\"elementor-element elementor-element-0eaf6bb elementor-widget elementor-widget-heading\" data-id=\"0eaf6bb\" data-element_type=\"widget\" data-e-type=\"widget\" data-widget_type=\"heading.default\">\n\t\t\t\t<div class=\"elementor-widget-container\">\n\t\t\t\t\t<h1 class=\"elementor-heading-title elementor-size-default\">I COOKIE<\/h1>\t\t\t\t<\/div>\n\t\t\t\t<\/div>\n\t\t\t\t<div class=\"elementor-element elementor-element-682af6f elementor-widget elementor-widget-text-editor\" data-id=\"682af6f\" data-element_type=\"widget\" data-e-type=\"widget\" data-widget_type=\"text-editor.default\">\n\t\t\t\t<div class=\"elementor-widget-container\">\n\t\t\t\t\t\t\t\t\t<p>Per il funzionamento della pagina il sito www.kendov-dvorec.com utilizza cookie che non memorizzano informazioni personali ma monitorano la vostra attivit\u00e0 e il vostro interesse al fine di fornire un\u2019esperienza utente migliore. Utilizzando il sito i visitatori acconsentono al loro utilizzo. <\/p><p>I cookie non sono una novit\u00e0, tutti i visitatori di un sito web hanno molti cookie provenienti da diversi siti sui loro computer, tablet e telefoni cellulari. Di nuovo c\u2019\u00e8 soltanto che la nuova legislazione ha portato cambiamenti nelle informazioni ovvero sul consenso dei visitatori al loro uso.   <\/p>\t\t\t\t\t\t\t\t<\/div>\n\t\t\t\t<\/div>\n\t\t\t\t<div class=\"elementor-element elementor-element-eb8f6f3 elementor-widget elementor-widget-heading\" data-id=\"eb8f6f3\" data-element_type=\"widget\" data-e-type=\"widget\" data-widget_type=\"heading.default\">\n\t\t\t\t<div class=\"elementor-widget-container\">\n\t\t\t\t\t<h3 class=\"elementor-heading-title elementor-size-default\">Cosa sono i cookie?<\/h3>\t\t\t\t<\/div>\n\t\t\t\t<\/div>\n\t\t\t\t<div class=\"elementor-element elementor-element-c7320a8 elementor-widget elementor-widget-text-editor\" data-id=\"c7320a8\" data-element_type=\"widget\" data-e-type=\"widget\" data-widget_type=\"text-editor.default\">\n\t\t\t\t<div class=\"elementor-widget-container\">\n\t\t\t\t\t\t\t\t\t<p>Sono piccoli file di testo che la maggior parte dei siti memorizza sui dispositivi con cui gli utenti accedono a Internet al fine di identificare i singoli dispositivi che gli utenti hanno utilizzato per accedere. La loro archiviazione \u00e8 sotto il controllo completo del browser dell\u2019utente \u2013 che pu\u00f2 limitare o disabilitare la memorizzazione dei cookie a proprio piacimento. I cookie non sono dannosi e sono sempre limitati nel tempo.   <\/p>\t\t\t\t\t\t\t\t<\/div>\n\t\t\t\t<\/div>\n\t\t\t\t<div class=\"elementor-element elementor-element-84adab5 elementor-widget elementor-widget-heading\" data-id=\"84adab5\" data-element_type=\"widget\" data-e-type=\"widget\" data-widget_type=\"heading.default\">\n\t\t\t\t<div class=\"elementor-widget-container\">\n\t\t\t\t\t<h3 class=\"elementor-heading-title elementor-size-default\">Perch\u00e9 i cookie sono necessari?<\/h3>\t\t\t\t<\/div>\n\t\t\t\t<\/div>\n\t\t\t\t<div class=\"elementor-element elementor-element-045c728 elementor-widget elementor-widget-text-editor\" data-id=\"045c728\" data-element_type=\"widget\" data-e-type=\"widget\" data-widget_type=\"text-editor.default\">\n\t\t\t\t<div class=\"elementor-widget-container\">\n\t\t\t\t\t\t\t\t\t<p>Sono fondamentali per garantire servizi online user-friendly. Con l\u2019aiuto dei cookie l\u2019interazione tra l\u2019utente web e il sito \u00e8 pi\u00f9 veloce e pi\u00f9 semplice. Con il loro aiuto il sito ricorda le preferenze e l\u2019esperienza della persona, risparmiando tempo e rendendo la navigazione pi\u00f9 efficiente e piacevole.  <\/p><p>Alcuni esempi concreti dell\u2019uso dei cookie:<\/p><ul><li>per una migliore esperienza utente del sito personalizziamo per i visitatori la visualizzazione dei contenuti in base alle visite precedenti,<\/li><li>per salvare le scelte quando si crea una lista di dispositivi e offerte e per confrontarle,<\/li><li>su sezioni di siti web in cui \u00e8 richiesta la registrazione vi manteniamo registrati,<\/li><li>per identificare il dispositivo (computer, tablet, cellulare) che consente di adeguare la visualizzazione del contenuto al dispositivo,<\/li><li>per monitorare la visita, il che consente di verificare l\u2019efficacia della visualizzazione dei contenuti e della pertinenza dell\u2019annuncio e il miglioramento continuo del sito,<\/li><li>per il funzionamento di determinati servizi sono necessari (ad es. banche online, negozi online e altre forme di e-commerce).<\/li><\/ul><p>Per le esigenze del sito utilizziamo:<\/p><p>Cookie di sessione<br>Necessario per far funzionare il sistema per la regolamentazione e la visualizzazione dei contenuti. Questo cookie garantisce la corretta ricezione di messaggi e contenuti elettronici sul sito web. Il cookie viene cancellato quando l\u2019utente lascia il sito.  <\/p><p>Cookie per ricordare le impostazioni dell\u2019utente<br>Utilizziamo i cookie per ricordare le impostazioni dell\u2019utente, come ad esempio un cookie che contiene informazioni sull\u2019accettazione o sul rifiuto dei cookie. <\/p><p>Cookie di Google Analytics<br>__utma: tempi del cookie = 2 anni<br>__utmb: tempi del cookie = 30 minuti<br>__utmc: tempi del cookie = fino alla chiusura del browser<br>__utmz: tempi del cookie = 6 mesi<\/p><p>Usando questi cookie registriamo le statistiche dei visitatori. Questi cookie non contengono alcun dato personale, servono solo per garantire l\u2019unicit\u00e0 delle visite.  <\/p>\t\t\t\t\t\t\t\t<\/div>\n\t\t\t\t<\/div>\n\t\t\t\t<div class=\"elementor-element elementor-element-a89ad45 elementor-widget elementor-widget-heading\" data-id=\"a89ad45\" data-element_type=\"widget\" data-e-type=\"widget\" data-widget_type=\"heading.default\">\n\t\t\t\t<div class=\"elementor-widget-container\">\n\t\t\t\t\t<h3 class=\"elementor-heading-title elementor-size-default\">Come gestire i cookie?<\/h3>\t\t\t\t<\/div>\n\t\t\t\t<\/div>\n\t\t\t\t<div class=\"elementor-element elementor-element-c458b0d elementor-widget elementor-widget-text-editor\" data-id=\"c458b0d\" data-element_type=\"widget\" data-e-type=\"widget\" data-widget_type=\"text-editor.default\">\n\t\t\t\t<div class=\"elementor-widget-container\">\n\t\t\t\t\t\t\t\t\t<p>La maggior parte dei browser web consente di impostare i cookie. Puoi rifiutare o accettare i cookie con la funzione integrata nei browser web. Se si rifiutano i cookie \u00e8 possibile continuare a utilizzare il nostro sito ma alcune sottopagine non funzioneranno.  <\/p><p>Di seguito sono riportati i collegamenti alle istruzioni su come disattivare i cookie sul browser web.<\/p>\t\t\t\t\t\t\t\t<\/div>\n\t\t\t\t<\/div>\n\t\t\t\t<div class=\"elementor-element elementor-element-bc5aaef elementor-icon-list--layout-traditional elementor-list-item-link-full_width elementor-widget elementor-widget-icon-list\" data-id=\"bc5aaef\" data-element_type=\"widget\" data-e-type=\"widget\" data-widget_type=\"icon-list.default\">\n\t\t\t\t<div class=\"elementor-widget-container\">\n\t\t\t\t\t\t\t<ul class=\"elementor-icon-list-items\">\n\t\t\t\t\t\t\t<li class=\"elementor-icon-list-item\">\n\t\t\t\t\t\t\t\t\t\t\t<a href=\"http:\/\/support.mozilla.org\/en-US\/kb\/cookies-information-websites-store-on-your-computer?redirectlocale=en-US&#038;redirectslug=Cookies\">\n\n\t\t\t\t\t\t\t\t\t\t\t<span class=\"elementor-icon-list-text\">MOZILLA FIREFOX<\/span>\n\t\t\t\t\t\t\t\t\t\t\t<\/a>\n\t\t\t\t\t\t\t\t\t<\/li>\n\t\t\t\t\t\t\t\t<li class=\"elementor-icon-list-item\">\n\t\t\t\t\t\t\t\t\t\t\t<a href=\"http:\/\/support.microsoft.com\/kb\/196955\">\n\n\t\t\t\t\t\t\t\t\t\t\t<span class=\"elementor-icon-list-text\">INTERNET EXPLORER<\/span>\n\t\t\t\t\t\t\t\t\t\t\t<\/a>\n\t\t\t\t\t\t\t\t\t<\/li>\n\t\t\t\t\t\t\t\t<li class=\"elementor-icon-list-item\">\n\t\t\t\t\t\t\t\t\t\t\t<a href=\"http:\/\/support.google.com\/chrome\/bin\/answer.py?hl=en&#038;answer=95647\">\n\n\t\t\t\t\t\t\t\t\t\t\t<span class=\"elementor-icon-list-text\">CHROME<\/span>\n\t\t\t\t\t\t\t\t\t\t\t<\/a>\n\t\t\t\t\t\t\t\t\t<\/li>\n\t\t\t\t\t\t\t\t<li class=\"elementor-icon-list-item\">\n\t\t\t\t\t\t\t\t\t\t\t<a href=\"http:\/\/support.apple.com\/kb\/PH5042\">\n\n\t\t\t\t\t\t\t\t\t\t\t<span class=\"elementor-icon-list-text\">SAFARI<\/span>\n\t\t\t\t\t\t\t\t\t\t\t<\/a>\n\t\t\t\t\t\t\t\t\t<\/li>\n\t\t\t\t\t\t<\/ul>\n\t\t\t\t\t\t<\/div>\n\t\t\t\t<\/div>\n\t\t\t\t\t<\/div>\n\t\t\t\t<\/div>\n\t\t\t\t<\/div>\n\t\t","protected":false},"excerpt":{"rendered":"<p>I COOKIE Per il funzionamento della pagina il sito www.kendov-dvorec.com utilizza cookie che non memorizzano informazioni personali ma monitorano la vostra attivit\u00e0 e il vostro interesse al fine di fornire un\u2019esperienza utente migliore. Utilizzando il sito i visitatori acconsentono al loro utilizzo. I cookie non sono una novit\u00e0, tutti i visitatori di un sito web [&hellip;]<\/p>\n","protected":false},"author":1,"featured_media":0,"parent":0,"menu_order":10,"comment_status":"closed","ping_status":"closed","template":"elementor_header_footer","meta":{"footnotes":""},"class_list":["post-26829","page","type-page","status-publish","hentry"],"_links":{"self":[{"href":"https:\/\/kendov-dvorec.com\/it\/wp-json\/wp\/v2\/pages\/26829","targetHints":{"allow":["GET"]}}],"collection":[{"href":"https:\/\/kendov-dvorec.com\/it\/wp-json\/wp\/v2\/pages"}],"about":[{"href":"https:\/\/kendov-dvorec.com\/it\/wp-json\/wp\/v2\/types\/page"}],"author":[{"embeddable":true,"href":"https:\/\/kendov-dvorec.com\/it\/wp-json\/wp\/v2\/users\/1"}],"replies":[{"embeddable":true,"href":"https:\/\/kendov-dvorec.com\/it\/wp-json\/wp\/v2\/comments?post=26829"}],"version-history":[{"count":1,"href":"https:\/\/kendov-dvorec.com\/it\/wp-json\/wp\/v2\/pages\/26829\/revisions"}],"predecessor-version":[{"id":26830,"href":"https:\/\/kendov-dvorec.com\/it\/wp-json\/wp\/v2\/pages\/26829\/revisions\/26830"}],"wp:attachment":[{"href":"https:\/\/kendov-dvorec.com\/it\/wp-json\/wp\/v2\/media?parent=26829"}],"curies":[{"name":"wp","href":"https:\/\/api.w.org\/{rel}","templated":true}]}}