{"id":26856,"date":"2017-09-04T11:10:19","date_gmt":"2017-09-04T10:10:19","guid":{"rendered":"https:\/\/kendov-dvorec.com\/esperienze\/spodnja-idrija\/"},"modified":"2026-04-07T08:18:45","modified_gmt":"2026-04-07T07:18:45","slug":"spodnja-idrija","status":"publish","type":"page","link":"https:\/\/kendov-dvorec.com\/it\/esperienze\/spodnja-idrija\/","title":{"rendered":"Spodnja Idrija"},"content":{"rendered":"\t\t<div data-elementor-type=\"wp-page\" data-elementor-id=\"26856\" class=\"elementor elementor-26856 elementor-5827\" data-elementor-post-type=\"page\">\n\t\t\t\t<div class=\"elementor-element elementor-element-40a485e e-flex e-con-boxed e-con e-parent\" data-id=\"40a485e\" data-element_type=\"container\" data-e-type=\"container\" data-settings=\"{&quot;background_background&quot;:&quot;classic&quot;}\">\n\t\t\t\t\t<div class=\"e-con-inner\">\n\t\t\t\t\t<\/div>\n\t\t\t\t<\/div>\n\t\t<div class=\"elementor-element elementor-element-f94a83d e-flex e-con-boxed e-con e-parent\" data-id=\"f94a83d\" data-element_type=\"container\" data-e-type=\"container\">\n\t\t\t\t\t<div class=\"e-con-inner\">\n\t\t<div class=\"elementor-element elementor-element-5fb7b32 e-con-full e-flex e-con e-child\" data-id=\"5fb7b32\" data-element_type=\"container\" data-e-type=\"container\">\n\t\t\t\t<div class=\"elementor-element elementor-element-1f09ff8 elementor-widget elementor-widget-heading\" data-id=\"1f09ff8\" data-element_type=\"widget\" data-e-type=\"widget\" data-widget_type=\"heading.default\">\n\t\t\t\t<div class=\"elementor-widget-container\">\n\t\t\t\t\t<h1 class=\"elementor-heading-title elementor-size-default\">ESPERIENZE<\/h1>\t\t\t\t<\/div>\n\t\t\t\t<\/div>\n\t\t\t\t<div class=\"elementor-element elementor-element-29e18e8 elementor-widget elementor-widget-heading\" data-id=\"29e18e8\" data-element_type=\"widget\" data-e-type=\"widget\" data-widget_type=\"heading.default\">\n\t\t\t\t<div class=\"elementor-widget-container\">\n\t\t\t\t\t<h1 class=\"elementor-heading-title elementor-size-default\">SPODNJA IDRIJA<\/h1>\t\t\t\t<\/div>\n\t\t\t\t<\/div>\n\t\t\t\t<div class=\"elementor-element elementor-element-af1aa2a elementor-widget elementor-widget-heading\" data-id=\"af1aa2a\" data-element_type=\"widget\" data-e-type=\"widget\" data-widget_type=\"heading.default\">\n\t\t\t\t<div class=\"elementor-widget-container\">\n\t\t\t\t\t<h2 class=\"elementor-heading-title elementor-size-default\">L\u2019antico centro di pellegrinaggio di Marija na Skalci.<\/h2>\t\t\t\t<\/div>\n\t\t\t\t<\/div>\n\t\t\t\t<div class=\"elementor-element elementor-element-58d0636 elementor-widget elementor-widget-text-editor\" data-id=\"58d0636\" data-element_type=\"widget\" data-e-type=\"widget\" data-widget_type=\"text-editor.default\">\n\t\t\t\t<div class=\"elementor-widget-container\">\n\t\t\t\t\t\t\t\t\t<p>Le radici di Spodnja Idrija, precedentemente nota come Ydria Sclabonica \u2013 Idria slovena, risalgono all\u2019anno 1156 quando papa Celestino III volta menzion\u00f2 per la prima volta la cappella di Marija na Skalci. Spodnja Idrija \u00e8 molto pi\u00f9 antica della vicina e pi\u00f9 grande Idrija, famosa in tutto il mondo per la miniera di mercurio.  <\/p><p>Come centro religioso ed ecclesiastico di onorevole e antica tradizione Spodnja Idrija ha svolto un importante ruolo storico e culturale. Il posto \u00e8 ancora chiamato \u201cFara\u201d (parrocchia), e i suoi abitanti sono \u201cPr\u2019farci\u201d, perch\u00e9 un tempo Marija na Skalci era davvero la \u201cmadre fara\u201d delle parrocchie circostanti. <\/p><p>Oggi, con la societ\u00e0 internazionale Hidria, \u00e8 un importante centro economico. <\/p>\t\t\t\t\t\t\t\t<\/div>\n\t\t\t\t<\/div>\n\t\t\t\t<\/div>\n\t\t<div class=\"elementor-element elementor-element-311e8be e-con-full e-flex e-con e-child\" data-id=\"311e8be\" data-element_type=\"container\" data-e-type=\"container\">\n\t\t\t\t<div class=\"elementor-element elementor-element-b58e481 elementor-widget elementor-widget-image\" data-id=\"b58e481\" data-element_type=\"widget\" data-e-type=\"widget\" data-widget_type=\"image.default\">\n\t\t\t\t<div class=\"elementor-widget-container\">\n\t\t\t\t\t\t\t\t\t\t\t\t\t\t\t<img fetchpriority=\"high\" decoding=\"async\" width=\"662\" height=\"442\" src=\"https:\/\/kendov-dvorec.com\/wp-content\/uploads\/2025\/09\/Kendov_dvorec_struklji-1.jpg\" class=\"attachment-large size-large wp-image-24027\" alt=\"\" srcset=\"https:\/\/kendov-dvorec.com\/wp-content\/uploads\/2025\/09\/Kendov_dvorec_struklji-1.jpg 662w, https:\/\/kendov-dvorec.com\/wp-content\/uploads\/2025\/09\/Kendov_dvorec_struklji-1-300x200.jpg 300w\" sizes=\"(max-width: 662px) 100vw, 662px\" \/>\t\t\t\t\t\t\t\t\t\t\t\t\t\t\t<\/div>\n\t\t\t\t<\/div>\n\t\t\t\t<div class=\"elementor-element elementor-element-98c43bc elementor-widget elementor-widget-heading\" data-id=\"98c43bc\" data-element_type=\"widget\" data-e-type=\"widget\" data-widget_type=\"heading.default\">\n\t\t\t\t<div class=\"elementor-widget-container\">\n\t\t\t\t\t<h1 class=\"elementor-heading-title elementor-size-default\">FESTA DELL\u2019ASSUNZIONE DI MARIARRAGOSTO, 15 agosto <\/h1>\t\t\t\t<\/div>\n\t\t\t\t<\/div>\n\t\t\t\t<div class=\"elementor-element elementor-element-6691ceb elementor-widget elementor-widget-text-editor\" data-id=\"6691ceb\" data-element_type=\"widget\" data-e-type=\"widget\" data-widget_type=\"text-editor.default\">\n\t\t\t\t<div class=\"elementor-widget-container\">\n\t\t\t\t\t\t\t\t\tDurante la festa parrocchiale \u2013 la festa dell\u2019Assunzione di Maria gli abitanti da sempre fanno ghirlande di edera e cucinano gli struccoli, per questo la giornata \u00e8 anche conosciuta come Prfarski \u0161trukljevc.\t\t\t\t\t\t\t\t<\/div>\n\t\t\t\t<\/div>\n\t\t\t\t<\/div>\n\t\t\t\t\t<\/div>\n\t\t\t\t<\/div>\n\t\t<div class=\"elementor-element elementor-element-3829bdb e-flex e-con-boxed e-con e-parent\" data-id=\"3829bdb\" data-element_type=\"container\" data-e-type=\"container\" data-settings=\"{&quot;background_background&quot;:&quot;classic&quot;}\">\n\t\t\t\t\t<div class=\"e-con-inner\">\n\t\t\t\t<div class=\"elementor-element elementor-element-6081511 elementor-widget elementor-widget-heading\" data-id=\"6081511\" data-element_type=\"widget\" data-e-type=\"widget\" data-widget_type=\"heading.default\">\n\t\t\t\t<div class=\"elementor-widget-container\">\n\t\t\t\t\t<h2 class=\"elementor-heading-title elementor-size-default\">Scoprite Spodnja Idrija\n<\/h2>\t\t\t\t<\/div>\n\t\t\t\t<\/div>\n\t\t<div class=\"elementor-element elementor-element-532cc52 e-con-full e-flex e-con e-child\" data-id=\"532cc52\" data-element_type=\"container\" data-e-type=\"container\">\n\t\t<div class=\"elementor-element elementor-element-f87e01e e-con-full e-flex e-con e-child\" data-id=\"f87e01e\" data-element_type=\"container\" data-e-type=\"container\">\n\t\t\t\t<div class=\"elementor-element elementor-element-a51e261 elementor-widget elementor-widget-image\" data-id=\"a51e261\" data-element_type=\"widget\" data-e-type=\"widget\" data-widget_type=\"image.default\">\n\t\t\t\t<div class=\"elementor-widget-container\">\n\t\t\t\t\t\t\t\t\t\t\t\t\t\t\t<img decoding=\"async\" width=\"507\" height=\"287\" src=\"https:\/\/kendov-dvorec.com\/wp-content\/uploads\/2025\/09\/Kendov_dvorec_church2.jpg\" class=\"attachment-large size-large wp-image-24076\" alt=\"\" srcset=\"https:\/\/kendov-dvorec.com\/wp-content\/uploads\/2025\/09\/Kendov_dvorec_church2.jpg 507w, https:\/\/kendov-dvorec.com\/wp-content\/uploads\/2025\/09\/Kendov_dvorec_church2-300x170.jpg 300w\" sizes=\"(max-width: 507px) 100vw, 507px\" \/>\t\t\t\t\t\t\t\t\t\t\t\t\t\t\t<\/div>\n\t\t\t\t<\/div>\n\t\t\t\t<div class=\"elementor-element elementor-element-fc8a60b elementor-widget elementor-widget-text-editor\" data-id=\"fc8a60b\" data-element_type=\"widget\" data-e-type=\"widget\" data-widget_type=\"text-editor.default\">\n\t\t\t\t<div class=\"elementor-widget-container\">\n\t\t\t\t\t\t\t\t\t<p><strong>MARIJA NA SKALCI<\/strong><br>Sopra il centro storico di Spodnja Idrija si erge superba la chiesa parrocchiale della Vergine Maria Assunta. Il Santuario di Maria na Skalci, che vanta oltre 800 anni di storia, gode di un\u2019ottima posizione ed \u00e8 visibile da lontano e da tutti i lati. <\/p>\t\t\t\t\t\t\t\t<\/div>\n\t\t\t\t<\/div>\n\t\t\t\t<\/div>\n\t\t<div class=\"elementor-element elementor-element-6302542 e-con-full e-flex e-con e-child\" data-id=\"6302542\" data-element_type=\"container\" data-e-type=\"container\">\n\t\t\t\t<div class=\"elementor-element elementor-element-6df225e elementor-widget elementor-widget-image\" data-id=\"6df225e\" data-element_type=\"widget\" data-e-type=\"widget\" data-widget_type=\"image.default\">\n\t\t\t\t<div class=\"elementor-widget-container\">\n\t\t\t\t\t\t\t\t\t\t\t\t\t\t\t<img decoding=\"async\" width=\"800\" height=\"453\" src=\"https:\/\/kendov-dvorec.com\/wp-content\/uploads\/2025\/09\/Kendov_dvorec_Kanomeljske_klavze.jpg\" class=\"attachment-large size-large wp-image-24070\" alt=\"\" srcset=\"https:\/\/kendov-dvorec.com\/wp-content\/uploads\/2025\/09\/Kendov_dvorec_Kanomeljske_klavze.jpg 900w, https:\/\/kendov-dvorec.com\/wp-content\/uploads\/2025\/09\/Kendov_dvorec_Kanomeljske_klavze-300x170.jpg 300w, https:\/\/kendov-dvorec.com\/wp-content\/uploads\/2025\/09\/Kendov_dvorec_Kanomeljske_klavze-768x435.jpg 768w\" sizes=\"(max-width: 800px) 100vw, 800px\" \/>\t\t\t\t\t\t\t\t\t\t\t\t\t\t\t<\/div>\n\t\t\t\t<\/div>\n\t\t\t\t<div class=\"elementor-element elementor-element-3053dd8 elementor-widget elementor-widget-text-editor\" data-id=\"3053dd8\" data-element_type=\"widget\" data-e-type=\"widget\" data-widget_type=\"text-editor.default\">\n\t\t\t\t<div class=\"elementor-widget-container\">\n\t\t\t\t\t\t\t\t\t<p><strong>KANOMELJSKE KLAV\u017dE<\/strong><br>Le possenti chiuse, dette \u201cklav\u017ee\u201d, furono costruite durante il periodo delle Province Illiriche di Napoleone, come dimostra l\u2019iscrizione, scolpita nella lastra di pietra, \u201cSub imperio Napoleonis 1813\u201d. Le chiuse venivano usate per trasportare il legno sul letto del fiume fino a valle. <\/p>\t\t\t\t\t\t\t\t<\/div>\n\t\t\t\t<\/div>\n\t\t\t\t<\/div>\n\t\t<div class=\"elementor-element elementor-element-3d9ee99 e-con-full e-flex e-con e-child\" data-id=\"3d9ee99\" data-element_type=\"container\" data-e-type=\"container\">\n\t\t\t\t<div class=\"elementor-element elementor-element-4bfa168 elementor-widget elementor-widget-image\" data-id=\"4bfa168\" data-element_type=\"widget\" data-e-type=\"widget\" data-widget_type=\"image.default\">\n\t\t\t\t<div class=\"elementor-widget-container\">\n\t\t\t\t\t\t\t\t\t\t\t\t\t\t\t<img loading=\"lazy\" decoding=\"async\" width=\"800\" height=\"452\" src=\"https:\/\/kendov-dvorec.com\/wp-content\/uploads\/2025\/09\/kendov_dvorec-muharjenje-1.jpg\" class=\"attachment-large size-large wp-image-24065\" alt=\"\" srcset=\"https:\/\/kendov-dvorec.com\/wp-content\/uploads\/2025\/09\/kendov_dvorec-muharjenje-1.jpg 900w, https:\/\/kendov-dvorec.com\/wp-content\/uploads\/2025\/09\/kendov_dvorec-muharjenje-1-300x170.jpg 300w, https:\/\/kendov-dvorec.com\/wp-content\/uploads\/2025\/09\/kendov_dvorec-muharjenje-1-768x434.jpg 768w\" sizes=\"(max-width: 800px) 100vw, 800px\" \/>\t\t\t\t\t\t\t\t\t\t\t\t\t\t\t<\/div>\n\t\t\t\t<\/div>\n\t\t\t\t<div class=\"elementor-element elementor-element-ede07eb elementor-widget elementor-widget-text-editor\" data-id=\"ede07eb\" data-element_type=\"widget\" data-e-type=\"widget\" data-widget_type=\"text-editor.default\">\n\t\t\t\t<div class=\"elementor-widget-container\">\n\t\t\t\t\t\t\t\t\t<p><strong>L\u2019IDRIJCA E LA KANOMLJICA<\/strong><br>A Spodnja Idrija scorrono i fiumi limpidi e cristallini di Idrijca e Kanomljica in cui vive la trota marmorata autoctona Idrijca. Nel periodo da aprile a ottobre i fiumi con la loro bellezza naturale e l\u2019abbondanza di pesce attirano gli amanti della pesca a mosca da tutto il mondo.  <\/p>\t\t\t\t\t\t\t\t<\/div>\n\t\t\t\t<\/div>\n\t\t\t\t<\/div>\n\t\t\t\t<\/div>\n\t\t\t\t\t<\/div>\n\t\t\t\t<\/div>\n\t\t\t\t<\/div>\n\t\t","protected":false},"excerpt":{"rendered":"<p>ESPERIENZE SPODNJA IDRIJA L\u2019antico centro di pellegrinaggio di Marija na Skalci. Le radici di Spodnja Idrija, precedentemente nota come Ydria Sclabonica \u2013 Idria slovena, risalgono all\u2019anno 1156 quando papa Celestino III volta menzion\u00f2 per la prima volta la cappella di Marija na Skalci. Spodnja Idrija \u00e8 molto pi\u00f9 antica della vicina e pi\u00f9 grande Idrija, [&hellip;]<\/p>\n","protected":false},"author":1,"featured_media":1732,"parent":26716,"menu_order":4,"comment_status":"closed","ping_status":"closed","template":"elementor_header_footer","meta":{"footnotes":""},"class_list":["post-26856","page","type-page","status-publish","has-post-thumbnail","hentry"],"_links":{"self":[{"href":"https:\/\/kendov-dvorec.com\/it\/wp-json\/wp\/v2\/pages\/26856","targetHints":{"allow":["GET"]}}],"collection":[{"href":"https:\/\/kendov-dvorec.com\/it\/wp-json\/wp\/v2\/pages"}],"about":[{"href":"https:\/\/kendov-dvorec.com\/it\/wp-json\/wp\/v2\/types\/page"}],"author":[{"embeddable":true,"href":"https:\/\/kendov-dvorec.com\/it\/wp-json\/wp\/v2\/users\/1"}],"replies":[{"embeddable":true,"href":"https:\/\/kendov-dvorec.com\/it\/wp-json\/wp\/v2\/comments?post=26856"}],"version-history":[{"count":1,"href":"https:\/\/kendov-dvorec.com\/it\/wp-json\/wp\/v2\/pages\/26856\/revisions"}],"predecessor-version":[{"id":26857,"href":"https:\/\/kendov-dvorec.com\/it\/wp-json\/wp\/v2\/pages\/26856\/revisions\/26857"}],"up":[{"embeddable":true,"href":"https:\/\/kendov-dvorec.com\/it\/wp-json\/wp\/v2\/pages\/26716"}],"wp:featuredmedia":[{"embeddable":true,"href":"https:\/\/kendov-dvorec.com\/it\/wp-json\/wp\/v2\/media\/1732"}],"wp:attachment":[{"href":"https:\/\/kendov-dvorec.com\/it\/wp-json\/wp\/v2\/media?parent=26856"}],"curies":[{"name":"wp","href":"https:\/\/api.w.org\/{rel}","templated":true}]}}