{"id":26926,"date":"2023-07-17T12:23:49","date_gmt":"2023-07-17T11:23:49","guid":{"rendered":"https:\/\/kendov-dvorec.com\/home-orig\/"},"modified":"2023-07-17T12:23:49","modified_gmt":"2023-07-17T11:23:49","slug":"home-orig","status":"publish","type":"page","link":"https:\/\/kendov-dvorec.com\/it\/home-orig\/","title":{"rendered":"Home-orig"},"content":{"rendered":"<p>[vc_row][vc_column offset=&#8221;vc_hidden-lg vc_hidden-md vc_hidden-sm&#8221;][vc_widget_sidebar sidebar_id=&#8221;avada-custom-sidebar-bookbuttonmobile&#8221;][\/vc_column][\/vc_row][vc_row full_width=&#8221;stretch_row_content_no_spaces&#8221;][vc_column][rev_slider_vc alias=&#8221;homepage_slider&#8221;][\/vc_column][\/vc_row][vc_row css=&#8221;.vc_custom_1507208982576{padding-top: 45px !important;padding-bottom: 45px !important;}&#8221;][vc_column][vc_row_inner][vc_column_inner width=&#8221;1\/4&#8243;][\/vc_column_inner][vc_column_inner width=&#8221;1\/2&#8243;][vc_single_image image=&#8221;7482&#8243; img_size=&#8221;full&#8221; alignment=&#8221;center&#8221;][\/vc_column_inner][vc_column_inner width=&#8221;1\/4&#8243;][\/vc_column_inner][\/vc_row_inner][vc_row_inner][vc_column_inner width=&#8221;1\/6&#8243;][\/vc_column_inner][vc_column_inner width=&#8221;2\/3&#8243;][vc_column_text]<\/p>\n<p style=\"text-align: center;\">Il Kendov Dvorec \u00e8 un 5* hotel unico nell\u2019antica regione di Idrija; \u00e8 membro dell\u2019associazione internazionale Relais &amp; Chateaux. Le radici del Kendov Dvorec risalgono all\u2019anno 1377, quando i primi proprietari gi\u00e0 detenevano la fattoria sopra la valle del fiume Idrijca. Il possente edificio dell\u2019antica masseria Kenda a Spodnja Idrija, che si \u00e8 sviluppato dal 1156 accanto alla chiesa di pellegrinaggio di Mariji na Skalci, \u00e8 oggi restaurato e riportato alla luce nello spirito del passato.<br \/>\n <\/p>\n<p>[\/vc_column_text][vc_btn title=&#8221;ALTRE INFORMAZIONI SUL KENDOV DVOREC&#8221; style=&#8221;outline&#8221; shape=&#8221;square&#8221; color=&#8221;black&#8221; align=&#8221;center&#8221; link=&#8221;url:https%3A%2F%2Fkendov-dvorec.zipp.si%2Fkendov-dvorec%2F|&#8221;][\/vc_column_inner][vc_column_inner width=&#8221;1\/6&#8243;][\/vc_column_inner][\/vc_row_inner][\/vc_column][\/vc_row][vc_row full_width=&#8221;stretch_row&#8221; transparent=&#8221;transparent&#8221; row_padding_top=&#8221;padding_top_1-2&#8243; el_class=&#8221;negative_margin_bottom_150_front&#8221; css=&#8221;.vc_custom_1507214952467{padding-top: 30px !important;padding-bottom: 30px !important;background-color: #f7f2e7 !important;}&#8221;][vc_column][vc_column_text]<\/p>\n<h1 style=\"text-align: center;\">OFFERTE<\/h1>\n<h2 style=\"text-align: center;\">Scoprite l\u2019ambiente tranquillo di un castello rurale, il ricco patrimonio e la bellezza della natura.<\/h2>\n<p>[\/vc_column_text][vc_row_inner][vc_column_inner width=&#8221;1\/3&#8243;][vc_single_image image=&#8221;4755&#8243; img_size=&#8221;full&#8221; alignment=&#8221;center&#8221; onclick=&#8221;custom_link&#8221; link=&#8221;https:\/\/kendov-dvorec.zipp.si\/ponudbe\/gurmansko-dozivetje\/&#8221;][vc_column_text]<\/p>\n<h3 class=\"fusion-responsive-typography-calculated\" data-fontsize=\"28\" data-lineheight=\"42px\"><a href=\"https:\/\/kendov-dvorec.zipp.si\/ponudbe\/gurmansko-dozivetje\/\">ESPERIENZE GOURMET<\/a><\/h3>\n<p>Venite a conoscere la cucina locale originale che unisce l\u2019abilit\u00e0 degli chef della casa e le ricette testate delle nostre nonne.<br \/>\n<a href=\"https:\/\/kendov-dvorec.zipp.si\/ponudbe\/gurmansko-dozivetje\/\">Altro \u203a\u203a<\/a><\/p>\n<p>[\/vc_column_text][\/vc_column_inner][vc_column_inner width=&#8221;1\/3&#8243;][vc_single_image image=&#8221;4585&#8243; img_size=&#8221;full&#8221; alignment=&#8221;center&#8221; onclick=&#8221;custom_link&#8221; link=&#8221;https:\/\/kendov-dvorec.zipp.si\/ponudbe\/raj-za-muharjenje\/&#8221;][vc_column_text]<\/p>\n<h3><\/h3>\n<h3 class=\"fusion-responsive-typography-calculated\" data-fontsize=\"28\" data-lineheight=\"42px\"><a href=\"https:\/\/kendov-dvorec.zipp.si\/ponudbe\/raj-za-muharjenje\/\">PARADISO DELLA PESCA A MOSCA<\/a><\/h3>\n<p>Abbinate la vostra passione per la pesca a mosca con una vacanza al Kendov Dvorec, a pochi passi dai limpidi fiumi cristallini.<br \/>\n<a href=\"https:\/\/kendov-dvorec.zipp.si\/ponudbe\/raj-za-muharjenje\/\">Altro \u203a\u203a<\/a><\/p>\n<p>[\/vc_column_text][\/vc_column_inner][vc_column_inner width=&#8221;1\/3&#8243;][vc_single_image image=&#8221;4649&#8243; img_size=&#8221;full&#8221; alignment=&#8221;center&#8221; onclick=&#8221;custom_link&#8221; link=&#8221;https:\/\/kendov-dvorec.zipp.si\/ponudbe\/romanticni-oddih\/&#8221;][vc_column_text]<\/p>\n<h3><a href=\"https:\/\/kendov-dvorec.zipp.si\/ponudbe\/romanticni-oddih\/\">VACANZA ROMANTICA<\/a><\/h3>\n<div class=\"ProductDesc Mrgn6\">\n<p class=\"fusion-responsive-typography-calculated\" data-fontsize=\"45\" data-lineheight=\"54px\">Regalatevi Vacanze Romantiche che include colazione, cena a lume di candela e vino spumante nella vostra camera.<br \/>\n<a href=\"http:\/\/ponudbe\/romanticni-oddih\">Altro \u203a\u203a \u203a\u203a<\/a><\/p>\n<\/div>\n<p>[\/vc_column_text][\/vc_column_inner][\/vc_row_inner][vc_btn title=&#8221;GUARDA TUTTE LE OFFERTE&#8221; style=&#8221;outline&#8221; shape=&#8221;square&#8221; color=&#8221;black&#8221; align=&#8221;center&#8221; link=&#8221;url:https%3A%2F%2Fkendov-dvorec.zipp.si%2Fponudbe%2F|&#8221; css=&#8221;.vc_custom_1512148854188{padding-bottom: 20px !important;}&#8221;][\/vc_column][\/vc_row][vc_row transparent=&#8221;transparent&#8221; row_padding_top=&#8221;padding_top_1-2&#8243; row_padding_bottom=&#8221;padding_bottom_1-2&#8243; css=&#8221;.vc_custom_1507276938742{padding-top: 50px !important;padding-bottom: 50px !important;}&#8221;][vc_column width=&#8221;2\/3&#8243; align=&#8221;text-center&#8221;][vc_single_image image=&#8221;3991&#8243; img_size=&#8221;full&#8221; onclick=&#8221;custom_link&#8221; link=&#8221;\/kulinarika\/&#8221;][\/vc_column][vc_column width=&#8221;1\/3&#8243;][vc_column_text]<\/p>\n<h1><a href=\"\/kulinarika\/\">SAPORI ORIGINALI<\/a><\/h1>\n<h2>La cucina al Kendov Dvorec<br \/>\u00e8 poesia \u2013 originale e sofisticata.<\/h2>\n<p>I cuochi del Kendov Dvorec preparano piatti secondo antiche ricette con gli ingredienti freschi offerti dai dintorni. I men\u00f9 della casa quindi cambiano in base alla stagione. \u017dlikrofi (ravioli), bakalca (stufato di montone e verdure), baati, ajmoht (minestra di pollo), struccoli, le peculiarit\u00e0 della riscoperta cucina di Idrija riflettono la tradizione secolare e le abilit\u00e0 manuali delle nostre nonne.<br \/>\n<a href=\"\/kulinarika\/\">Altro \u203a\u203a<\/a>[\/vc_column_text][\/vc_column][\/vc_row][vc_row][vc_column][vc_separator color=&#8221;custom&#8221; accent_color=&#8221;#e5e5e5&#8243;][\/vc_column][\/vc_row][vc_row transparent=&#8221;transparent&#8221; row_padding_top=&#8221;padding_top_1-2&#8243; row_padding_bottom=&#8221;padding_bottom_1-2&#8243; css=&#8221;.vc_custom_1507276973449{padding-top: 50px !important;padding-bottom: 50px !important;}&#8221;][vc_column width=&#8221;1\/3&#8243; align=&#8221;text-center&#8221;][vc_column_text]<\/p>\n<h1><a href=\"https:\/\/kendov-dvorec.zipp.si\/dozivetja\/pokusina-vin\/\">VINI SELEZIONATI<\/a><\/h1>\n<h2>Il naturale con il naturale, l\u2019eccellente con l\u2019eccellente.<\/h2>\n<p>Al Kendov Dvorec prestiamo grande attenzione all\u2019eccellenza e alla semplicit\u00e0 dei sapori dei piatti fatti in casa che sono accompagnati in modo sublime da vini di alta qualit\u00e0 dei produttori della Primorska.<br \/>\nUna vera festa per tutti i sensi \u00e8 la degustazione di vini selezionati dalla cantina del Kendov Dvorec, attraverso la quale vi guideranno un sommelier o un enologo della casa.<br \/>\n<a href=\"https:\/\/kendov-dvorec.zipp.si\/dozivetja\/pokusina-vin\/\">Altro \u203a\u203a<\/a>[\/vc_column_text][\/vc_column][vc_column width=&#8221;2\/3&#8243;][vc_single_image image=&#8221;6275&#8243; img_size=&#8221;full&#8221; onclick=&#8221;custom_link&#8221; link=&#8221;https:\/\/kendov-dvorec.zipp.si\/dozivetja\/pokusina-vin\/&#8221;][\/vc_column][\/vc_row][vc_row full_width=&#8221;stretch_row&#8221; css=&#8221;.vc_custom_1556782727867{padding-top: 35px !important;padding-bottom: 35px !important;background-color: #f7f2e7 !important;}&#8221;][vc_column][vc_column_text]<\/p>\n<h1 style=\"text-align: center;\">STORIE<\/h1>\n<p>[\/vc_column_text][vc_widget_sidebar sidebar_id=&#8221;avada-custom-sidebar-zgodbewidget&#8221;][vc_btn title=&#8221;Visualizza tutte le nostre storie&#8221; style=&#8221;outline&#8221; shape=&#8221;square&#8221; color=&#8221;black&#8221; align=&#8221;center&#8221; link=&#8221;url:https%3A%2F%2Fkendov-dvorec.zipp.si%2Fzgodbe%2F|&#8221; css=&#8221;.vc_custom_1556010971889{padding-bottom: 20px !important;}&#8221;][\/vc_column][\/vc_row][vc_row css=&#8221;.vc_custom_1507284704686{padding-top: 25px !important;padding-bottom: 25px !important;}&#8221;][vc_column width=&#8221;1\/6&#8243;][\/vc_column][vc_column width=&#8221;2\/3&#8243;][vc_widget_sidebar sidebar_id=&#8221;avada-custom-sidebar-testimonials&#8221;][\/vc_column][vc_column width=&#8221;1\/6&#8243;][\/vc_column][\/vc_row][vc_row full_width=&#8221;stretch_row&#8221; row_padding_top=&#8221;padding_top_1-2&#8243; css=&#8221;.vc_custom_1507531557100{padding-bottom: 25px !important;background-color: #323232 !important;}&#8221; el_class=&#8221;footer_novice&#8221;][vc_column][vc_column_text]<\/p>\n<h1 style=\"text-align: center;\"><span style=\"color: #b4975a;\">NEWSLETTER<\/span><\/h1>\n<p>[\/vc_column_text][vc_widget_sidebar sidebar_id=&#8221;avada-custom-sidebar-mailchimpnewsletter&#8221;][\/vc_column][\/vc_row]<\/p>\n","protected":false},"excerpt":{"rendered":"<p>[vc_row][vc_column offset=&#8221;vc_hidden-lg vc_hidden-md vc_hidden-sm&#8221;][vc_widget_sidebar sidebar_id=&#8221;avada-custom-sidebar-bookbuttonmobile&#8221;][\/vc_column][\/vc_row][vc_row full_width=&#8221;stretch_row_content_no_spaces&#8221;][vc_column][rev_slider_vc alias=&#8221;homepage_slider&#8221;][\/vc_column][\/vc_row][vc_row css=&#8221;.vc_custom_1507208982576{padding-top: 45px !important;padding-bottom: 45px !important;}&#8221;][vc_column][vc_row_inner][vc_column_inner width=&#8221;1\/4&#8243;][\/vc_column_inner][vc_column_inner width=&#8221;1\/2&#8243;][vc_single_image image=&#8221;7482&#8243; img_size=&#8221;full&#8221; alignment=&#8221;center&#8221;][\/vc_column_inner][vc_column_inner width=&#8221;1\/4&#8243;][\/vc_column_inner][\/vc_row_inner][vc_row_inner][vc_column_inner width=&#8221;1\/6&#8243;][\/vc_column_inner][vc_column_inner width=&#8221;2\/3&#8243;][vc_column_text] Il Kendov Dvorec \u00e8 un 5* hotel unico nell\u2019antica regione di Idrija; \u00e8 membro dell\u2019associazione internazionale Relais &amp; Chateaux. Le radici del Kendov Dvorec risalgono all\u2019anno 1377, quando i primi proprietari gi\u00e0 detenevano la fattoria [&hellip;]<\/p>\n","protected":false},"author":1,"featured_media":0,"parent":0,"menu_order":1,"comment_status":"closed","ping_status":"closed","template":"","meta":{"footnotes":""},"class_list":["post-26926","page","type-page","status-publish","hentry"],"_links":{"self":[{"href":"https:\/\/kendov-dvorec.com\/it\/wp-json\/wp\/v2\/pages\/26926","targetHints":{"allow":["GET"]}}],"collection":[{"href":"https:\/\/kendov-dvorec.com\/it\/wp-json\/wp\/v2\/pages"}],"about":[{"href":"https:\/\/kendov-dvorec.com\/it\/wp-json\/wp\/v2\/types\/page"}],"author":[{"embeddable":true,"href":"https:\/\/kendov-dvorec.com\/it\/wp-json\/wp\/v2\/users\/1"}],"replies":[{"embeddable":true,"href":"https:\/\/kendov-dvorec.com\/it\/wp-json\/wp\/v2\/comments?post=26926"}],"version-history":[{"count":0,"href":"https:\/\/kendov-dvorec.com\/it\/wp-json\/wp\/v2\/pages\/26926\/revisions"}],"wp:attachment":[{"href":"https:\/\/kendov-dvorec.com\/it\/wp-json\/wp\/v2\/media?parent=26926"}],"curies":[{"name":"wp","href":"https:\/\/api.w.org\/{rel}","templated":true}]}}