{"id":27144,"date":"2019-06-01T12:05:49","date_gmt":"2019-06-01T11:05:49","guid":{"rendered":"https:\/\/kendov-dvorec.com\/esperienze\/dobavitelji\/"},"modified":"2026-04-07T08:19:58","modified_gmt":"2026-04-07T07:19:58","slug":"dobavitelji","status":"publish","type":"page","link":"https:\/\/kendov-dvorec.com\/it\/esperienze\/dobavitelji\/","title":{"rendered":"Dobavitelji"},"content":{"rendered":"\t\t<div data-elementor-type=\"wp-page\" data-elementor-id=\"27144\" class=\"elementor elementor-27144 elementor-5453\" data-elementor-post-type=\"page\">\n\t\t\t\t<div class=\"elementor-element elementor-element-16dd30c e-flex e-con-boxed e-con e-parent\" data-id=\"16dd30c\" data-element_type=\"container\" data-e-type=\"container\" data-settings=\"{&quot;background_background&quot;:&quot;classic&quot;}\">\n\t\t\t\t\t<div class=\"e-con-inner\">\n\t\t\t\t\t<\/div>\n\t\t\t\t<\/div>\n\t\t<div class=\"elementor-element elementor-element-395e785 e-flex e-con-boxed e-con e-parent\" data-id=\"395e785\" data-element_type=\"container\" data-e-type=\"container\">\n\t\t\t\t\t<div class=\"e-con-inner\">\n\t\t<div class=\"elementor-element elementor-element-52fe5bb e-con-full e-flex e-con e-child\" data-id=\"52fe5bb\" data-element_type=\"container\" data-e-type=\"container\">\n\t\t\t\t<div class=\"elementor-element elementor-element-8a7fe7b elementor-widget elementor-widget-heading\" data-id=\"8a7fe7b\" data-element_type=\"widget\" data-e-type=\"widget\" data-widget_type=\"heading.default\">\n\t\t\t\t<div class=\"elementor-widget-container\">\n\t\t\t\t\t<h2 class=\"elementor-heading-title elementor-size-default\">La sala di Hana<\/h2>\t\t\t\t<\/div>\n\t\t\t\t<\/div>\n\t\t\t\t<div class=\"elementor-element elementor-element-533e60d elementor-widget elementor-widget-text-editor\" data-id=\"533e60d\" data-element_type=\"widget\" data-e-type=\"widget\" data-widget_type=\"text-editor.default\">\n\t\t\t\t<div class=\"elementor-widget-container\">\n\t\t\t\t\t\t\t\t\tLa sala pi\u00f9 spaziosa del Kendov Dvorec, anticamente stalla del castello, oggi \u00e8 uno spazio elegantemente decorato destinato a feste, matrimoni, pranzi e cene. La sala di Hana ospita anche incontri di lavoro, presentazioni, corsi di formazione ed eventi culturali.  \t\t\t\t\t\t\t\t<\/div>\n\t\t\t\t<\/div>\n\t\t\t\t<div class=\"elementor-element elementor-element-cd23c16 elementor-widget elementor-widget-text-editor\" data-id=\"cd23c16\" data-element_type=\"widget\" data-e-type=\"widget\" data-widget_type=\"text-editor.default\">\n\t\t\t\t<div class=\"elementor-widget-container\">\n\t\t\t\t\t\t\t\t\t<p><strong>La sala di Hana pu\u00f2 accogliere:<\/strong><br><strong>Ricevimento<\/strong>: 100 ospiti<br><strong>Disposizione cinema:<\/strong> 80 \u2013 100 ospiti<br><strong>Disposizione a I: <\/strong>28 ospiti<br><strong>Disposizione per banchetti: <\/strong>100 ospiti<\/p>\t\t\t\t\t\t\t\t<\/div>\n\t\t\t\t<\/div>\n\t\t\t\t<\/div>\n\t\t<div class=\"elementor-element elementor-element-d3c5bf7 e-con-full e-flex e-con e-child\" data-id=\"d3c5bf7\" data-element_type=\"container\" data-e-type=\"container\">\n\t\t\t\t<div class=\"elementor-element elementor-element-b922d6d elementor-widget elementor-widget-image\" data-id=\"b922d6d\" data-element_type=\"widget\" data-e-type=\"widget\" data-widget_type=\"image.default\">\n\t\t\t\t<div class=\"elementor-widget-container\">\n\t\t\t\t\t\t\t\t\t\t\t\t\t\t\t<img fetchpriority=\"high\" decoding=\"async\" width=\"800\" height=\"453\" src=\"https:\/\/kendov-dvorec.com\/wp-content\/uploads\/2025\/09\/Kendov_dvorec_Hanina3.jpg\" class=\"attachment-large size-large wp-image-24136\" alt=\"\" srcset=\"https:\/\/kendov-dvorec.com\/wp-content\/uploads\/2025\/09\/Kendov_dvorec_Hanina3.jpg 900w, https:\/\/kendov-dvorec.com\/wp-content\/uploads\/2025\/09\/Kendov_dvorec_Hanina3-300x170.jpg 300w, https:\/\/kendov-dvorec.com\/wp-content\/uploads\/2025\/09\/Kendov_dvorec_Hanina3-768x435.jpg 768w\" sizes=\"(max-width: 800px) 100vw, 800px\" \/>\t\t\t\t\t\t\t\t\t\t\t\t\t\t\t<\/div>\n\t\t\t\t<\/div>\n\t\t\t\t<\/div>\n\t\t\t\t\t<\/div>\n\t\t\t\t<\/div>\n\t\t<div class=\"elementor-element elementor-element-7c577cb e-flex e-con-boxed e-con e-parent\" data-id=\"7c577cb\" data-element_type=\"container\" data-e-type=\"container\" data-settings=\"{&quot;background_background&quot;:&quot;classic&quot;}\">\n\t\t\t\t\t<div class=\"e-con-inner\">\n\t\t<div class=\"elementor-element elementor-element-e593b79 e-con-full e-flex e-con e-child\" data-id=\"e593b79\" data-element_type=\"container\" data-e-type=\"container\">\n\t\t\t\t<div class=\"elementor-element elementor-element-31ef6c6 elementor-widget elementor-widget-image\" data-id=\"31ef6c6\" data-element_type=\"widget\" data-e-type=\"widget\" data-widget_type=\"image.default\">\n\t\t\t\t<div class=\"elementor-widget-container\">\n\t\t\t\t\t\t\t\t\t\t\t\t\t\t\t<img decoding=\"async\" width=\"800\" height=\"453\" src=\"https:\/\/kendov-dvorec.com\/wp-content\/uploads\/2025\/09\/Kendov_dvorec_restaurant.jpg\" class=\"attachment-large size-large wp-image-24161\" alt=\"\" srcset=\"https:\/\/kendov-dvorec.com\/wp-content\/uploads\/2025\/09\/Kendov_dvorec_restaurant.jpg 900w, https:\/\/kendov-dvorec.com\/wp-content\/uploads\/2025\/09\/Kendov_dvorec_restaurant-300x170.jpg 300w, https:\/\/kendov-dvorec.com\/wp-content\/uploads\/2025\/09\/Kendov_dvorec_restaurant-768x435.jpg 768w\" sizes=\"(max-width: 800px) 100vw, 800px\" \/>\t\t\t\t\t\t\t\t\t\t\t\t\t\t\t<\/div>\n\t\t\t\t<\/div>\n\t\t\t\t<\/div>\n\t\t<div class=\"elementor-element elementor-element-01047a5 e-con-full e-flex e-con e-child\" data-id=\"01047a5\" data-element_type=\"container\" data-e-type=\"container\">\n\t\t\t\t<div class=\"elementor-element elementor-element-902eb7d elementor-widget elementor-widget-heading\" data-id=\"902eb7d\" data-element_type=\"widget\" data-e-type=\"widget\" data-widget_type=\"heading.default\">\n\t\t\t\t<div class=\"elementor-widget-container\">\n\t\t\t\t\t<h2 class=\"elementor-heading-title elementor-size-default\">La sala di Jakob<\/h2>\t\t\t\t<\/div>\n\t\t\t\t<\/div>\n\t\t\t\t<div class=\"elementor-element elementor-element-cb418ab elementor-widget elementor-widget-text-editor\" data-id=\"cb418ab\" data-element_type=\"widget\" data-e-type=\"widget\" data-widget_type=\"text-editor.default\">\n\t\t\t\t<div class=\"elementor-widget-container\">\n\t\t\t\t\t\t\t\t\t<p>Dalla luminosa sala si gode la vista del giardino fiorito e degli alberi da frutto. La sera prepariamo una degustazione di vini selezionati con un sommelier della casa. La sala \u00e8 anche destinata a riunioni di lavoro e di studio, matrimoni, celebrazioni e incontri serali.   <\/p>\t\t\t\t\t\t\t\t<\/div>\n\t\t\t\t<\/div>\n\t\t\t\t<div class=\"elementor-element elementor-element-e2515b7 elementor-widget elementor-widget-text-editor\" data-id=\"e2515b7\" data-element_type=\"widget\" data-e-type=\"widget\" data-widget_type=\"text-editor.default\">\n\t\t\t\t<div class=\"elementor-widget-container\">\n\t\t\t\t\t\t\t\t\t<p><strong>La sala di Jacob pu\u00f2 accogliere:<\/strong><br><strong>Ricevimento<\/strong>: 60 ospiti<br><strong>Disposizione cinema:<\/strong> 50 ospiti<br><strong>Disposizione a U:<\/strong> 24 ospiti<br><strong>Disposizione per banchetti:<\/strong> 60 ospiti <\/p>\t\t\t\t\t\t\t\t<\/div>\n\t\t\t\t<\/div>\n\t\t\t\t<\/div>\n\t\t\t\t\t<\/div>\n\t\t\t\t<\/div>\n\t\t<div class=\"elementor-element elementor-element-f02a875 e-flex e-con-boxed e-con e-parent\" data-id=\"f02a875\" data-element_type=\"container\" data-e-type=\"container\">\n\t\t\t\t\t<div class=\"e-con-inner\">\n\t\t<div class=\"elementor-element elementor-element-a81c77a e-con-full e-flex e-con e-child\" data-id=\"a81c77a\" data-element_type=\"container\" data-e-type=\"container\">\n\t\t\t\t<div class=\"elementor-element elementor-element-2a2feee elementor-widget elementor-widget-heading\" data-id=\"2a2feee\" data-element_type=\"widget\" data-e-type=\"widget\" data-widget_type=\"heading.default\">\n\t\t\t\t<div class=\"elementor-widget-container\">\n\t\t\t\t\t<h2 class=\"elementor-heading-title elementor-size-default\">ASSAGGIATE LO \u017dELODEC DI \u0160EBRELJE<br><\/h2>\t\t\t\t<\/div>\n\t\t\t\t<\/div>\n\t\t\t\t<div class=\"elementor-element elementor-element-747fd3e elementor-widget elementor-widget-text-editor\" data-id=\"747fd3e\" data-element_type=\"widget\" data-e-type=\"widget\" data-widget_type=\"text-editor.default\">\n\t\t\t\t<div class=\"elementor-widget-container\">\n\t\t\t\t\t\t\t\t\t<p>Sull\u2019altopiano sopra il fiume Idrijca, nelle vicinanze di Divje Babe \u2014 il sito in cui \u00e8 stato rinvenuto lo strumento musicale pi\u00f9 antico al mondo, il flauto neandertaliano risalente a oltre 50.000 anni fa \u2014 si trova il villaggio di \u0160ebrelje.<br>Nel cuore del paese, l\u2019ospitalit\u00e0 della fattoria Polak vi accoglie con calore. Il padrone di casa, Drago, vi invita nella tradizionale \u201cispa\u201d, dove vengono servite eccellenti specialit\u00e0 di salumeria, preparate con ingredienti naturali secondo antiche ricette di famiglia. Tra queste spicca lo \u017delodec di \u0160ebrelje, prodotto sloveno protetto a indicazione geografica.<br>La visita pu\u00f2 essere piacevolmente completata con una passeggiata fino alla vicina chiesetta di San Giovanni.     <span class=\"Apple-converted-space\">  <\/span><\/p>\t\t\t\t\t\t\t\t<\/div>\n\t\t\t\t<\/div>\n\t\t\t\t<div class=\"elementor-element elementor-element-02385eb elementor-widget elementor-widget-text-editor\" data-id=\"02385eb\" data-element_type=\"widget\" data-e-type=\"widget\" data-widget_type=\"text-editor.default\">\n\t\t\t\t<div class=\"elementor-widget-container\">\n\t\t\t\t\t\t\t\t\t<p><strong>Prodotti<\/strong>: \u017delodec di \u0160ebrelje, salami, salsicce, pancetta stagionata, zaseka\u2026<br>Offerta: degustazione, acquisto<\/p>\t\t\t\t\t\t\t\t<\/div>\n\t\t\t\t<\/div>\n\t\t\t\t<\/div>\n\t\t<div class=\"elementor-element elementor-element-db18e75 e-con-full e-flex e-con e-child\" data-id=\"db18e75\" data-element_type=\"container\" data-e-type=\"container\">\n\t\t\t\t<div class=\"elementor-element elementor-element-42d9c53 elementor-widget elementor-widget-image\" data-id=\"42d9c53\" data-element_type=\"widget\" data-e-type=\"widget\" data-widget_type=\"image.default\">\n\t\t\t\t<div class=\"elementor-widget-container\">\n\t\t\t\t\t\t\t\t\t\t\t\t\t\t\t<img decoding=\"async\" width=\"800\" height=\"453\" src=\"https:\/\/kendov-dvorec.com\/wp-content\/uploads\/2025\/09\/Kendov_dvorec_zelodec_1t.jpg\" class=\"attachment-large size-large wp-image-24166\" alt=\"\" srcset=\"https:\/\/kendov-dvorec.com\/wp-content\/uploads\/2025\/09\/Kendov_dvorec_zelodec_1t.jpg 900w, https:\/\/kendov-dvorec.com\/wp-content\/uploads\/2025\/09\/Kendov_dvorec_zelodec_1t-300x170.jpg 300w, https:\/\/kendov-dvorec.com\/wp-content\/uploads\/2025\/09\/Kendov_dvorec_zelodec_1t-768x435.jpg 768w\" sizes=\"(max-width: 800px) 100vw, 800px\" \/>\t\t\t\t\t\t\t\t\t\t\t\t\t\t\t<\/div>\n\t\t\t\t<\/div>\n\t\t\t\t<\/div>\n\t\t\t\t\t<\/div>\n\t\t\t\t<\/div>\n\t\t<div class=\"elementor-element elementor-element-f750bf6 e-flex e-con-boxed e-con e-parent\" data-id=\"f750bf6\" data-element_type=\"container\" data-e-type=\"container\" data-settings=\"{&quot;background_background&quot;:&quot;classic&quot;}\">\n\t\t\t\t\t<div class=\"e-con-inner\">\n\t\t<div class=\"elementor-element elementor-element-f0568a0 e-con-full e-flex e-con e-child\" data-id=\"f0568a0\" data-element_type=\"container\" data-e-type=\"container\">\n\t\t\t\t<div class=\"elementor-element elementor-element-c5a1e18 elementor-widget elementor-widget-image\" data-id=\"c5a1e18\" data-element_type=\"widget\" data-e-type=\"widget\" data-widget_type=\"image.default\">\n\t\t\t\t<div class=\"elementor-widget-container\">\n\t\t\t\t\t\t\t\t\t\t\t\t\t\t\t<img loading=\"lazy\" decoding=\"async\" width=\"800\" height=\"453\" src=\"https:\/\/kendov-dvorec.com\/wp-content\/uploads\/2025\/09\/Kendov_dvorec-crnakuhinja.jpg\" class=\"attachment-large size-large wp-image-24174\" alt=\"\" srcset=\"https:\/\/kendov-dvorec.com\/wp-content\/uploads\/2025\/09\/Kendov_dvorec-crnakuhinja.jpg 900w, https:\/\/kendov-dvorec.com\/wp-content\/uploads\/2025\/09\/Kendov_dvorec-crnakuhinja-300x170.jpg 300w, https:\/\/kendov-dvorec.com\/wp-content\/uploads\/2025\/09\/Kendov_dvorec-crnakuhinja-768x435.jpg 768w\" sizes=\"(max-width: 800px) 100vw, 800px\" \/>\t\t\t\t\t\t\t\t\t\t\t\t\t\t\t<\/div>\n\t\t\t\t<\/div>\n\t\t\t\t<\/div>\n\t\t<div class=\"elementor-element elementor-element-ee89cfb e-con-full e-flex e-con e-child\" data-id=\"ee89cfb\" data-element_type=\"container\" data-e-type=\"container\">\n\t\t\t\t<div class=\"elementor-element elementor-element-4d160cc elementor-widget elementor-widget-heading\" data-id=\"4d160cc\" data-element_type=\"widget\" data-e-type=\"widget\" data-widget_type=\"heading.default\">\n\t\t\t\t<div class=\"elementor-widget-container\">\n\t\t\t\t\t<h2 class=\"elementor-heading-title elementor-size-default\">La cucina nera<\/h2>\t\t\t\t<\/div>\n\t\t\t\t<\/div>\n\t\t\t\t<div class=\"elementor-element elementor-element-2c23331 elementor-widget elementor-widget-text-editor\" data-id=\"2c23331\" data-element_type=\"widget\" data-e-type=\"widget\" data-widget_type=\"text-editor.default\">\n\t\t\t\t<div class=\"elementor-widget-container\">\n\t\t\t\t\t\t\t\t\t<p>L\u2019ambiente ad arco, dove c\u2019era una volta la cucina nera con il focolare aperto, ricorda la tradizione degli antenati. Una volta odorava di pentole, oggi il luogo tranquillo invita a sedersi accanto al caminetto, mangiando i biscotti o gli struccoli del Kendov Dvorec, assaggiando le grappe e il vino locali o prendendo in mano un libro o un giornale. <\/p>\t\t\t\t\t\t\t\t<\/div>\n\t\t\t\t<\/div>\n\t\t\t\t<\/div>\n\t\t\t\t\t<\/div>\n\t\t\t\t<\/div>\n\t\t<div class=\"elementor-element elementor-element-d5e09d5 e-flex e-con-boxed e-con e-parent\" data-id=\"d5e09d5\" data-element_type=\"container\" data-e-type=\"container\">\n\t\t\t\t\t<div class=\"e-con-inner\">\n\t\t<div class=\"elementor-element elementor-element-3160248 e-con-full e-flex e-con e-child\" data-id=\"3160248\" data-element_type=\"container\" data-e-type=\"container\">\n\t\t\t\t<div class=\"elementor-element elementor-element-155bc1e elementor-widget elementor-widget-heading\" data-id=\"155bc1e\" data-element_type=\"widget\" data-e-type=\"widget\" data-widget_type=\"heading.default\">\n\t\t\t\t<div class=\"elementor-widget-container\">\n\t\t\t\t\t<h2 class=\"elementor-heading-title elementor-size-default\">La cameretta<\/h2>\t\t\t\t<\/div>\n\t\t\t\t<\/div>\n\t\t\t\t<div class=\"elementor-element elementor-element-4f2de8d elementor-widget elementor-widget-text-editor\" data-id=\"4f2de8d\" data-element_type=\"widget\" data-e-type=\"widget\" data-widget_type=\"text-editor.default\">\n\t\t\t\t<div class=\"elementor-widget-container\">\n\t\t\t\t\t\t\t\t\t<p>La cameretta \u00e8 un angolo piacevole per coppie o ospiti che desiderano privacy. La vista della Chiesa di Marija na Skalci che si offre alla finestra \u00e8 particolarmente piacevole la sera quando il campanile \u00e8 illuminato. La cameretta prende il nome dalla piccola stanza, cameretta appunto, in cui dormivano i bambini della famiglia Kenda.<br>   <\/p>\t\t\t\t\t\t\t\t<\/div>\n\t\t\t\t<\/div>\n\t\t\t\t<\/div>\n\t\t<div class=\"elementor-element elementor-element-bcea40d e-con-full e-flex e-con e-child\" data-id=\"bcea40d\" data-element_type=\"container\" data-e-type=\"container\">\n\t\t\t\t<div class=\"elementor-element elementor-element-af84211 elementor-widget elementor-widget-image\" data-id=\"af84211\" data-element_type=\"widget\" data-e-type=\"widget\" data-widget_type=\"image.default\">\n\t\t\t\t<div class=\"elementor-widget-container\">\n\t\t\t\t\t\t\t\t\t\t\t\t\t\t\t<img loading=\"lazy\" decoding=\"async\" width=\"800\" height=\"453\" src=\"https:\/\/kendov-dvorec.com\/wp-content\/uploads\/2025\/09\/Kendov_dvorec_kamrca-1024x580.jpg\" class=\"attachment-large size-large wp-image-24185\" alt=\"\" srcset=\"https:\/\/kendov-dvorec.com\/wp-content\/uploads\/2025\/09\/Kendov_dvorec_kamrca-1024x580.jpg 1024w, https:\/\/kendov-dvorec.com\/wp-content\/uploads\/2025\/09\/Kendov_dvorec_kamrca-300x170.jpg 300w, https:\/\/kendov-dvorec.com\/wp-content\/uploads\/2025\/09\/Kendov_dvorec_kamrca-768x435.jpg 768w, https:\/\/kendov-dvorec.com\/wp-content\/uploads\/2025\/09\/Kendov_dvorec_kamrca.jpg 1200w\" sizes=\"(max-width: 800px) 100vw, 800px\" \/>\t\t\t\t\t\t\t\t\t\t\t\t\t\t\t<\/div>\n\t\t\t\t<\/div>\n\t\t\t\t<\/div>\n\t\t\t\t\t<\/div>\n\t\t\t\t<\/div>\n\t\t\t\t<\/div>\n\t\t","protected":false},"excerpt":{"rendered":"<p>La sala di Hana La sala pi\u00f9 spaziosa del Kendov Dvorec, anticamente stalla del castello, oggi \u00e8 uno spazio elegantemente decorato destinato a feste, matrimoni, pranzi e cene. La sala di Hana ospita anche incontri di lavoro, presentazioni, corsi di formazione ed eventi culturali. La sala di Hana pu\u00f2 accogliere:Ricevimento: 100 ospitiDisposizione cinema: 80 \u2013 [&hellip;]<\/p>\n","protected":false},"author":1,"featured_media":2282,"parent":26716,"menu_order":5,"comment_status":"closed","ping_status":"closed","template":"elementor_header_footer","meta":{"footnotes":""},"class_list":["post-27144","page","type-page","status-publish","has-post-thumbnail","hentry"],"_links":{"self":[{"href":"https:\/\/kendov-dvorec.com\/it\/wp-json\/wp\/v2\/pages\/27144","targetHints":{"allow":["GET"]}}],"collection":[{"href":"https:\/\/kendov-dvorec.com\/it\/wp-json\/wp\/v2\/pages"}],"about":[{"href":"https:\/\/kendov-dvorec.com\/it\/wp-json\/wp\/v2\/types\/page"}],"author":[{"embeddable":true,"href":"https:\/\/kendov-dvorec.com\/it\/wp-json\/wp\/v2\/users\/1"}],"replies":[{"embeddable":true,"href":"https:\/\/kendov-dvorec.com\/it\/wp-json\/wp\/v2\/comments?post=27144"}],"version-history":[{"count":1,"href":"https:\/\/kendov-dvorec.com\/it\/wp-json\/wp\/v2\/pages\/27144\/revisions"}],"predecessor-version":[{"id":27145,"href":"https:\/\/kendov-dvorec.com\/it\/wp-json\/wp\/v2\/pages\/27144\/revisions\/27145"}],"up":[{"embeddable":true,"href":"https:\/\/kendov-dvorec.com\/it\/wp-json\/wp\/v2\/pages\/26716"}],"wp:featuredmedia":[{"embeddable":true,"href":"https:\/\/kendov-dvorec.com\/it\/wp-json\/wp\/v2\/media\/2282"}],"wp:attachment":[{"href":"https:\/\/kendov-dvorec.com\/it\/wp-json\/wp\/v2\/media?parent=27144"}],"curies":[{"name":"wp","href":"https:\/\/api.w.org\/{rel}","templated":true}]}}