{"id":27372,"date":"2017-08-30T11:12:11","date_gmt":"2017-08-30T10:12:11","guid":{"rendered":"https:\/\/kendov-dvorec.com\/ristorante\/"},"modified":"2026-03-25T20:37:09","modified_gmt":"2026-03-25T20:37:09","slug":"ristorante","status":"publish","type":"page","link":"https:\/\/kendov-dvorec.com\/it\/ristorante\/","title":{"rendered":"Ristorante"},"content":{"rendered":"\t\t<div data-elementor-type=\"wp-page\" data-elementor-id=\"27372\" class=\"elementor elementor-27372\" data-elementor-post-type=\"page\">\n\t\t\t\t<div class=\"elementor-element elementor-element-6cd6a9b e-flex e-con-boxed e-con e-parent\" data-id=\"6cd6a9b\" data-element_type=\"container\" data-e-type=\"container\" data-settings=\"{&quot;background_background&quot;:&quot;classic&quot;}\">\n\t\t\t\t\t<div class=\"e-con-inner\">\n\t\t\t\t\t<\/div>\n\t\t\t\t<\/div>\n\t\t<div class=\"elementor-element elementor-element-b847f1e e-flex e-con-boxed e-con e-parent\" data-id=\"b847f1e\" data-element_type=\"container\" data-e-type=\"container\">\n\t\t\t\t\t<div class=\"e-con-inner\">\n\t\t<div class=\"elementor-element elementor-element-ba83774 e-con-full e-flex e-con e-child\" data-id=\"ba83774\" data-element_type=\"container\" data-e-type=\"container\">\n\t\t\t\t<div class=\"elementor-element elementor-element-dcaa105 elementor-widget elementor-widget-heading\" data-id=\"dcaa105\" data-element_type=\"widget\" data-e-type=\"widget\" data-widget_type=\"heading.default\">\n\t\t\t\t<div class=\"elementor-widget-container\">\n\t\t\t\t\t<h3 class=\"elementor-heading-title elementor-size-default\">GASTRONOMIA<\/h3>\t\t\t\t<\/div>\n\t\t\t\t<\/div>\n\t\t\t\t<div class=\"elementor-element elementor-element-fc414e5 elementor-widget elementor-widget-heading\" data-id=\"fc414e5\" data-element_type=\"widget\" data-e-type=\"widget\" data-widget_type=\"heading.default\">\n\t\t\t\t<div class=\"elementor-widget-container\">\n\t\t\t\t\t<h1 class=\"elementor-heading-title elementor-size-default\">LA CUCINA DEL KENDOV DVOREC<\/h1>\t\t\t\t<\/div>\n\t\t\t\t<\/div>\n\t\t\t\t<div class=\"elementor-element elementor-element-75692e2 elementor-widget elementor-widget-heading\" data-id=\"75692e2\" data-element_type=\"widget\" data-e-type=\"widget\" data-widget_type=\"heading.default\">\n\t\t\t\t<div class=\"elementor-widget-container\">\n\t\t\t\t\t<h3 class=\"elementor-heading-title elementor-size-default\">La cucina del Kendov Dvorec \u00e8 poesia \u2013 originale e modestamente sofisticata.<\/h3>\t\t\t\t<\/div>\n\t\t\t\t<\/div>\n\t\t\t\t<div class=\"elementor-element elementor-element-882e842 elementor-widget elementor-widget-text-editor\" data-id=\"882e842\" data-element_type=\"widget\" data-e-type=\"widget\" data-widget_type=\"text-editor.default\">\n\t\t\t\t<div class=\"elementor-widget-container\">\n\t\t\t\t\t\t\t\t\t<p>Nella cucina del Kendov Dvorec prepariamo piatti secondo antiche ricette e con gli ingredienti freschi offerti dai dintorni. I men\u00f9 della casa quindi variano in base alla stagione. \u017dlikrofi (ravioli), bakalca (stufato di montone e verdure), baati, ajmoht (minestra di pollo), struccoli, le peculiarit\u00e0 della riscoperta cucina di Idrija riflettono la tradizione secolare e le abilit\u00e0 manuali delle nostre nonne.  <\/p>\t\t\t\t\t\t\t\t<\/div>\n\t\t\t\t<\/div>\n\t\t\t\t<div class=\"elementor-element elementor-element-8c00a87 elementor-align-left elementor-widget elementor-widget-button\" data-id=\"8c00a87\" data-element_type=\"widget\" data-e-type=\"widget\" data-widget_type=\"button.default\">\n\t\t\t\t<div class=\"elementor-widget-container\">\n\t\t\t\t\t\t\t\t\t<div class=\"elementor-button-wrapper\">\n\t\t\t\t\t<a class=\"elementor-button elementor-button-link elementor-size-sm\" href=\"mailto:info@kendov-dvorec.com\">\n\t\t\t\t\t\t<span class=\"elementor-button-content-wrapper\">\n\t\t\t\t\t\t\t\t\t<span class=\"elementor-button-text\">PRENOTATE LA CENA<\/span>\n\t\t\t\t\t<\/span>\n\t\t\t\t\t<\/a>\n\t\t\t\t<\/div>\n\t\t\t\t\t\t\t\t<\/div>\n\t\t\t\t<\/div>\n\t\t\t\t<div class=\"elementor-element elementor-element-2b3aeeb elementor-widget elementor-widget-heading\" data-id=\"2b3aeeb\" data-element_type=\"widget\" data-e-type=\"widget\" data-widget_type=\"heading.default\">\n\t\t\t\t<div class=\"elementor-widget-container\">\n\t\t\t\t\t<h3 class=\"elementor-heading-title elementor-size-default\">SAPORI ORIGINALI<\/h3>\t\t\t\t<\/div>\n\t\t\t\t<\/div>\n\t\t\t\t<div class=\"elementor-element elementor-element-af1dc55 elementor-widget-divider--view-line elementor-widget elementor-widget-divider\" data-id=\"af1dc55\" data-element_type=\"widget\" data-e-type=\"widget\" data-widget_type=\"divider.default\">\n\t\t\t\t<div class=\"elementor-widget-container\">\n\t\t\t\t\t\t\t<div class=\"elementor-divider\">\n\t\t\t<span class=\"elementor-divider-separator\">\n\t\t\t\t\t\t<\/span>\n\t\t<\/div>\n\t\t\t\t\t\t<\/div>\n\t\t\t\t<\/div>\n\t\t\t\t<\/div>\n\t\t<div class=\"elementor-element elementor-element-a1a612e e-con-full e-flex e-con e-child\" data-id=\"a1a612e\" data-element_type=\"container\" data-e-type=\"container\">\n\t\t\t\t<div class=\"elementor-element elementor-element-16ec982 elementor-widget elementor-widget-heading\" data-id=\"16ec982\" data-element_type=\"widget\" data-e-type=\"widget\" data-widget_type=\"heading.default\">\n\t\t\t\t<div class=\"elementor-widget-container\">\n\t\t\t\t\t<h3 class=\"elementor-heading-title elementor-size-default\">ORARI DI APERTURA DEL RISTORANTE<\/h3>\t\t\t\t<\/div>\n\t\t\t\t<\/div>\n\t\t\t\t<div class=\"elementor-element elementor-element-87909f3 elementor-widget elementor-widget-text-editor\" data-id=\"87909f3\" data-element_type=\"widget\" data-e-type=\"widget\" data-widget_type=\"text-editor.default\">\n\t\t\t\t<div class=\"elementor-widget-container\">\n\t\t\t\t\t\t\t\t\t<p>CENA<br>Tutte le sere: 19.00 &#8211; 21.00<br>(ultimo ordine alle 20.30)<\/p>\t\t\t\t\t\t\t\t<\/div>\n\t\t\t\t<\/div>\n\t\t\t\t<div class=\"elementor-element elementor-element-a6a77da elementor-widget elementor-widget-text-editor\" data-id=\"a6a77da\" data-element_type=\"widget\" data-e-type=\"widget\" data-widget_type=\"text-editor.default\">\n\t\t\t\t<div class=\"elementor-widget-container\">\n\t\t\t\t\t\t\t\t\t<p>Ogni sera potete scegliere tra due menu con cinque portate e un saluto dalla cucina \u2013 menu di pesce di <strong>Katarina e menu di carne di Jakob<\/strong> \u2013 oppure piatti individuali dal nostro menu \u00e0 la carte. Cambiamo i men\u00f9 ogni giorno. <\/p><p>Menu:<strong> 76 \u20ac<\/strong><br>Menu di vino: <strong>118 \u20ac<\/strong><br>Piatti individuali: <strong>8-28 \u20ac<\/strong><\/p><p>Gli ospiti dell&#8217;hotel e <strong>tutti gli amanti della buona cucina<\/strong> sono i benvenuti nel ristorante Kendova dvorka <strong>.<\/strong><\/p><p>I pranzi e le cene devono essere prenotati in anticipo al numero <strong>T: 05 37 25 100<\/strong> o al numero E: .<br><a href=\"mailto:info@kendov-dvorec.com\"><strong>E: info@kendov-dvorec.com.<\/strong><\/a><\/p><p>Vi preghiamo di informarci in anticipo su eventuali restrizioni o allergie alimentari.<\/p>\t\t\t\t\t\t\t\t<\/div>\n\t\t\t\t<\/div>\n\t\t\t\t<\/div>\n\t\t\t\t\t<\/div>\n\t\t\t\t<\/div>\n\t\t<div class=\"elementor-element elementor-element-3f6d9df e-flex e-con-boxed e-con e-parent\" data-id=\"3f6d9df\" data-element_type=\"container\" data-e-type=\"container\">\n\t\t\t\t\t<div class=\"e-con-inner\">\n\t\t<div class=\"elementor-element elementor-element-814a57a e-con-full e-flex e-con e-child\" data-id=\"814a57a\" data-element_type=\"container\" data-e-type=\"container\">\n\t\t<div class=\"elementor-element elementor-element-3dfd922 e-con-full e-flex e-con e-child\" data-id=\"3dfd922\" data-element_type=\"container\" data-e-type=\"container\">\n\t\t<div class=\"elementor-element elementor-element-6303632 e-con-full e-flex e-con e-child\" data-id=\"6303632\" data-element_type=\"container\" data-e-type=\"container\">\n\t\t\t\t<div class=\"elementor-element elementor-element-2ddbaf7 elementor-widget elementor-widget-heading\" data-id=\"2ddbaf7\" data-element_type=\"widget\" data-e-type=\"widget\" data-widget_type=\"heading.default\">\n\t\t\t\t<div class=\"elementor-widget-container\">\n\t\t\t\t\t<h1 class=\"elementor-heading-title elementor-size-default\">GLI NOSTRI CHEF<\/h1>\t\t\t\t<\/div>\n\t\t\t\t<\/div>\n\t\t\t\t<div class=\"elementor-element elementor-element-e328ff9 elementor-widget elementor-widget-heading\" data-id=\"e328ff9\" data-element_type=\"widget\" data-e-type=\"widget\" data-widget_type=\"heading.default\">\n\t\t\t\t<div class=\"elementor-widget-container\">\n\t\t\t\t\t<h3 class=\"elementor-heading-title elementor-size-default\">La cucina di Idrija riscoperta.<\/h3>\t\t\t\t<\/div>\n\t\t\t\t<\/div>\n\t\t\t\t<div class=\"elementor-element elementor-element-238d0ee elementor-widget elementor-widget-text-editor\" data-id=\"238d0ee\" data-element_type=\"widget\" data-e-type=\"widget\" data-widget_type=\"text-editor.default\">\n\t\t\t\t<div class=\"elementor-widget-container\">\n\t\t\t\t\t\t\t\t\t<p>Gli chef del Kendov Dvorec preparano piatti antichi provenienti dal ricco patrimonio gastronomico di Idria. Alla cucina tradizionale, che richiede molta manualit\u00e0 ed esperienza, aggiungono un tocco moderno grazie al quale risplendono sui piatti veri e propri capolavori. <\/p>\t\t\t\t\t\t\t\t<\/div>\n\t\t\t\t<\/div>\n\t\t\t\t<\/div>\n\t\t<div class=\"elementor-element elementor-element-c15ffcc e-con-full e-flex e-con e-child\" data-id=\"c15ffcc\" data-element_type=\"container\" data-e-type=\"container\">\n\t\t\t\t<div class=\"elementor-element elementor-element-270f2eb elementor-widget elementor-widget-image\" data-id=\"270f2eb\" data-element_type=\"widget\" data-e-type=\"widget\" data-widget_type=\"image.default\">\n\t\t\t\t<div class=\"elementor-widget-container\">\n\t\t\t\t\t\t\t\t\t\t\t\t\t\t\t<img fetchpriority=\"high\" decoding=\"async\" width=\"600\" height=\"800\" src=\"https:\/\/kendov-dvorec.com\/wp-content\/uploads\/images\/Klavdij2.jpg\" class=\"attachment-large size-large wp-image-3357\" alt=\"\" \/>\t\t\t\t\t\t\t\t\t\t\t\t\t\t\t<\/div>\n\t\t\t\t<\/div>\n\t\t\t\t<div class=\"elementor-element elementor-element-e634c05 elementor-widget elementor-widget-text-editor\" data-id=\"e634c05\" data-element_type=\"widget\" data-e-type=\"widget\" data-widget_type=\"text-editor.default\">\n\t\t\t\t<div class=\"elementor-widget-container\">\n\t\t\t\t\t\t\t\t\t<p>Klavdij Pirih<\/p>\t\t\t\t\t\t\t\t<\/div>\n\t\t\t\t<\/div>\n\t\t\t\t<\/div>\n\t\t<div class=\"elementor-element elementor-element-56f4235 e-con-full e-flex e-con e-child\" data-id=\"56f4235\" data-element_type=\"container\" data-e-type=\"container\">\n\t\t\t\t<div class=\"elementor-element elementor-element-cbe1cd5 elementor-widget elementor-widget-image\" data-id=\"cbe1cd5\" data-element_type=\"widget\" data-e-type=\"widget\" data-widget_type=\"image.default\">\n\t\t\t\t<div class=\"elementor-widget-container\">\n\t\t\t\t\t\t\t\t\t\t\t\t\t\t\t<img decoding=\"async\" width=\"600\" height=\"800\" src=\"https:\/\/kendov-dvorec.com\/wp-content\/uploads\/images\/Frane2.jpg\" class=\"attachment-large size-large wp-image-1187\" alt=\"\" \/>\t\t\t\t\t\t\t\t\t\t\t\t\t\t\t<\/div>\n\t\t\t\t<\/div>\n\t\t\t\t<div class=\"elementor-element elementor-element-7123ee0 elementor-widget elementor-widget-text-editor\" data-id=\"7123ee0\" data-element_type=\"widget\" data-e-type=\"widget\" data-widget_type=\"text-editor.default\">\n\t\t\t\t<div class=\"elementor-widget-container\">\n\t\t\t\t\t\t\t\t\t<p>Franci Pivk<\/p>\t\t\t\t\t\t\t\t<\/div>\n\t\t\t\t<\/div>\n\t\t\t\t<\/div>\n\t\t\t\t<\/div>\n\t\t\t\t<\/div>\n\t\t\t\t\t<\/div>\n\t\t\t\t<\/div>\n\t\t<div class=\"elementor-element elementor-element-47213b7 e-flex e-con-boxed e-con e-parent\" data-id=\"47213b7\" data-element_type=\"container\" data-e-type=\"container\">\n\t\t\t\t\t<div class=\"e-con-inner\">\n\t\t\t\t<div class=\"elementor-element elementor-element-cc6c907 elementor-widget elementor-widget-heading\" data-id=\"cc6c907\" data-element_type=\"widget\" data-e-type=\"widget\" data-widget_type=\"heading.default\">\n\t\t\t\t<div class=\"elementor-widget-container\">\n\t\t\t\t\t<h2 class=\"elementor-heading-title elementor-size-default\">GLI NOSTRI CHEF<\/h2>\t\t\t\t<\/div>\n\t\t\t\t<\/div>\n\t\t\t\t<div class=\"elementor-element elementor-element-5b1190b elementor-widget elementor-widget-image\" data-id=\"5b1190b\" data-element_type=\"widget\" data-e-type=\"widget\" data-widget_type=\"image.default\">\n\t\t\t\t<div class=\"elementor-widget-container\">\n\t\t\t\t\t\t\t\t\t\t\t\t\t\t\t<img decoding=\"async\" width=\"800\" height=\"683\" src=\"https:\/\/kendov-dvorec.com\/wp-content\/uploads\/images\/kuharji.jpg\" class=\"attachment-large size-large wp-image-5087\" alt=\"\" \/>\t\t\t\t\t\t\t\t\t\t\t\t\t\t\t<\/div>\n\t\t\t\t<\/div>\n\t\t\t\t<div class=\"elementor-element elementor-element-9a27166 e-transform elementor-widget-divider--view-line elementor-widget elementor-widget-divider\" data-id=\"9a27166\" data-element_type=\"widget\" data-e-type=\"widget\" data-settings=\"{&quot;_transform_rotateZ_effect&quot;:{&quot;unit&quot;:&quot;px&quot;,&quot;size&quot;:&quot;&quot;,&quot;sizes&quot;:[]},&quot;_transform_rotateZ_effect_tablet&quot;:{&quot;unit&quot;:&quot;deg&quot;,&quot;size&quot;:&quot;&quot;,&quot;sizes&quot;:[]},&quot;_transform_rotateZ_effect_mobile&quot;:{&quot;unit&quot;:&quot;deg&quot;,&quot;size&quot;:&quot;&quot;,&quot;sizes&quot;:[]}}\" data-widget_type=\"divider.default\">\n\t\t\t\t<div class=\"elementor-widget-container\">\n\t\t\t\t\t\t\t<div class=\"elementor-divider\">\n\t\t\t<span class=\"elementor-divider-separator\">\n\t\t\t\t\t\t<\/span>\n\t\t<\/div>\n\t\t\t\t\t\t<\/div>\n\t\t\t\t<\/div>\n\t\t\t\t\t<\/div>\n\t\t\t\t<\/div>\n\t\t<div class=\"elementor-element elementor-element-94dee27 e-flex e-con-boxed e-con e-parent\" data-id=\"94dee27\" data-element_type=\"container\" data-e-type=\"container\">\n\t\t\t\t\t<div class=\"e-con-inner\">\n\t\t<div class=\"elementor-element elementor-element-4267a67 e-con-full e-flex e-con e-child\" data-id=\"4267a67\" data-element_type=\"container\" data-e-type=\"container\">\n\t\t\t\t<div class=\"elementor-element elementor-element-315b2dc elementor-widget elementor-widget-image\" data-id=\"315b2dc\" data-element_type=\"widget\" data-e-type=\"widget\" data-widget_type=\"image.default\">\n\t\t\t\t<div class=\"elementor-widget-container\">\n\t\t\t\t\t\t\t\t\t\t\t\t\t\t\t<img loading=\"lazy\" decoding=\"async\" width=\"800\" height=\"534\" src=\"https:\/\/kendov-dvorec.com\/wp-content\/uploads\/images\/kendov_dvorec_dobavitelji.jpg\" class=\"attachment-large size-large wp-image-4997\" alt=\"\" \/>\t\t\t\t\t\t\t\t\t\t\t\t\t\t\t<\/div>\n\t\t\t\t<\/div>\n\t\t\t\t<\/div>\n\t\t<div class=\"elementor-element elementor-element-cd958e3 e-con-full e-flex e-con e-child\" data-id=\"cd958e3\" data-element_type=\"container\" data-e-type=\"container\">\n\t\t\t\t<div class=\"elementor-element elementor-element-de4dcb4 elementor-widget elementor-widget-heading\" data-id=\"de4dcb4\" data-element_type=\"widget\" data-e-type=\"widget\" data-widget_type=\"heading.default\">\n\t\t\t\t<div class=\"elementor-widget-container\">\n\t\t\t\t\t<h1 class=\"elementor-heading-title elementor-size-default\">DALLA NATURA<\/h1>\t\t\t\t<\/div>\n\t\t\t\t<\/div>\n\t\t\t\t<div class=\"elementor-element elementor-element-9d59c07 elementor-widget elementor-widget-heading\" data-id=\"9d59c07\" data-element_type=\"widget\" data-e-type=\"widget\" data-widget_type=\"heading.default\">\n\t\t\t\t<div class=\"elementor-widget-container\">\n\t\t\t\t\t<h3 class=\"elementor-heading-title elementor-size-default\">Fresco dai dintorni.<\/h3>\t\t\t\t<\/div>\n\t\t\t\t<\/div>\n\t\t\t\t<div class=\"elementor-element elementor-element-55ff47e elementor-widget elementor-widget-text-editor\" data-id=\"55ff47e\" data-element_type=\"widget\" data-e-type=\"widget\" data-widget_type=\"text-editor.default\">\n\t\t\t\t<div class=\"elementor-widget-container\">\n\t\t\t\t\t\t\t\t\t<p style=\"text-align: left;\">La maggior parte degli ingredienti della nostra cucina proviene dalle zone circostanti. Patate, barbabietole rosse, cavoli, rape, verze e carote crescono nei giardini del vicino villaggio montano di Ledine. La ricotta fresca proviene dalla valle Poljanska, la carne per i piatti di selvaggina, l\u2019agnello e i bovini giovani da Idrija e Cerkno, le trote dal fiume Trebu\u0161\u010dica. Cogliamo le mele per gli strudel fatti in casa nell\u2019orto davanti al Kendov Dvorec. Offriamo ai nostri ospiti il \u200b\u200bmeglio che ci viene offerto dalla natura vicina.    <\/p>\t\t\t\t\t\t\t\t<\/div>\n\t\t\t\t<\/div>\n\t\t\t\t<\/div>\n\t\t\t\t\t<\/div>\n\t\t\t\t<\/div>\n\t\t<div class=\"elementor-element elementor-element-ace8cc4 e-flex e-con-boxed e-con e-parent\" data-id=\"ace8cc4\" data-element_type=\"container\" data-e-type=\"container\">\n\t\t\t\t\t<div class=\"e-con-inner\">\n\t\t\t\t<div class=\"elementor-element elementor-element-9d6f5b2 e-transform elementor-widget-divider--view-line elementor-widget elementor-widget-divider\" data-id=\"9d6f5b2\" data-element_type=\"widget\" data-e-type=\"widget\" data-settings=\"{&quot;_transform_rotateZ_effect&quot;:{&quot;unit&quot;:&quot;px&quot;,&quot;size&quot;:&quot;&quot;,&quot;sizes&quot;:[]},&quot;_transform_rotateZ_effect_tablet&quot;:{&quot;unit&quot;:&quot;deg&quot;,&quot;size&quot;:&quot;&quot;,&quot;sizes&quot;:[]},&quot;_transform_rotateZ_effect_mobile&quot;:{&quot;unit&quot;:&quot;deg&quot;,&quot;size&quot;:&quot;&quot;,&quot;sizes&quot;:[]}}\" data-widget_type=\"divider.default\">\n\t\t\t\t<div class=\"elementor-widget-container\">\n\t\t\t\t\t\t\t<div class=\"elementor-divider\">\n\t\t\t<span class=\"elementor-divider-separator\">\n\t\t\t\t\t\t<\/span>\n\t\t<\/div>\n\t\t\t\t\t\t<\/div>\n\t\t\t\t<\/div>\n\t\t\t\t\t<\/div>\n\t\t\t\t<\/div>\n\t\t<div class=\"elementor-element elementor-element-350b50a e-flex e-con-boxed e-con e-parent\" data-id=\"350b50a\" data-element_type=\"container\" data-e-type=\"container\">\n\t\t\t\t\t<div class=\"e-con-inner\">\n\t\t<div class=\"elementor-element elementor-element-101aff1 e-con-full e-flex e-con e-child\" data-id=\"101aff1\" data-element_type=\"container\" data-e-type=\"container\">\n\t\t\t\t<div class=\"elementor-element elementor-element-69273b4 elementor-widget elementor-widget-heading\" data-id=\"69273b4\" data-element_type=\"widget\" data-e-type=\"widget\" data-widget_type=\"heading.default\">\n\t\t\t\t<div class=\"elementor-widget-container\">\n\t\t\t\t\t<h1 class=\"elementor-heading-title elementor-size-default\">VINI SELEZIONATI<\/h1>\t\t\t\t<\/div>\n\t\t\t\t<\/div>\n\t\t\t\t<div class=\"elementor-element elementor-element-847561f elementor-widget elementor-widget-heading\" data-id=\"847561f\" data-element_type=\"widget\" data-e-type=\"widget\" data-widget_type=\"heading.default\">\n\t\t\t\t<div class=\"elementor-widget-container\">\n\t\t\t\t\t<h3 class=\"elementor-heading-title elementor-size-default\">Naturale con naturale,\neccellente con eccellente.<\/h3>\t\t\t\t<\/div>\n\t\t\t\t<\/div>\n\t\t\t\t<div class=\"elementor-element elementor-element-ccc132d elementor-widget elementor-widget-text-editor\" data-id=\"ccc132d\" data-element_type=\"widget\" data-e-type=\"widget\" data-widget_type=\"text-editor.default\">\n\t\t\t\t<div class=\"elementor-widget-container\">\n\t\t\t\t\t\t\t\t\t<p style=\"text-align: left;\">Al Kendo Manor si presta molta attenzione affinch\u00e9 le specialit\u00e0 della casa abbiano un ottimo sapore e siano perfettamente accompagnate dai vini pregiati dei produttori di Primorska.<\/p><p>Leggi tutto&gt;&gt;<\/p>\t\t\t\t\t\t\t\t<\/div>\n\t\t\t\t<\/div>\n\t\t\t\t<\/div>\n\t\t<div class=\"elementor-element elementor-element-114b226 e-con-full e-flex e-con e-child\" data-id=\"114b226\" data-element_type=\"container\" data-e-type=\"container\">\n\t\t\t\t<div class=\"elementor-element elementor-element-782adc5 elementor-widget elementor-widget-image\" data-id=\"782adc5\" data-element_type=\"widget\" data-e-type=\"widget\" data-widget_type=\"image.default\">\n\t\t\t\t<div class=\"elementor-widget-container\">\n\t\t\t\t\t\t\t\t\t\t\t\t\t\t\t<img loading=\"lazy\" decoding=\"async\" width=\"800\" height=\"453\" src=\"https:\/\/kendov-dvorec.com\/wp-content\/uploads\/images\/Kendov-dvorec-wine-tasting2.jpg\" class=\"attachment-large size-large wp-image-1792\" alt=\"\" \/>\t\t\t\t\t\t\t\t\t\t\t\t\t\t\t<\/div>\n\t\t\t\t<\/div>\n\t\t\t\t<\/div>\n\t\t\t\t\t<\/div>\n\t\t\t\t<\/div>\n\t\t\t\t<\/div>\n\t\t","protected":false},"excerpt":{"rendered":"<p>GASTRONOMIA LA CUCINA DEL KENDOV DVOREC La cucina del Kendov Dvorec \u00e8 poesia \u2013 originale e modestamente sofisticata. Nella cucina del Kendov Dvorec prepariamo piatti secondo antiche ricette e con gli ingredienti freschi offerti dai dintorni. I men\u00f9 della casa quindi variano in base alla stagione. \u017dlikrofi (ravioli), bakalca (stufato di montone e verdure), baati, [&hellip;]<\/p>\n","protected":false},"author":1,"featured_media":2327,"parent":0,"menu_order":4,"comment_status":"closed","ping_status":"closed","template":"","meta":{"footnotes":""},"class_list":["post-27372","page","type-page","status-publish","has-post-thumbnail","hentry"],"_links":{"self":[{"href":"https:\/\/kendov-dvorec.com\/it\/wp-json\/wp\/v2\/pages\/27372","targetHints":{"allow":["GET"]}}],"collection":[{"href":"https:\/\/kendov-dvorec.com\/it\/wp-json\/wp\/v2\/pages"}],"about":[{"href":"https:\/\/kendov-dvorec.com\/it\/wp-json\/wp\/v2\/types\/page"}],"author":[{"embeddable":true,"href":"https:\/\/kendov-dvorec.com\/it\/wp-json\/wp\/v2\/users\/1"}],"replies":[{"embeddable":true,"href":"https:\/\/kendov-dvorec.com\/it\/wp-json\/wp\/v2\/comments?post=27372"}],"version-history":[{"count":1,"href":"https:\/\/kendov-dvorec.com\/it\/wp-json\/wp\/v2\/pages\/27372\/revisions"}],"predecessor-version":[{"id":27373,"href":"https:\/\/kendov-dvorec.com\/it\/wp-json\/wp\/v2\/pages\/27372\/revisions\/27373"}],"wp:featuredmedia":[{"embeddable":true,"href":"https:\/\/kendov-dvorec.com\/it\/wp-json\/wp\/v2\/media\/2327"}],"wp:attachment":[{"href":"https:\/\/kendov-dvorec.com\/it\/wp-json\/wp\/v2\/media?parent=27372"}],"curies":[{"name":"wp","href":"https:\/\/api.w.org\/{rel}","templated":true}]}}